{"id":9,"date":"2015-04-24T11:04:47","date_gmt":"2015-04-24T09:04:47","guid":{"rendered":"http:\/\/sts-oldenfelde.schulhomepages.hamburg.de\/?page_id=9"},"modified":"2025-12-16T11:14:48","modified_gmt":"2025-12-16T10:14:48","slug":"kontakte","status":"publish","type":"page","link":"https:\/\/sts-oldenfelde.hamburg.de\/?page_id=9","title":{"rendered":"Schulgemeinschaft"},"content":{"rendered":"<p><img loading=\"lazy\" decoding=\"async\" class=\"alignleft size-large wp-image-253495\" src=\"https:\/\/sts-oldenfelde.hamburg.de\/wp-content\/uploads\/sites\/173\/2025\/12\/2024_STS_Oldenfelde_Big-Shot-100x70-Kopie-1024x849.jpg\" alt=\"\" width=\"1024\" height=\"849\" srcset=\"https:\/\/sts-oldenfelde.hamburg.de\/wp-content\/uploads\/sites\/173\/2025\/12\/2024_STS_Oldenfelde_Big-Shot-100x70-Kopie-1024x849.jpg 1024w, https:\/\/sts-oldenfelde.hamburg.de\/wp-content\/uploads\/sites\/173\/2025\/12\/2024_STS_Oldenfelde_Big-Shot-100x70-Kopie-300x249.jpg 300w, https:\/\/sts-oldenfelde.hamburg.de\/wp-content\/uploads\/sites\/173\/2025\/12\/2024_STS_Oldenfelde_Big-Shot-100x70-Kopie-768x637.jpg 768w, https:\/\/sts-oldenfelde.hamburg.de\/wp-content\/uploads\/sites\/173\/2025\/12\/2024_STS_Oldenfelde_Big-Shot-100x70-Kopie.jpg 1500w\" sizes=\"auto, (max-width: 1024px) 100vw, 1024px\" \/><span style=\"color: #000000\">An der Stadtteilschule Oldenfelde <\/span>f\u00f6rdern wir unter dem Leitsatz <strong><span style=\"color: #ff6600\">Dein <span style=\"color: #ffcc00;font-size: 14pt\">Bestes<\/span><\/span> <span style=\"color: #666699\">geben<\/span> <\/strong>die Entwicklung unserer Sch\u00fclerinnen und Sch\u00fcler zu eigenst\u00e4ndigen, verantwortungsvollen und kompetenten Pers\u00f6nlichkeiten. Dabei legen wir gro\u00dfen Wert auf die St\u00e4rkung des gemeinschaftlichen Miteinanders und ein gutes Lernumfeld, in dem alle Mitglieder der Schulgemeinschaft ihr individuelles Leistungspotenzial optimal entwickeln k\u00f6nnen.<\/p>\n<p>An unserer Schule werden zur Zeit knapp 1200 Sch\u00fcler*innen von etwa 130 Lehrer*innen unterrichtet. Neun Sonderp\u00e4dagog*innen und neun Sozialp\u00e4dagog*innen unterst\u00fctzen unsere p\u00e4dagogische Arbeit in multiprofessionellen Teams. Zus\u00e4tzlich werden wir tatkr\u00e4ftig unterst\u00fctzt von unseren sechs Sekret\u00e4rinnen im Schulb\u00fcro, drei Mitarbeitern im Hausmeisterteam, um die 40 Kursleiter*innen und einer gro\u00dfen Zahl toller F\u00f6rderkurslehrer*innen.<\/p>\n<p><em>Foto: STS Oldefelde (Photoproduktion Symanzik)<\/em><\/p>\n","protected":false},"excerpt":{"rendered":"<p>An der Stadtteilschule Oldenfelde f\u00f6rdern wir unter dem Leitsatz Dein Bestes geben die Entwicklung unserer Sch\u00fclerinnen und Sch\u00fcler zu eigenst\u00e4ndigen, verantwortungsvollen und kompetenten Pers\u00f6nlichkeiten. Dabei legen wir gro\u00dfen Wert auf die St\u00e4rkung des gemeinschaftlichen&#46;&#46;&#46;<\/p>\n","protected":false},"author":728,"featured_media":0,"parent":0,"menu_order":0,"comment_status":"closed","ping_status":"closed","template":"","meta":{"_acf_changed":false,"footnotes":""},"class_list":["post-9","page","type-page","status-publish","hentry"],"acf":[],"_links":{"self":[{"href":"https:\/\/sts-oldenfelde.hamburg.de\/index.php?rest_route=\/wp\/v2\/pages\/9","targetHints":{"allow":["GET"]}}],"collection":[{"href":"https:\/\/sts-oldenfelde.hamburg.de\/index.php?rest_route=\/wp\/v2\/pages"}],"about":[{"href":"https:\/\/sts-oldenfelde.hamburg.de\/index.php?rest_route=\/wp\/v2\/types\/page"}],"author":[{"embeddable":true,"href":"https:\/\/sts-oldenfelde.hamburg.de\/index.php?rest_route=\/wp\/v2\/users\/728"}],"replies":[{"embeddable":true,"href":"https:\/\/sts-oldenfelde.hamburg.de\/index.php?rest_route=%2Fwp%2Fv2%2Fcomments&post=9"}],"version-history":[{"count":5,"href":"https:\/\/sts-oldenfelde.hamburg.de\/index.php?rest_route=\/wp\/v2\/pages\/9\/revisions"}],"predecessor-version":[{"id":253498,"href":"https:\/\/sts-oldenfelde.hamburg.de\/index.php?rest_route=\/wp\/v2\/pages\/9\/revisions\/253498"}],"wp:attachment":[{"href":"https:\/\/sts-oldenfelde.hamburg.de\/index.php?rest_route=%2Fwp%2Fv2%2Fmedia&parent=9"}],"curies":[{"name":"wp","href":"https:\/\/api.w.org\/{rel}","templated":true}]}}