{"id":80,"date":"2015-05-08T10:47:29","date_gmt":"2015-05-08T08:47:29","guid":{"rendered":"http:\/\/sts-oldenfelde.schulhomepages.hamburg.de\/?page_id=80"},"modified":"2026-01-07T18:24:50","modified_gmt":"2026-01-07T17:24:50","slug":"schulordnung-2","status":"publish","type":"page","link":"https:\/\/sts-oldenfelde.hamburg.de\/?page_id=80","title":{"rendered":"Schulordnung"},"content":{"rendered":"<p><strong>Pr\u00e4ambel<\/strong><br \/>\nDie Stadtteilschule Oldenfelde ist eine Schule f\u00fcr alle. Wir halten uns an die Gesetze unseres Landes. F\u00fcr die Schulorganisation sind das Hamburger Schulgesetz sowie die jeweils geltenden Ausbildungs- und Pr\u00fcfungsordnungen die Grundlage aller Entscheidungen. Die vorliegende Schulordnung verdeutlicht erg\u00e4nzend die wichtigsten Verhaltensregeln, die unser Zusammenleben bestimmen. Unsere Schulordnung gilt zu jeder Zeit f\u00fcr die gesamte Schulgemeinschaft (Sch\u00fcler:innen, Lehrkr\u00e4fte, Mitarbeiter:innen) auf dem gesamten Schulgel\u00e4nde.<\/p>\n<p><strong>1. Alle tragen zu einem Miteinander bei, mit dem sich alle wohlf\u00fchlen.<\/strong><br \/>\na) Alle sind fair, tolerant und nehmen R\u00fccksicht aufeinander.<br \/>\nb) Sch\u00fcler:innen folgen den Anweisungen der Lehrkr\u00e4fte und Mitarbeiter:innen unserer Schule.<br \/>\nc) Alle gehen vorsichtig und sorgsam mit den Materialien, R\u00e4umen, M\u00f6beln und Ger\u00e4ten der Schule um.<br \/>\nd) Alle halten das Schulgel\u00e4nde und die R\u00e4ume sauber und ordentlich.<br \/>\ne) Besch\u00e4digungen oder Beschmutzungen werden sofort der Klassenleitung oder dem Hausmeisterteam gemeldet.<\/p>\n<p><strong>2. Alle tragen zu einem st\u00f6rungsfreien Unterricht bei.<\/strong><br \/>\na) Alle kommen p\u00fcnktlich zum Unterricht.<br \/>\nb) Alle haben zu Unterrichtsbeginn ihre Arbeitsmaterialien bereit.<br \/>\nc) Alle halten sich an die Klassenregeln.<br \/>\nd) Alle verlassen den Unterrichtsraum nur mit Erlaubnis der Lehrkraft.<br \/>\ne) Die Lehrkraft beendet den Unterricht.<\/p>\n<p><strong>3. Sch\u00fcler:innen der Jahrg\u00e4nge 5-10 d\u00fcrfen das Schulgel\u00e4nde w\u00e4hrend der Unterrichtszeit und in den Pausen nur im Auftrag einer Lehrkraft verlassen.<\/strong><\/p>\n<p><strong>4. Alle Besucher:innen (z. B. Erziehungsberechtigte, Lehrkr\u00e4fte oder Sch\u00fcler:innen von anderen Schulen) ohne Termin melden sich beim Betreten des Schulgel\u00e4ndes im Schulb\u00fcro an.<\/strong><\/p>\n<p><strong>5. An unserer Schule ist die Nutzung digitaler Ger\u00e4te nur in bestimmten F\u00e4llen erlaubt.<\/strong><br \/>\na) Dazu geh\u00f6ren alle internetf\u00e4higen elektronischen Medien und ihr Zubeh\u00f6r wie z. B., Handys, Tablets und Laptops.<br \/>\nb) Die digitalen Ger\u00e4te der Sch\u00fcler:innen bleiben grunds\u00e4tzlich w\u00e4hrend des Schultages ausgeschaltet und unsichtbar.<br \/>\nc) F\u00fcr Sch\u00fcler:innen der Jahrg\u00e4nge 5 bis 7 gilt ein generelles Handyverbot.<br \/>\nd) Sch\u00fcler:innen nutzen das digitale Ger\u00e4t im Unterricht nur, wenn die Lehrkraft dazu auffordert, f\u00fcr den von ihr beschriebenen Zweck.<br \/>\ne) Sch\u00fcler:innen der Jahrg\u00e4nge 8-13 d\u00fcrfen au\u00dferhalb der Pausen ihre digitalen Ger\u00e4te in der Mensa nutzen.<br \/>\nf) Sch\u00fcler:innen der Jahrg\u00e4nge 11-13 d\u00fcrfen in den Pausen ihre digitalen Ger\u00e4te im Oberstufenbereich nutzen.<br \/>\ng) Foto-, Audio-, und Videoaufnahmen anderer Personen sind nur mit Erlaubnis zul\u00e4ssig.<br \/>\nh) Von Lehrkr\u00e4ften eingesammelte digitale Ger\u00e4te k\u00f6nnen von den Sch\u00fcler:innen nach der 6. Stunde bzw. nach Unterrichtsschluss abgeholt werden.<br \/>\ni) Vor einer Leistungs\u00fcberpr\u00fcfung bzw. -feststellung (Test, Pr\u00e4sentation, Klassenarbeit, Pr\u00fcfung) werden alle digitalen Ger\u00e4te im Raum an einem gemeinsamen \u00fcberschaubaren Ort gelagert. Hierzu geh\u00f6ren auch Smartwatches und Kopfh\u00f6rer.<\/p>\n<p><strong>6. Jede Form von Gewalt ist verboten.<\/strong><br \/>\na) Verboten sind k\u00f6rperliche Gewalt (z. B. schlagen, treten, schubsen, spucken) und Gewalt mit Worten (z. B. Beschimpfungen, anschreien, anfeuern von Streitigkeiten, bedrohen, pers\u00f6nliche Abwertung oder abwertende Gesten).<br \/>\nb) Waffen jeglicher Art wie Messer, Reizgas, aber auch Spielzeugpistolen sind nicht erlaubt. Gegenst\u00e4nde d\u00fcrfen nicht als Waffen benutzt werden.<br \/>\nc) Alle zeigen Zivilcourage und holen Hilfe, wenn sie Formen von Gewalt sehen.<\/p>\n<p><strong>7. Der Besitz, Konsum, Handel und die Weitergabe von illegalen Drogen und Cannabis sowie<\/strong> <strong>Alkohol sind verboten.<\/strong><br \/>\na) Auf dem Schulgel\u00e4nde ist jede Art zu Rauchen (z. B. Zigaretten, Vapes, E-Liquids) grunds\u00e4tzlich verboten.<br \/>\nb) Ein Schulbesuch unter dem Einfluss von Alkohol, Cannabis und anderen illegalen Drogen ist verboten.<br \/>\nc) Alkoholische Getr\u00e4nke sind in der Schule und auf schulischen Veranstaltungen grunds\u00e4tzlich untersagt. Ausnahmen bed\u00fcrfen im Einzelfall der Genehmigung der Schulleitung.<\/p>\n<p><strong>8. Besondere Bereiche der Schule haben zus\u00e4tzliche Regeln.<\/strong><br \/>\na) Dazu geh\u00f6ren zum Beispiel die Mensa, die aktive Pause, die Sporthalle, das Studienzentrum, die Fachr\u00e4ume sowie der Schulgarten.<br \/>\nb) Die Regeln stehen im Schulplaner oder h\u00e4ngen an den jeweiligen Orten aus.<\/p>\n<p><strong>9. Verst\u00f6\u00dfe gegen die Schulordnung haben Folgen, zum Beispiel:<\/strong><br \/>\na) normenverdeutlichende Gespr\u00e4che<br \/>\nb) Mitteilungen an die Erziehungsberechtigten<br \/>\nc) Wiedergutmachungen\/ Ersatz der zerst\u00f6rten Gegenst\u00e4nde<br \/>\nd) Nachholen von verpasster Unterrichtszeit<br \/>\ne) Abgabe nicht erlaubter Gegenst\u00e4nde<br \/>\nf) Weitere Ordnungs- und Erziehungsma\u00dfnahmen nach dem Schulgesetz<br \/>\ng) Einschaltung der Polizei zur Einleitung weiterer Ma\u00dfnahmen<\/p>\n<p>Diese Schulordnung wurde am 11.02.2025 von der Schulkonferenz nach Beratung mit dem Personalrat, Sch\u00fclerrat, Elternrat und der Lehrerkonferenz verabschiedet und nach Schulkonferenzbeschluss vom 09.12.25 um die Streichung der Handyzone erg\u00e4nzt.<\/p>\n","protected":false},"excerpt":{"rendered":"<p>Pr\u00e4ambel Die Stadtteilschule Oldenfelde ist eine Schule f\u00fcr alle. Wir halten uns an die Gesetze unseres Landes. F\u00fcr die Schulorganisation sind das Hamburger Schulgesetz sowie die jeweils geltenden Ausbildungs- und Pr\u00fcfungsordnungen die Grundlage aller&#46;&#46;&#46;<\/p>\n","protected":false},"author":728,"featured_media":0,"parent":0,"menu_order":0,"comment_status":"open","ping_status":"closed","template":"","meta":{"_acf_changed":false,"footnotes":""},"class_list":["post-80","page","type-page","status-publish","hentry"],"acf":[],"_links":{"self":[{"href":"https:\/\/sts-oldenfelde.hamburg.de\/index.php?rest_route=\/wp\/v2\/pages\/80","targetHints":{"allow":["GET"]}}],"collection":[{"href":"https:\/\/sts-oldenfelde.hamburg.de\/index.php?rest_route=\/wp\/v2\/pages"}],"about":[{"href":"https:\/\/sts-oldenfelde.hamburg.de\/index.php?rest_route=\/wp\/v2\/types\/page"}],"author":[{"embeddable":true,"href":"https:\/\/sts-oldenfelde.hamburg.de\/index.php?rest_route=\/wp\/v2\/users\/728"}],"replies":[{"embeddable":true,"href":"https:\/\/sts-oldenfelde.hamburg.de\/index.php?rest_route=%2Fwp%2Fv2%2Fcomments&post=80"}],"version-history":[{"count":4,"href":"https:\/\/sts-oldenfelde.hamburg.de\/index.php?rest_route=\/wp\/v2\/pages\/80\/revisions"}],"predecessor-version":[{"id":253555,"href":"https:\/\/sts-oldenfelde.hamburg.de\/index.php?rest_route=\/wp\/v2\/pages\/80\/revisions\/253555"}],"wp:attachment":[{"href":"https:\/\/sts-oldenfelde.hamburg.de\/index.php?rest_route=%2Fwp%2Fv2%2Fmedia&parent=80"}],"curies":[{"name":"wp","href":"https:\/\/api.w.org\/{rel}","templated":true}]}}