{"id":71,"date":"2015-05-06T15:49:27","date_gmt":"2015-05-06T13:49:27","guid":{"rendered":"http:\/\/sts-oldenfelde.schulhomepages.hamburg.de\/?page_id=71"},"modified":"2023-06-09T10:10:56","modified_gmt":"2023-06-09T08:10:56","slug":"klimaschule","status":"publish","type":"page","link":"https:\/\/sts-oldenfelde.hamburg.de\/?page_id=71","title":{"rendered":"Klimaschule"},"content":{"rendered":"<p><img loading=\"lazy\" decoding=\"async\" class=\" wp-image-251663 alignleft\" src=\"https:\/\/sts-oldenfelde.hamburg.de\/wp-content\/uploads\/sites\/173\/2023\/06\/LI_Klimaschule_Guetes_2023_2024-300x300.jpg\" alt=\"\" width=\"219\" height=\"219\" srcset=\"https:\/\/sts-oldenfelde.hamburg.de\/wp-content\/uploads\/sites\/173\/2023\/06\/LI_Klimaschule_Guetes_2023_2024-300x300.jpg 300w, https:\/\/sts-oldenfelde.hamburg.de\/wp-content\/uploads\/sites\/173\/2023\/06\/LI_Klimaschule_Guetes_2023_2024-1024x1024.jpg 1024w, https:\/\/sts-oldenfelde.hamburg.de\/wp-content\/uploads\/sites\/173\/2023\/06\/LI_Klimaschule_Guetes_2023_2024-150x150.jpg 150w, https:\/\/sts-oldenfelde.hamburg.de\/wp-content\/uploads\/sites\/173\/2023\/06\/LI_Klimaschule_Guetes_2023_2024-768x768.jpg 768w, https:\/\/sts-oldenfelde.hamburg.de\/wp-content\/uploads\/sites\/173\/2023\/06\/LI_Klimaschule_Guetes_2023_2024-80x80.jpg 80w, https:\/\/sts-oldenfelde.hamburg.de\/wp-content\/uploads\/sites\/173\/2023\/06\/LI_Klimaschule_Guetes_2023_2024-320x320.jpg 320w, https:\/\/sts-oldenfelde.hamburg.de\/wp-content\/uploads\/sites\/173\/2023\/06\/LI_Klimaschule_Guetes_2023_2024.jpg 1181w\" sizes=\"auto, (max-width: 219px) 100vw, 219px\" \/>Die Stadtteilschule Oldenfelde bleibt weiterhin Klimaschule und unser f\u00fcnfter&nbsp;<a href=\"https:\/\/sts-oldenfelde.hamburg.de\/wp-content\/uploads\/sites\/173\/2022\/11\/KSP-2022-STS-Oldenfelde_2022-11-01.pdf\">Klimaschutzplan<\/a> ist bereits erstellt (und hier finden Sie die&nbsp;<a href=\"https:\/\/sts-oldenfelde.hamburg.de\/wp-content\/uploads\/sites\/173\/2022\/11\/Ausfuehrungen-zur-Exceltabelle-STS-Oldenfelde_2022.pdf\" target=\"_blank\" rel=\"noopener\">Ausf\u00fchrungen zum Klimaschutzplan der STS Oldenfelde_2022<\/a>). F\u00fcr uns als Schulgemeinschaft hei\u00dft dies weiterhin, sowohl an bew\u00e4hrten Ma\u00dfnahmen festzuhalten als auch neue Wege zu gehen, um gerade im Hinblick unseren Status als Medienschule noch bewusster mit dem Stromverbrauch an unserer Schule umzugehen.<\/p>\n<p>&nbsp;<\/p>\n<blockquote><p>Der Gedanke an unsere wunderbare Atmosph\u00e4re mit ihren vielf\u00e4ltigen Bez\u00fcgen zum menschlichen Leben, wie zu allem Leben, hat mich zu diesem Aufschrei f\u00fcr die Kinder und f\u00fcr die emp\u00f6rte Menschheit gen\u00f6tigt &#8230; Stellen Sie alles dem hintan &#8230; Geben Sie Ihre Stimme keinem, der sagt: \u201eDas kann nicht getan werden.\u201c W\u00e4hlen Sie diejenigen, die erkl\u00e4ren: \u201eEs wird getan werden.\u201c<br \/>\n<em>Zitat von Alfred Russel Wallace, Des Menschen Stellung im Weltall, 1903<\/em><\/p><\/blockquote>\n<p>&nbsp;<\/p>\n<p><img loading=\"lazy\" decoding=\"async\" class=\"wp-image-244107 alignnone\" src=\"https:\/\/sts-oldenfelde.hamburg.de\/wp-content\/uploads\/sites\/173\/2020\/02\/klima2-300x300.jpg\" alt=\"\" width=\"231\" height=\"231\" srcset=\"https:\/\/sts-oldenfelde.hamburg.de\/wp-content\/uploads\/sites\/173\/2020\/02\/klima2-300x300.jpg 300w, https:\/\/sts-oldenfelde.hamburg.de\/wp-content\/uploads\/sites\/173\/2020\/02\/klima2-150x150.jpg 150w, https:\/\/sts-oldenfelde.hamburg.de\/wp-content\/uploads\/sites\/173\/2020\/02\/klima2-160x160.jpg 160w, https:\/\/sts-oldenfelde.hamburg.de\/wp-content\/uploads\/sites\/173\/2020\/02\/klima2-320x320.jpg 320w, https:\/\/sts-oldenfelde.hamburg.de\/wp-content\/uploads\/sites\/173\/2020\/02\/klima2.jpg 476w\" sizes=\"auto, (max-width: 231px) 100vw, 231px\" \/>&nbsp;&nbsp;<img loading=\"lazy\" decoding=\"async\" class=\"alignnone wp-image-244108\" src=\"https:\/\/sts-oldenfelde.hamburg.de\/wp-content\/uploads\/sites\/173\/2020\/02\/klima3-300x248.jpg\" alt=\"\" width=\"279\" height=\"231\" srcset=\"https:\/\/sts-oldenfelde.hamburg.de\/wp-content\/uploads\/sites\/173\/2020\/02\/klima3-300x248.jpg 300w, https:\/\/sts-oldenfelde.hamburg.de\/wp-content\/uploads\/sites\/173\/2020\/02\/klima3-768x635.jpg 768w, https:\/\/sts-oldenfelde.hamburg.de\/wp-content\/uploads\/sites\/173\/2020\/02\/klima3-1024x847.jpg 1024w, https:\/\/sts-oldenfelde.hamburg.de\/wp-content\/uploads\/sites\/173\/2020\/02\/klima3.jpg 1455w\" sizes=\"auto, (max-width: 279px) 100vw, 279px\" \/><img loading=\"lazy\" decoding=\"async\" class=\"alignnone wp-image-244106\" src=\"https:\/\/sts-oldenfelde.hamburg.de\/wp-content\/uploads\/sites\/173\/2020\/02\/klima1-225x300.jpg\" alt=\"\" width=\"173\" height=\"230\" srcset=\"https:\/\/sts-oldenfelde.hamburg.de\/wp-content\/uploads\/sites\/173\/2020\/02\/klima1-225x300.jpg 225w, https:\/\/sts-oldenfelde.hamburg.de\/wp-content\/uploads\/sites\/173\/2020\/02\/klima1-768x1024.jpg 768w, https:\/\/sts-oldenfelde.hamburg.de\/wp-content\/uploads\/sites\/173\/2020\/02\/klima1.jpg 864w\" sizes=\"auto, (max-width: 173px) 100vw, 173px\" \/><\/p>\n<p>Das G\u00fctesiegel \u201eKlimaschule\u201c wird jeweils f\u00fcr zwei Jahre vergeben. Um es erneuert zu erhalten, wird gepr\u00fcft, ob die geplanten Klimaschutzaktivit\u00e4ten umgesetzt wurden und der <a href=\"https:\/\/sts-oldenfelde.hamburg.de\/wp-content\/uploads\/sites\/173\/2022\/11\/KSP-2022-STS-Oldenfelde_2022-11-01.pdf\">Klimaschutzplan<\/a> erfolgreich fortgeschrieben ist. Dies ist Ende des Jahres 2020 der Fall. Beim <a href=\"https:\/\/sts-oldenfelde.hamburg.de\/wp-content\/uploads\/sites\/173\/2022\/11\/KSP-2022-STS-Oldenfelde_2022-11-01.pdf\">Klimaschutzplan<\/a> geht es sowohl um die Reduzierung des schulischen CO2-Aussto\u00dfes als auch um einen p\u00e4dagogischen Auftrag. Wichtig ist in diesem Zusammenhang die Bewusstseinsbildung der Sch\u00fclerinnen und Sch\u00fcler und die Vorbildfunktion von Lehrkr\u00e4ften und Eltern.<\/p>\n<p>Die STS Oldenfelde handelt jetzt seit acht Jahren. Mit der Gr\u00fcndung der Klima AG (eine Zusammensetzung von acht Lehrern) und der Benennung von zwei Klimaschutzbeauftragten l\u00e4uft das Projekt weiter. In Zusammenarbeit mit unserem Klimaberater vom LI ist ein <a href=\"https:\/\/sts-oldenfelde.hamburg.de\/wp-content\/uploads\/sites\/173\/2022\/11\/KSP-2022-STS-Oldenfelde_2022-11-01.pdf\">Klimaschutzplan<\/a> mit vielen Handlungsfeldern erarbeitet worden, die in den AG-Treffen \u00fcberpr\u00fcft, erg\u00e4nzt bzw. erweitert werden.<br \/>\nAn unserer Schule planen wir eine Reduzierung unserer CO2-Emissionen bis Ende 2020 um 23% (in Bezug auf das Jahr 2007). Des Weiteren haben wir seit 2012 bereits \u00fcber 60 Einzelma\u00dfnahmen ergriffen \u2013 teilweise in laufender, sich j\u00e4hrlich wiederholender \u2013 Umsetzung in den Bereichen Mobilit\u00e4t, Ern\u00e4hrung, Abfall, Strom, W\u00e4rme und im handlungsfeld\u00fcbergreifendem Bereich (hier geht es insbesondere um die Information und Sensibilisierung der Schulgemeinschaft). Weitere Informationen zu unseren Aktivit\u00e4ten in diesem Bereich finden Sie <a href=\"https:\/\/sts-oldenfelde.hamburg.de\/?page_id=128\">hier<\/a> .<\/p>\n<p>Den umfangreichen <a href=\"https:\/\/sts-oldenfelde.hamburg.de\/wp-content\/uploads\/sites\/173\/2022\/11\/KSP-2022-STS-Oldenfelde_2022-11-01.pdf\">Klimaschutzplan<\/a> f\u00fcr unsere Schule hat die Klima AG erarbeitet, der sich Lehrerinnen und Lehrer aus den verschiedensten Fachbereichen angeschlossen hat.\u2028Insgesamt planen alle zur Zeit 69 Hamburger Klimaschulen bis zum Ende des Jahres 2020 \u00fcber 2600 Ma\u00dfnahmen. Damit sparen die Schulen dann j\u00e4hrlich \u00fcber 6500 Tonnen CO2 ein. Das entspricht in etwa dem Aussto\u00df von 15 mittelgro\u00dfen Schulen pro Jahr.<\/p>\n<blockquote><p>&nbsp;<\/p>\n<p>&nbsp;<\/p>\n<p>&nbsp;<\/p><\/blockquote>\n<p>&nbsp;<\/p>\n","protected":false},"excerpt":{"rendered":"<p>Die Stadtteilschule Oldenfelde bleibt weiterhin Klimaschule und unser f\u00fcnfter&nbsp;Klimaschutzplan ist bereits erstellt (und hier finden Sie die&nbsp;Ausf\u00fchrungen zum Klimaschutzplan der STS Oldenfelde_2022). F\u00fcr uns als Schulgemeinschaft hei\u00dft dies weiterhin, sowohl an bew\u00e4hrten Ma\u00dfnahmen festzuhalten&#46;&#46;&#46;<\/p>\n","protected":false},"author":728,"featured_media":0,"parent":0,"menu_order":0,"comment_status":"closed","ping_status":"closed","template":"","meta":{"_acf_changed":false,"footnotes":""},"class_list":["post-71","page","type-page","status-publish","hentry"],"acf":[],"_links":{"self":[{"href":"https:\/\/sts-oldenfelde.hamburg.de\/index.php?rest_route=\/wp\/v2\/pages\/71","targetHints":{"allow":["GET"]}}],"collection":[{"href":"https:\/\/sts-oldenfelde.hamburg.de\/index.php?rest_route=\/wp\/v2\/pages"}],"about":[{"href":"https:\/\/sts-oldenfelde.hamburg.de\/index.php?rest_route=\/wp\/v2\/types\/page"}],"author":[{"embeddable":true,"href":"https:\/\/sts-oldenfelde.hamburg.de\/index.php?rest_route=\/wp\/v2\/users\/728"}],"replies":[{"embeddable":true,"href":"https:\/\/sts-oldenfelde.hamburg.de\/index.php?rest_route=%2Fwp%2Fv2%2Fcomments&post=71"}],"version-history":[{"count":20,"href":"https:\/\/sts-oldenfelde.hamburg.de\/index.php?rest_route=\/wp\/v2\/pages\/71\/revisions"}],"predecessor-version":[{"id":251666,"href":"https:\/\/sts-oldenfelde.hamburg.de\/index.php?rest_route=\/wp\/v2\/pages\/71\/revisions\/251666"}],"wp:attachment":[{"href":"https:\/\/sts-oldenfelde.hamburg.de\/index.php?rest_route=%2Fwp%2Fv2%2Fmedia&parent=71"}],"curies":[{"name":"wp","href":"https:\/\/api.w.org\/{rel}","templated":true}]}}