{"id":68,"date":"2015-05-06T12:39:40","date_gmt":"2015-05-06T10:39:40","guid":{"rendered":"http:\/\/sts-oldenfelde.schulhomepages.hamburg.de\/?page_id=68"},"modified":"2025-01-05T12:12:08","modified_gmt":"2025-01-05T11:12:08","slug":"mittagstisch","status":"publish","type":"page","link":"https:\/\/sts-oldenfelde.hamburg.de\/?page_id=68","title":{"rendered":"Mittagessen"},"content":{"rendered":"<p><a href=\"http:\/\/www.kitz-catering.de\"><img loading=\"lazy\" decoding=\"async\" class=\"alignleft size-full wp-image-244870\" src=\"https:\/\/sts-oldenfelde.hamburg.de\/wp-content\/uploads\/sites\/173\/2020\/08\/image001.png\" alt=\"\" width=\"250\" height=\"119\"><\/a><\/p>\n<p align=\"LEFT\">Unsere gro\u00dfe Mensa nutzen wir gemeinsam mit dem benachbarten Gymnasium. Die Sch\u00fclerinnen und Sch\u00fcler und nat\u00fcrlich auch die Lehrerinnen und Lehrer beider Schulen werden hier von unserem neuen Caterer <b>\u201e<a href=\"http:\/\/www.kitz-catering.de\"><span style=\"color: #0000ee\"><u>Kitz-Catering<\/u><\/span><\/a>\u201c&nbsp;<\/b>mit &nbsp;frisch zubereitetem Essen versorgt.&nbsp;Zur Auswahl stehen jeden Tag ein vegetarisches Essen, mindestens drei mal die Woche ein Essen mit Fleisch und ein Pastagericht, zus\u00e4tzlich kann sich am reichhaltigen Salatb\u00fcffet bedient werden. Das Ziel von Kitz Catering ist es, den Kindern eine bunte Mischung an gesunden Lebensmitteln, gepaart mit ihren Lieblingsgerichten zu servieren.<\/p>\n<p align=\"LEFT\"><img loading=\"lazy\" decoding=\"async\" class=\"wp-image-244112 alignright\" src=\"https:\/\/sts-oldenfelde.hamburg.de\/wp-content\/uploads\/sites\/173\/2020\/02\/mensa-240x300.jpg\" alt=\"\" width=\"277\" height=\"346\">Ein Mittagessen kostet 4,70 \u20ac (f\u00fcr Empf\u00e4nger von Sozialleistungen ist das Essen im Bildungspaket enthalten). Bezahlen kann man einfach per Mensakarte, die vor Ort oder per \u00dcberweisung aufgeladen werden kann oder auch mit Bargeld.<\/p>\n<blockquote><p>Zum Bestellsystem kommen Sie \u00fcber diesen <a href=\"https:\/\/oldenfelde.sams-on.de\/\"><strong>Link<\/strong>;<\/a>&nbsp;den aktuellen Speiseplan finden Sie <strong><a href=\"https:\/\/oldenfelde.sams-on.de\/public\/php?action=foodplan&amp;week=thisWeek&amp;scroll=true\" target=\"_blank\" rel=\"noopener\">hier. <\/a>&nbsp;<br \/>\n<\/strong>Die Kontoverbindung des Caterers, um Guthaben auf die Mensa-Karte zu laden, hat sich ge\u00e4ndert:<\/p>\n<p>Marie Schlott \u2013 Kitz-Catering<br \/>\nIBAN: DE70 2005 0550 1504 0661 25<br \/>\nBIC: HASPDEHHXXX<br \/>\nVerwendungszweck: Ausweisnummer, Name des Kindes&nbsp;<\/p><\/blockquote>\n<p align=\"LEFT\">Wenn gerade nicht gegessen wird, nutzen viele Sch\u00fclerinnen und Sch\u00fcler die Aula vor der Schule oder auch in Freistunden als entspannten R\u00fcckzugsort zum Erledigen von Hausaufgaben oder einfach zum Reden.<\/p>\n<p align=\"LEFT\">&nbsp;<\/p>\n<p align=\"LEFT\"><strong>Kiosk <\/strong><\/p>\n<p align=\"LEFT\">Auch eine ausgewogene Zwischenmahlzeit ist ein wichtiger Grundstein f\u00fcr das Wohlbefinden und die Leistungsf\u00e4higkeit. Den Start in den Tag unterst\u00fctzen wir optimal mit einem kleinen Fr\u00fchst\u00fcck. Auch wenn der Hunger zwischendurch zu gro\u00df wird, bieten wir ein wechselndes und vielseitiges Sortiment an, das wir &nbsp;gr\u00f6\u00dftenteils selbst herstellen. Auch hier gelten die Richtlinien der DGE.<\/p>\n<p align=\"LEFT\">&nbsp;<\/p>\n<h4>\u00dcber Kitz-Catering<\/h4>\n<p><a href=\"http:\/\/www.kitz-catering.de\"><img loading=\"lazy\" decoding=\"async\" class=\"alignleft wp-image-244870\" src=\"https:\/\/sts-oldenfelde.hamburg.de\/wp-content\/uploads\/sites\/173\/2020\/08\/image001.png\" alt=\"\" width=\"229\" height=\"109\"><\/a>Eine Schulkantine hat eine wichtige Aufgabe: Kindern eine gesunde und ausgewogene Mahlzeit zu bieten. Gesundes Essen stellt ebenso die Weichen f\u00fcr die heutige und sp\u00e4tere Gesundheit und Leistungsf\u00e4higkeit, wie eine gute Schulbildung. Eine ausgewogene Ern\u00e4hrung ist dar\u00fcber hinaus die Voraussetzung f\u00fcr Leistung und Konzentration im Schulalltag.<\/p>\n<p>Die Schulverpflegung steuert die Essgewohnheiten von Kindern. Kitz Catering wird die kulinarischen Vorlieben der Sch\u00fcler ebenso ber\u00fccksichtigen, wie ausgewogene und abwechslungsreiche Kost auf den Speiseplan bringen. Wie immer im Leben kommt es auf die Mischung an. Kitz Catering findet einen Kompromiss zwischen den Essgewohnheiten der Sch\u00fcler und den Anforderungen an eine gesunde Ern\u00e4hrung nach den Richtlinien der DGE.<\/p>\n<blockquote><p><strong>Unser Essen<\/strong><\/p>\n<p>Gem\u00fcse-Liebhaber.<br \/>\nJedes Mittagessen bei Kitz Catering enth\u00e4lt mindestens eine Komponente Gem\u00fcse, frischen Salat oder knackige Rohkost.<\/p>\n<p>Obst-Junkies.<br \/>\nObst als Abschluss des Mittagessens finden wir super und bieten es daher 3 x pro Woche an, auf Wunsch auch gerne \u00f6fter.<\/p>\n<p>Frische-Fanatiker.<br \/>\nUnser Credo: nur wer selbst kocht, kann entscheiden, welche Zutaten im Essen landen.<\/p>\n<p><strong>Kitz Catering kocht\u2026<\/strong><\/p>\n<p>\u2026salzarm &amp; zuckerreduziert!<br \/>\nKinder m\u00f6gen keine stark gew\u00fcrzten Gerichte. Zudem sind zu viel Salz und Zucker auch noch ungesund. Ein guter Grund f\u00fcr uns, den Salz- und Zuckergehalt in unseren Gerichten auf ein Minimum zu reduzieren.<\/p>\n<p>\u2026abwechslungsreich!<br \/>\nNudeln mit Tomatenso\u00dfe ist zwar der Renner bei Kindern, allerdings sollte dieses Gericht deshalb nicht jede Woche auf dem Speiseplan stehen. Wir folgen bei unseren Speisepl\u00e4nen keinen festen Rhythmus, sondern richten uns nach Saison, Angebot und den W\u00fcnschen unserer G\u00e4ste.<\/p>\n<p>\u2026nachhaltig!<strong><br \/>\n<\/strong>Wir vertreten die Meinung: t\u00e4glicher Fleischkonsum ist umweltsch\u00e4dlich und muss nicht sein! Fleischgerichte stehen daher nur&nbsp;3&nbsp;x pro Woche auf dem Speiseplan.<\/p><\/blockquote>\n<p>&nbsp;<\/p>\n","protected":false},"excerpt":{"rendered":"<p>Unsere gro\u00dfe Mensa nutzen wir gemeinsam mit dem benachbarten Gymnasium. Die Sch\u00fclerinnen und Sch\u00fcler und nat\u00fcrlich auch die Lehrerinnen und Lehrer beider Schulen werden hier von unserem neuen Caterer \u201eKitz-Catering\u201c&nbsp;mit &nbsp;frisch zubereitetem Essen versorgt.&nbsp;Zur&#46;&#46;&#46;<\/p>\n","protected":false},"author":728,"featured_media":0,"parent":0,"menu_order":0,"comment_status":"closed","ping_status":"closed","template":"","meta":{"_acf_changed":false,"footnotes":""},"class_list":["post-68","page","type-page","status-publish","hentry"],"acf":[],"_links":{"self":[{"href":"https:\/\/sts-oldenfelde.hamburg.de\/index.php?rest_route=\/wp\/v2\/pages\/68","targetHints":{"allow":["GET"]}}],"collection":[{"href":"https:\/\/sts-oldenfelde.hamburg.de\/index.php?rest_route=\/wp\/v2\/pages"}],"about":[{"href":"https:\/\/sts-oldenfelde.hamburg.de\/index.php?rest_route=\/wp\/v2\/types\/page"}],"author":[{"embeddable":true,"href":"https:\/\/sts-oldenfelde.hamburg.de\/index.php?rest_route=\/wp\/v2\/users\/728"}],"replies":[{"embeddable":true,"href":"https:\/\/sts-oldenfelde.hamburg.de\/index.php?rest_route=%2Fwp%2Fv2%2Fcomments&post=68"}],"version-history":[{"count":23,"href":"https:\/\/sts-oldenfelde.hamburg.de\/index.php?rest_route=\/wp\/v2\/pages\/68\/revisions"}],"predecessor-version":[{"id":252840,"href":"https:\/\/sts-oldenfelde.hamburg.de\/index.php?rest_route=\/wp\/v2\/pages\/68\/revisions\/252840"}],"wp:attachment":[{"href":"https:\/\/sts-oldenfelde.hamburg.de\/index.php?rest_route=%2Fwp%2Fv2%2Fmedia&parent=68"}],"curies":[{"name":"wp","href":"https:\/\/api.w.org\/{rel}","templated":true}]}}