{"id":6,"date":"2015-04-23T11:35:12","date_gmt":"2015-04-23T09:35:12","guid":{"rendered":"http:\/\/sts-oldenfelde.schulhomepages.hamburg.de\/?page_id=6"},"modified":"2022-03-01T09:40:33","modified_gmt":"2022-03-01T08:40:33","slug":"kompetenzen-gemeinsam-entwickeln","status":"publish","type":"page","link":"https:\/\/sts-oldenfelde.hamburg.de\/?page_id=6","title":{"rendered":"Schulprofil"},"content":{"rendered":"<p><img loading=\"lazy\" decoding=\"async\" class=\"alignnone size-large wp-image-244063\" src=\"https:\/\/sts-oldenfelde.hamburg.de\/wp-content\/uploads\/sites\/173\/2020\/02\/schulprofil-1024x602.jpg\" alt=\"\" width=\"1024\" height=\"602\" srcset=\"https:\/\/sts-oldenfelde.hamburg.de\/wp-content\/uploads\/sites\/173\/2020\/02\/schulprofil-1024x602.jpg 1024w, https:\/\/sts-oldenfelde.hamburg.de\/wp-content\/uploads\/sites\/173\/2020\/02\/schulprofil-300x176.jpg 300w, https:\/\/sts-oldenfelde.hamburg.de\/wp-content\/uploads\/sites\/173\/2020\/02\/schulprofil-768x452.jpg 768w, https:\/\/sts-oldenfelde.hamburg.de\/wp-content\/uploads\/sites\/173\/2020\/02\/schulprofil.jpg 1920w\" sizes=\"auto, (max-width: 1024px) 100vw, 1024px\" \/><\/p>\n<p>Wir sind eine 4-5-z\u00fcgige Stadtteilschule an der Sch\u00fclerinnen und Sch\u00fcler mit unterschiedlichen Leistungspotenzialen sowie unterschiedlicher sozialer und ethnischer Herkunft gemeinsam lernen. Angesichts der verschiedenen Lernvoraussetzungen und -entwicklungen achten wir darauf, dass die Unterrichtsgestaltung in allen Gruppen individualisiertes Lernen erm\u00f6glicht.<\/p>\n<div id=\"attachment_244042\" style=\"width: 173px\" class=\"wp-caption alignleft\"><a href=\"https:\/\/sts-oldenfelde.hamburg.de\/wp-content\/uploads\/sites\/173\/2022\/03\/flyer_oldenfelde_2021.pdf\"><img loading=\"lazy\" decoding=\"async\" aria-describedby=\"caption-attachment-244042\" class=\"size-medium wp-image-244042\" src=\"https:\/\/sts-oldenfelde.hamburg.de\/wp-content\/uploads\/sites\/173\/2020\/01\/Bildschirmfoto-2020-01-22-um-10.36.58-163x300.png\" alt=\"\" width=\"163\" height=\"300\"><\/a><p id=\"caption-attachment-244042\" class=\"wp-caption-text\">In unserem Schulflyer sind die wichtigsten Informationen zur STS Oldenfelde zusammengefasst.<\/p><\/div>\n<p>Ziel unser Arbeit ist es, ein Lernumfeld zu schaffen, in dem alle Sch\u00fclerinnen und Sch\u00fcler ihr individuelles Leistungspotenzial optimal entwickeln k\u00f6nnen und zu sozial verantwortlichen Pers\u00f6nlichkeiten heranwachsen. Unsere Sch\u00fcler erwerben ein solides Fachwissen, um erfolgreich einen Schulabschluss zu erlangen und einen Ausbildungsplatz zu erhalten oder in unsere Oberstufe zu gelangen, um das Abitur zu erreichen.<\/p>\n<p>Ein Schwerpunkt unserer Schule ist die systematische Berufliche Orientierung, die bereits in Klasse 5 mit einer technischen Grundbildung beginnt. Der Unterricht findet in unseren sechs Fachwerkst\u00e4tten statt, in denen wir jahrgangsspezifisch in den Bereichen Holz-, Metall-, Textil- und Hauswirtschaft, sowie Maschinen- und Informationstechnologie ausbilden. Um eine noch fundiertere Berufsorientierung zu gew\u00e4hrleisten, kooperieren wir mit verschiedenen externen Partnern, wie Betrieben und Berufsschulen.&nbsp;Unsere au\u00dferschulischen Kooperationspartner bieten&nbsp;unseren Sch\u00fclerinnen und Sch\u00fcler&nbsp;die M\u00f6glichkeit,&nbsp;Praxiserfahrungen zu sammeln, um erste berufliche \u00dcberlegungen zu konkretisieren und zu festigen.<\/p>\n<p>Seit 2015 haben wir auf unserem Schulgel\u00e4nde auch unsere Oberstufenjahrg\u00e4nge untergebracht, so dass unsere Sch\u00fclerinnen und Sch\u00fcler von Klasse 5 bis 13 bei uns unterrichtet werden k\u00f6nnen.&nbsp;<\/p>\n","protected":false},"excerpt":{"rendered":"<p>Wir sind eine 4-5-z\u00fcgige Stadtteilschule an der Sch\u00fclerinnen und Sch\u00fcler mit unterschiedlichen Leistungspotenzialen sowie unterschiedlicher sozialer und ethnischer Herkunft gemeinsam lernen. Angesichts der verschiedenen Lernvoraussetzungen und -entwicklungen achten wir darauf, dass die Unterrichtsgestaltung in&#46;&#46;&#46;<\/p>\n","protected":false},"author":728,"featured_media":0,"parent":0,"menu_order":0,"comment_status":"closed","ping_status":"closed","template":"","meta":{"_acf_changed":false,"footnotes":""},"class_list":["post-6","page","type-page","status-publish","hentry"],"acf":[],"_links":{"self":[{"href":"https:\/\/sts-oldenfelde.hamburg.de\/index.php?rest_route=\/wp\/v2\/pages\/6","targetHints":{"allow":["GET"]}}],"collection":[{"href":"https:\/\/sts-oldenfelde.hamburg.de\/index.php?rest_route=\/wp\/v2\/pages"}],"about":[{"href":"https:\/\/sts-oldenfelde.hamburg.de\/index.php?rest_route=\/wp\/v2\/types\/page"}],"author":[{"embeddable":true,"href":"https:\/\/sts-oldenfelde.hamburg.de\/index.php?rest_route=\/wp\/v2\/users\/728"}],"replies":[{"embeddable":true,"href":"https:\/\/sts-oldenfelde.hamburg.de\/index.php?rest_route=%2Fwp%2Fv2%2Fcomments&post=6"}],"version-history":[{"count":4,"href":"https:\/\/sts-oldenfelde.hamburg.de\/index.php?rest_route=\/wp\/v2\/pages\/6\/revisions"}],"predecessor-version":[{"id":250998,"href":"https:\/\/sts-oldenfelde.hamburg.de\/index.php?rest_route=\/wp\/v2\/pages\/6\/revisions\/250998"}],"wp:attachment":[{"href":"https:\/\/sts-oldenfelde.hamburg.de\/index.php?rest_route=%2Fwp%2Fv2%2Fmedia&parent=6"}],"curies":[{"name":"wp","href":"https:\/\/api.w.org\/{rel}","templated":true}]}}