{"id":578,"date":"2015-12-03T08:43:24","date_gmt":"2015-12-03T07:43:24","guid":{"rendered":"http:\/\/sts-oldenfelde.schulhomepages.hamburg.de\/?page_id=578"},"modified":"2024-11-14T16:08:34","modified_gmt":"2024-11-14T15:08:34","slug":"pilotprojekt-eigene-laptops-tablets-und-smartphones-im-unterricht","status":"publish","type":"page","link":"https:\/\/sts-oldenfelde.hamburg.de\/?page_id=578","title":{"rendered":"Digitalisierung"},"content":{"rendered":"<p>2015 rief Schulsenator Ties Rabe das Medien-Pilotprojekt &#8222;Start in die n\u00e4chste Generation &#8211; Bring your own device&#8220; ins Leben und die Stadtteilschule Oldenfelde war eine der engangierten Schulen, die dieses Projekt ausprobieren durften. Wir bekamen ein starkes WLAN-Netz zur Verf\u00fcgung gestellt und eine Lernplattform, auf der unser Unterricht gewinnbringend durch Medien unterst\u00fctzt und individualisiert werden konnte. Sch\u00fclerinnen und Sch\u00fcler unserer Schule stellten einer gro\u00dfen \u00d6ffentlichkeit exemplarisch ihre Lernm\u00f6glichkeiten vor, Lehrer gaben Einblicke in ihre Unterrichtsarbeit und auch Eltern bezogen Stellung zum Projekt. Auch nachdem das Projekt nun ausgelaufen ist, spielt die Digitalisierung an der Stadtteilschule immer noch eine sehr wichtige Rolle und wird weiterhin in den Unterricht integriert.<\/p>\n<p><strong>Unser Ziel: Die Jugend fit machen f\u00fcr die digitale Welt<\/strong><\/p>\n<p><img loading=\"lazy\" decoding=\"async\" class=\"alignnone wp-image-243983\" src=\"https:\/\/sts-oldenfelde.hamburg.de\/wp-content\/uploads\/sites\/173\/2019\/12\/digi3-Kopie-300x280.jpg\" alt=\"\" width=\"240\" height=\"224\" srcset=\"https:\/\/sts-oldenfelde.hamburg.de\/wp-content\/uploads\/sites\/173\/2019\/12\/digi3-Kopie-300x280.jpg 300w, https:\/\/sts-oldenfelde.hamburg.de\/wp-content\/uploads\/sites\/173\/2019\/12\/digi3-Kopie-768x716.jpg 768w, https:\/\/sts-oldenfelde.hamburg.de\/wp-content\/uploads\/sites\/173\/2019\/12\/digi3-Kopie-1024x954.jpg 1024w, https:\/\/sts-oldenfelde.hamburg.de\/wp-content\/uploads\/sites\/173\/2019\/12\/digi3-Kopie.jpg 1600w\" sizes=\"auto, (max-width: 240px) 100vw, 240px\" \/>&nbsp;&nbsp;<img loading=\"lazy\" decoding=\"async\" class=\"alignnone size-medium wp-image-243982\" src=\"https:\/\/sts-oldenfelde.hamburg.de\/wp-content\/uploads\/sites\/173\/2019\/12\/digi2-Kopie-300x225.jpg\" alt=\"\" width=\"300\" height=\"225\" srcset=\"https:\/\/sts-oldenfelde.hamburg.de\/wp-content\/uploads\/sites\/173\/2019\/12\/digi2-Kopie-300x225.jpg 300w, https:\/\/sts-oldenfelde.hamburg.de\/wp-content\/uploads\/sites\/173\/2019\/12\/digi2-Kopie-768x576.jpg 768w, https:\/\/sts-oldenfelde.hamburg.de\/wp-content\/uploads\/sites\/173\/2019\/12\/digi2-Kopie-1024x768.jpg 1024w, https:\/\/sts-oldenfelde.hamburg.de\/wp-content\/uploads\/sites\/173\/2019\/12\/digi2-Kopie.jpg 1600w\" sizes=\"auto, (max-width: 300px) 100vw, 300px\" \/><\/p>\n<p>Eine zentrale gesellschaftliche Herausforderung f\u00fcr die n\u00e4chsten Jahrzehnte wird sein, eine angemessene Lern- und Arbeitskultur zu entwickeln, in der unsere Sch\u00fclerinnen und Sch\u00fcler Lern- und Medienkompetenzen als Schl\u00fcsselqualifikationen der heutigen Zeit erwerben k\u00f6nnen.&nbsp;Dieser kompetente Umgang mit Informations- und Kommunikationstechnologien stellt heute neben Lesen, Schreiben und Rechnen eine vierte Kulturtechnik dar.&nbsp;Wir wollen daher diese vierte Kulturtechnik umfassend f\u00f6rdern und arbeiten gemeinsam an dem Ziel digitale Lehr- und Lernprozesse in unserer Schule systematisch und ganzheitlich zu verankern.<\/p>\n<p><strong>Unser Selbstverst\u00e4ndnis<\/strong><\/p>\n<p>Der Grundsatz <em>P\u00e4dagogik vor Technik<\/em> gilt f\u00fcr uns nach wie vor. Es gibt keine digitale Bildung oder digitalen Unterricht, sondern lediglich Unterricht mit dem Einsatz digitaler Werkzeuge. \u00dcber den Einsatz&nbsp; im Unterricht entscheiden die Lehrerinnen und Lehrer. Die eingesetzten, digitalen Werkzeuge m\u00fcssen immer Werkzeuge im Sinne guten Unterrichts sein. Der didaktische Ort f\u00fcr den Einsatz eines Smartboards, Laptops oder Smartphones in daher besonders wichtig.<\/p>\n<p><img loading=\"lazy\" decoding=\"async\" class=\"alignleft size-medium wp-image-243981\" src=\"https:\/\/sts-oldenfelde.hamburg.de\/wp-content\/uploads\/sites\/173\/2019\/12\/digi1-Kopie-300x225.jpg\" alt=\"\" width=\"300\" height=\"225\" srcset=\"https:\/\/sts-oldenfelde.hamburg.de\/wp-content\/uploads\/sites\/173\/2019\/12\/digi1-Kopie-300x225.jpg 300w, https:\/\/sts-oldenfelde.hamburg.de\/wp-content\/uploads\/sites\/173\/2019\/12\/digi1-Kopie-768x576.jpg 768w, https:\/\/sts-oldenfelde.hamburg.de\/wp-content\/uploads\/sites\/173\/2019\/12\/digi1-Kopie-1024x768.jpg 1024w, https:\/\/sts-oldenfelde.hamburg.de\/wp-content\/uploads\/sites\/173\/2019\/12\/digi1-Kopie.jpg 1600w\" sizes=\"auto, (max-width: 300px) 100vw, 300px\" \/>Eine individualisierte Bereitstellung von Endger\u00e4ten ist f\u00fcr unsere Schule nicht finanzierbar. Daher arbeiten wir nach dem BYOD (bring your owen device) Prinzip. Sch\u00fclerinnen und Sch\u00fcler bringen ihr eigenes mobiles Endger\u00e4t mit in die Schule. In Ausnahmef\u00e4llen stellen wir Leihgr\u00e4te zur Verf\u00fcgung.<\/p>\n<p>In einer sich rasant digitalisierenden Welt kommt insbesondere aus Gr\u00fcnden der aktiven Teilhabe und Mitgestaltung von gesellschaftlichen Prozessen den Kulturtechniken wie Lesen, Schreiben und Rechnen eine zunehmende Bedeutung zu. Die gewinnbringende Integration digitaler Medien in diese Bereiche stellt einen komplexen Innovationsprozess dar, f\u00fcr den es keine schl\u00fcsselfertigen L\u00f6sungen gibt. Wir arbeiten an \u00fcbertragbaren Konzepten digital-gest\u00fctzten Lernens, die in unserer Schule entwickelt, erprobt und umgesetzt werden.<\/p>\n<p><strong>Unsere Mittel<\/strong><\/p>\n<ul style=\"list-style-type: disc\">\n<li>Engagierte Kolleginnen und Kollegen und eine Schulleitung, die diese Herausforderungen annimmt und einen Gestaltungsrahmen setzt.<\/li>\n<li>Schuleigenes Netzwerk mit eigener Serverstruktur, komplett vernetzte Schulgeb\u00e4ude, fl\u00e4chendeckendes W-LAN , interaktive Beamer in jedem Klassenraum, Emailadresse f\u00fcr jede Sch\u00fclerin und jeden Sch\u00fcler.<\/li>\n<li>Verschiedene Lernprogramme, sind f\u00fcr jeden Sch\u00fcler und Lehrer zug\u00e4nglich, Fortbildung zur digitalen Bildung und moderne Medien im Unterricht sind selbstverst\u00e4ndlich.<\/li>\n<\/ul>\n<p>&nbsp;<\/p>\n<h5 style=\"text-align: center\">Hier finden Sie unseren Flyer zur Mediennutzung:&nbsp;<\/h5>\n<p><a href=\"https:\/\/sts-oldenfelde.hamburg.de\/wp-content\/uploads\/sites\/173\/2024\/11\/Medien.pdf\"><img loading=\"lazy\" decoding=\"async\" class=\" wp-image-252738 aligncenter\" src=\"https:\/\/sts-oldenfelde.hamburg.de\/wp-content\/uploads\/sites\/173\/2024\/11\/Bildschirmfoto-2024-11-14-um-16.06.30-593x1024.png\" alt=\"\" width=\"479\" height=\"827\" srcset=\"https:\/\/sts-oldenfelde.hamburg.de\/wp-content\/uploads\/sites\/173\/2024\/11\/Bildschirmfoto-2024-11-14-um-16.06.30-593x1024.png 593w, https:\/\/sts-oldenfelde.hamburg.de\/wp-content\/uploads\/sites\/173\/2024\/11\/Bildschirmfoto-2024-11-14-um-16.06.30-174x300.png 174w, https:\/\/sts-oldenfelde.hamburg.de\/wp-content\/uploads\/sites\/173\/2024\/11\/Bildschirmfoto-2024-11-14-um-16.06.30-768x1326.png 768w, https:\/\/sts-oldenfelde.hamburg.de\/wp-content\/uploads\/sites\/173\/2024\/11\/Bildschirmfoto-2024-11-14-um-16.06.30.png 850w\" sizes=\"auto, (max-width: 479px) 100vw, 479px\" \/><\/a><\/p>\n<p>&nbsp;<\/p>\n","protected":false},"excerpt":{"rendered":"<p>2015 rief Schulsenator Ties Rabe das Medien-Pilotprojekt &#8222;Start in die n\u00e4chste Generation &#8211; Bring your own device&#8220; ins Leben und die Stadtteilschule Oldenfelde war eine der engangierten Schulen, die dieses Projekt ausprobieren durften. Wir&#46;&#46;&#46;<\/p>\n","protected":false},"author":728,"featured_media":0,"parent":0,"menu_order":0,"comment_status":"closed","ping_status":"closed","template":"","meta":{"_acf_changed":false,"footnotes":""},"class_list":["post-578","page","type-page","status-publish","hentry"],"acf":[],"_links":{"self":[{"href":"https:\/\/sts-oldenfelde.hamburg.de\/index.php?rest_route=\/wp\/v2\/pages\/578","targetHints":{"allow":["GET"]}}],"collection":[{"href":"https:\/\/sts-oldenfelde.hamburg.de\/index.php?rest_route=\/wp\/v2\/pages"}],"about":[{"href":"https:\/\/sts-oldenfelde.hamburg.de\/index.php?rest_route=\/wp\/v2\/types\/page"}],"author":[{"embeddable":true,"href":"https:\/\/sts-oldenfelde.hamburg.de\/index.php?rest_route=\/wp\/v2\/users\/728"}],"replies":[{"embeddable":true,"href":"https:\/\/sts-oldenfelde.hamburg.de\/index.php?rest_route=%2Fwp%2Fv2%2Fcomments&post=578"}],"version-history":[{"count":3,"href":"https:\/\/sts-oldenfelde.hamburg.de\/index.php?rest_route=\/wp\/v2\/pages\/578\/revisions"}],"predecessor-version":[{"id":252741,"href":"https:\/\/sts-oldenfelde.hamburg.de\/index.php?rest_route=\/wp\/v2\/pages\/578\/revisions\/252741"}],"wp:attachment":[{"href":"https:\/\/sts-oldenfelde.hamburg.de\/index.php?rest_route=%2Fwp%2Fv2%2Fmedia&parent=578"}],"curies":[{"name":"wp","href":"https:\/\/api.w.org\/{rel}","templated":true}]}}