{"id":42,"date":"2015-04-29T11:18:14","date_gmt":"2015-04-29T09:18:14","guid":{"rendered":"http:\/\/sts-oldenfelde.schulhomepages.hamburg.de\/?page_id=42"},"modified":"2024-11-08T09:44:29","modified_gmt":"2024-11-08T08:44:29","slug":"schulverein","status":"publish","type":"page","link":"https:\/\/sts-oldenfelde.hamburg.de\/?page_id=42","title":{"rendered":"Schulverein"},"content":{"rendered":"<blockquote><p><span style=\"font-size: 12pt\">Diese Seite ist ein externes Angebot des Schulvereins; die Verantwortlichkeit f\u00fcr den Inhalt liegt beim Schulverein.<\/span><\/p><\/blockquote>\n<p><strong>Der Schulverein der Stadtteilschule Oldenfelde e.V. stellt sich vor:<\/strong><\/p>\n<p>Unser Schulverein ist ein Zusammenschluss aus Eltern und Lehrern. Er lebt vom Engagement aller, die ein Interesse daran haben, dort zu unterst\u00fctzen, wo die Mittel des Schultr\u00e4gers nicht ausreichen.<\/p>\n<p>Wir haben das Ziel, das Leben und Lernen zu unterst\u00fctzen, zu f\u00f6rdern und zu versch\u00f6nern.<\/p>\n<p>Sinnvolle Aktionen und Anschaffungen sollten nicht am Mangel an Mitteln scheitern. Der Schulverein hilft hier nach Kr\u00e4ften, um so manches Unm\u00f6gliche m\u00f6glich zu machen. Die folgenden Projekte haben wir &#8211; mit Ihrer Hilfe &#8211; in den letzten Jahren unterst\u00fctzt:<\/p>\n<ul>\n<li>Anschaffung aktueller B\u00fccher f\u00fcr die B\u00fccherstube<\/li>\n<li>Unterst\u00fctzung der Sch\u00fclerfirma Bankbau<\/li>\n<li>Unterst\u00fctzung der Wettbewerbe \u201eThe Big Challenge\u201c und \u201eK\u00e4nguru der Mathematik\u201c<\/li>\n<li>Unterst\u00fctzung des Oldenfelder Sch\u00fcler- und Lehrerchors<\/li>\n<li>Unterst\u00fctzung des Projekts \u201eBox-School\u201c<\/li>\n<li>Unterst\u00fctzung der AG \u201eUrban-Gardening\u201c<\/li>\n<li>Anschaffung von Spielger\u00e4ten f\u00fcr die aktive Pause<\/li>\n<\/ul>\n<div id=\"metaslider-id-243873\" style=\"max-width: 650px;\" class=\"ml-slider-3-107-0 metaslider metaslider-flex metaslider-243873 ml-slider has-dots-nav ms-theme-default\" role=\"region\" aria-label=\"Schulverein\" data-height=\"450\" data-width=\"650\">\n    <div id=\"metaslider_container_243873\">\n        <div id=\"metaslider_243873\">\n            <ul class='slides'>\n                <li style=\"display: block; width: 100%;\" class=\"slide-243881 ms-image \" aria-roledescription=\"slide\" data-date=\"2019-11-18 12:52:13\" data-filename=\"schulverein0-Kopie-650x450.jpg\" data-slide-type=\"image\"><img loading=\"lazy\" decoding=\"async\" src=\"https:\/\/sts-oldenfelde.hamburg.de\/wp-content\/uploads\/sites\/173\/2019\/11\/schulverein0-Kopie-650x450.jpg\" height=\"450\" width=\"650\" alt=\"\" class=\"slider-243873 slide-243881 msDefaultImage\" title=\"schulverein0 Kopie\" \/><div class=\"caption-wrap\"><div class=\"caption\">Wir unterst\u00fctzen die Reit-Gruppe an unserer Schule, die Sch\u00fclern und Sch\u00fclerinnen der Unterstufe hilft, soziale Kompetenzen auszubauen und so ein harmonisches Miteinander im Schulalltag erleichtert.<\/div><\/div><\/li>\n                <li style=\"display: none; width: 100%;\" class=\"slide-243882 ms-image \" aria-roledescription=\"slide\" data-date=\"2019-11-18 12:52:13\" data-filename=\"schulverein1-Kopie-650x450.jpg\" data-slide-type=\"image\"><img loading=\"lazy\" decoding=\"async\" src=\"https:\/\/sts-oldenfelde.hamburg.de\/wp-content\/uploads\/sites\/173\/2019\/11\/schulverein1-Kopie-650x450.jpg\" height=\"450\" width=\"650\" alt=\"\" class=\"slider-243873 slide-243882 msDefaultImage\" title=\"schulverein1 Kopie\" \/><\/li>\n                <li style=\"display: none; width: 100%;\" class=\"slide-243883 ms-image \" aria-roledescription=\"slide\" data-date=\"2019-11-18 12:52:13\" data-filename=\"schulverein2-Kopie-650x450.jpg\" data-slide-type=\"image\"><img loading=\"lazy\" decoding=\"async\" src=\"https:\/\/sts-oldenfelde.hamburg.de\/wp-content\/uploads\/sites\/173\/2019\/11\/schulverein2-Kopie-650x450.jpg\" height=\"450\" width=\"650\" alt=\"\" class=\"slider-243873 slide-243883 msDefaultImage\" title=\"schulverein2 Kopie\" \/><\/li>\n                <li style=\"display: none; width: 100%;\" class=\"slide-243884 ms-image \" aria-roledescription=\"slide\" data-date=\"2019-11-18 12:52:13\" data-filename=\"schulverein3-Kopie-650x450.jpg\" data-slide-type=\"image\"><img loading=\"lazy\" decoding=\"async\" src=\"https:\/\/sts-oldenfelde.hamburg.de\/wp-content\/uploads\/sites\/173\/2019\/11\/schulverein3-Kopie-650x450.jpg\" height=\"450\" width=\"650\" alt=\"\" class=\"slider-243873 slide-243884 msDefaultImage\" title=\"schulverein3 Kopie\" \/><\/li>\n                <li style=\"display: none; width: 100%;\" class=\"slide-243885 ms-image \" aria-roledescription=\"slide\" data-date=\"2019-11-18 12:52:13\" data-filename=\"schulverein4-Kopie-650x450.jpg\" data-slide-type=\"image\"><img loading=\"lazy\" decoding=\"async\" src=\"https:\/\/sts-oldenfelde.hamburg.de\/wp-content\/uploads\/sites\/173\/2019\/11\/schulverein4-Kopie-650x450.jpg\" height=\"450\" width=\"650\" alt=\"\" class=\"slider-243873 slide-243885 msDefaultImage\" title=\"schulverein4 Kopie\" \/><\/li>\n                <li style=\"display: none; width: 100%;\" class=\"slide-243886 ms-image \" aria-roledescription=\"slide\" data-date=\"2019-11-18 12:52:13\" data-filename=\"schulverein5-Kopie-527x364.jpg\" data-slide-type=\"image\"><img loading=\"lazy\" decoding=\"async\" src=\"https:\/\/sts-oldenfelde.hamburg.de\/wp-content\/uploads\/sites\/173\/2019\/11\/schulverein5-Kopie-527x364.jpg\" height=\"450\" width=\"650\" alt=\"\" class=\"slider-243873 slide-243886 msDefaultImage\" title=\"schulverein5 Kopie\" \/><\/li>\n                <li style=\"display: none; width: 100%;\" class=\"slide-243887 ms-image \" aria-roledescription=\"slide\" data-date=\"2019-11-18 12:52:13\" data-filename=\"schulverein6-Kopie-650x450.jpg\" data-slide-type=\"image\"><img loading=\"lazy\" decoding=\"async\" src=\"https:\/\/sts-oldenfelde.hamburg.de\/wp-content\/uploads\/sites\/173\/2019\/11\/schulverein6-Kopie-650x450.jpg\" height=\"450\" width=\"650\" alt=\"\" class=\"slider-243873 slide-243887 msDefaultImage\" title=\"schulverein6 Kopie\" \/><div class=\"caption-wrap\"><div class=\"caption\">Manchmal k\u00f6nnte man einfach nur die W\u00e4nde hochgehen: Auch die Kletterwand in unserer Turnhalle konnte mit Mitteln des Schulvereins angeschafft werden.<\/div><\/div><\/li>\n                <li style=\"display: none; width: 100%;\" class=\"slide-243888 ms-image \" aria-roledescription=\"slide\" data-date=\"2019-11-18 12:59:19\" data-filename=\"Bildschirmfoto-2016-01-08-um-12.25.59-650x450.png\" data-slide-type=\"image\"><img loading=\"lazy\" decoding=\"async\" src=\"https:\/\/sts-oldenfelde.hamburg.de\/wp-content\/uploads\/sites\/173\/2015\/11\/Bildschirmfoto-2016-01-08-um-12.25.59-650x450.png\" height=\"450\" width=\"650\" alt=\"\" class=\"slider-243873 slide-243888 msDefaultImage\" title=\"Bildschirmfoto 2016-01-08 um 12.25.59\" \/><div class=\"caption-wrap\"><div class=\"caption\">Dank der gro\u00dfz\u00fcgigen Spende der Firma Hein &amp; Oetting k\u00f6nnen wir z.B. f\u00fcr ein weiteres Jahr das Sozialprojekt der \u201eBoxschool\u201c an unserer Schule anbieten. <\/div><\/div><\/li>\n            <\/ul>\n        <\/div>\n        \n    <\/div>\n<\/div>\n<p>Vorschl\u00e4ge und Anregungen von Eltern werden stets gerne aufgenommen, entweder pers\u00f6nlich oder per Mail an schulverein(at)sts-old.hamburg.de. Au\u00dferdem freuen wir uns immer \u00fcber weitere aktive Mitglieder.<\/p>\n<p>Wenn Sie unsere Arbeit unterst\u00fctzen m\u00f6chten, erhalten Sie hier ein <a href=\"https:\/\/sts-oldenfelde.hamburg.de\/wp-content\/uploads\/sites\/173\/2019\/11\/Beitrittserkl\u00e4rung-Schulverein-STS-Oldenfelde-eV.pdf\">Beitrittsformular<\/a> <span style=\"font-size: 8pt\">(externes Angebot des Schulvereins; die Verantwortlichkeit f\u00fcr den Inhalt liegt beim Schulverein)<\/span> . Der Vorstand arbeitet ehrenamtlich, so dass jeder gespendete Cent direkt allen Sch\u00fclerinnen und Sch\u00fclern zugute kommt.&nbsp;Wir sind f\u00fcr jede Spende dankbar, so dass Sie nat\u00fcrlich auch gerne nur einzelne Betr\u00e4ge nach Ihrem Wunsch spenden k\u00f6nnen. Selbstverst\u00e4ndlich stellen wir Ihnen auch eine Spendenbescheinigung aus.<\/p>\n<p>Unsere Kontoverbindung f\u00fcr Spenden lautet:<\/p>\n<p>Schulverein der Stadtteilschule Oldenfelde e.V.<br \/>\nIBAN: DE56 2005 0550<strong>&nbsp;<\/strong><strong>1123 2100 39<\/strong><\/p>\n<p>Im Namen des Schulvereins<br \/>\nMarco Schr\u00f6der (1. Vorstand) und Claudia Minich (2. Vorst\u00e4ndin)&nbsp;<\/p>\n<p>&nbsp;<\/p>\n<div class=\"maintext\">\n<p>&nbsp;<\/p>\n<p>&nbsp;<\/p>\n<p>&nbsp;<\/p>\n<\/div>\n<p>&nbsp;<\/p>\n<div class=\"spacer20\">&nbsp;<\/div>\n","protected":false},"excerpt":{"rendered":"<p>Diese Seite ist ein externes Angebot des Schulvereins; die Verantwortlichkeit f\u00fcr den Inhalt liegt beim Schulverein. Der Schulverein der Stadtteilschule Oldenfelde e.V. stellt sich vor: Unser Schulverein ist ein Zusammenschluss aus Eltern und Lehrern.&#46;&#46;&#46;<\/p>\n","protected":false},"author":728,"featured_media":0,"parent":0,"menu_order":0,"comment_status":"closed","ping_status":"closed","template":"","meta":{"_acf_changed":false,"footnotes":""},"class_list":["post-42","page","type-page","status-publish","hentry"],"acf":[],"_links":{"self":[{"href":"https:\/\/sts-oldenfelde.hamburg.de\/index.php?rest_route=\/wp\/v2\/pages\/42","targetHints":{"allow":["GET"]}}],"collection":[{"href":"https:\/\/sts-oldenfelde.hamburg.de\/index.php?rest_route=\/wp\/v2\/pages"}],"about":[{"href":"https:\/\/sts-oldenfelde.hamburg.de\/index.php?rest_route=\/wp\/v2\/types\/page"}],"author":[{"embeddable":true,"href":"https:\/\/sts-oldenfelde.hamburg.de\/index.php?rest_route=\/wp\/v2\/users\/728"}],"replies":[{"embeddable":true,"href":"https:\/\/sts-oldenfelde.hamburg.de\/index.php?rest_route=%2Fwp%2Fv2%2Fcomments&post=42"}],"version-history":[{"count":6,"href":"https:\/\/sts-oldenfelde.hamburg.de\/index.php?rest_route=\/wp\/v2\/pages\/42\/revisions"}],"predecessor-version":[{"id":252724,"href":"https:\/\/sts-oldenfelde.hamburg.de\/index.php?rest_route=\/wp\/v2\/pages\/42\/revisions\/252724"}],"wp:attachment":[{"href":"https:\/\/sts-oldenfelde.hamburg.de\/index.php?rest_route=%2Fwp%2Fv2%2Fmedia&parent=42"}],"curies":[{"name":"wp","href":"https:\/\/api.w.org\/{rel}","templated":true}]}}