{"id":41,"date":"2015-04-29T11:15:04","date_gmt":"2015-04-29T09:15:04","guid":{"rendered":"http:\/\/sts-oldenfelde.schulhomepages.hamburg.de\/?page_id=41"},"modified":"2025-12-02T14:44:29","modified_gmt":"2025-12-02T13:44:29","slug":"elternrat","status":"publish","type":"page","link":"https:\/\/sts-oldenfelde.hamburg.de\/?page_id=41","title":{"rendered":"Elternrat"},"content":{"rendered":"<div id=\"content_all\" class=\"all_tease_off\">\n<div id=\"content\" class=\"tease_off\">\n<p>Sie k\u00f6nnen bei uns an der Stadtteilschule Oldenfelde das Schulleben Ihrer Kinder aktiv mitgestalten, z.B. durch die Elternratsarbeit. In diesem Gremium gestalten Sie gemeinsam mit der Schulleitung, den Lehrern, den Schulsprechern und anderen Eltern\/Erziehungsberechtigten die aktuelle Schulentwicklung der Stadtteilschule Oldenfelde mit.<\/p>\n<p><strong>Der Elternrat<\/strong><br \/>\nAm Anfang jeden Schuljahres wird in der Elternvollversammlung der Elternrat gew\u00e4hlt. Jedes Elternteil \/ jeder Erziehungsberechtigte kann sich zur Wahl stellen, dessen schulpflichtiges Kind die STS Oldenfelde besucht. Abstimmen \u00fcber den Elternrat d\u00fcrfen nur die Elternvertreter bzw. deren Stellvertreter. Das Gremium Elternrat setzt sich aus 12 Vollmitgliedern zusammen plus Ersatzmitgliedern. Bei Ausscheiden eines Vollmitgliedes r\u00fccken diese automatisch als Vollmitglied nach. Die Amtszeit liegt zwischen 1-3 Jahren und ist fest definiert.<\/p>\n<p style=\"padding-left: 40px\"><strong>Elternratsmitglieder 2025\/2026<\/strong><\/p>\n<p style=\"padding-left: 40px\">Rebecca Herrms (8c), Berit L\u00fcdemann (8c), Marco Schr\u00f6der (8a), Nurten Kublay 5c\/7a), Marco Lahann (9f), Stefanie Reinhold (11f), Tobias Wolff (7d), Doreen Kn\u00f6lke (8e), Klaus Potthoff (11e), Gisela Biber-Lange (9c), Martin K\u00f6psell (6e\/9f), Daniel Niemann (6b), Nurdan Schiestl (8e), J\u00f6rn Gr\u00f6schel (6d), Carolin Karrenberg (5b), Claudia Czusz (5e), Dennis Stolley (6a) und ein weiteres Mitglied.<\/p>\n<p style=\"padding-left: 40px\">Nachr\u00fccker: Olga Machzier (7a), Johanna Deinert (5f)<\/p>\n<p style=\"padding-left: 40px\">Vorstand: Doreen Kn\u00f6lke, Nurdan Schiestl, Marco Lahann<\/p>\n<p>Sie erreichen den Elternrat per E-Mail \u00fcber: <a href=\"mailto:elternrat@sts-old.de\">elternrat@sts-old.de<\/a><br \/>\nWenn Sie das Sitzungsprotokoll einer bestimmten Elternrats-Sitzung einsehen m\u00f6chten, wenden Sie sich gern an uns. Wir lassen es Ihnen dann per E-Mail zukommen.<\/p>\n<p><strong>Das macht der Elternrat<\/strong><br \/>\n\u2022 Interessenvertretung aller Eltern\/Erziehungsberechtigten und Kinder<br \/>\n\u2022 Ansprechpartner bei Schulproblemen<br \/>\n\u2022 Kontakt zur Schulleitung und Kollegium<br \/>\n\u2022 regelm\u00e4\u00dfige (in der Regel) schul\u00f6ffentliche Elternratssitzungen<br \/>\n\u2022 Teilnahme an Lehrer- und Schulkonferenzen<br \/>\n\u2022 Vertretung unserer Schule im Kreiselternrat und in der GEST (Gemeinschaft der Elternr\u00e4te an Statdtteilschulen in Hamburg)<br \/>\n\u2022 Organisation von Fortbildungsveranstaltungen<br \/>\n\u2022 Bearbeitung von aktuellen Schulfragen<br \/>\n\u2022 Mitgestaltung von Schulveranstaltungen<br \/>\n\u2022 Weitergabe von Informationen an die Klassenelternvertretungen<\/p>\n<p><strong>Elternratssitzungen<\/strong><br \/>\nAn den Elternratssitzungen k\u00f6nnen alle Eltern\/Erziehungsberechtigten teilnehmen. Die Sitzungstermine werden rechtzeitig bekannt gegeben. Zu Elternratssitzungen erh\u00e4lt der Elternrat den aktuellen Schulbericht durch die Schulleitung und ber\u00e4t aktuelle Themen und fasst Beschl\u00fcsse.<\/p>\n<p style=\"padding-left: 40px\"><strong>Termine<\/strong><\/p>\n<ul>\n<li style=\"list-style-type: none\">\n<ul>\n<li>09.12.2025<\/li>\n<li>17.02.2026<\/li>\n<li>28.04.2026<\/li>\n<li>16.06.2026<\/li>\n<\/ul>\n<\/li>\n<\/ul>\n<p style=\"padding-left: 40px\">&nbsp; &nbsp; &nbsp; &nbsp;<\/p>\n<\/div>\n<\/div>\n","protected":false},"excerpt":{"rendered":"<p>Sie k\u00f6nnen bei uns an der Stadtteilschule Oldenfelde das Schulleben Ihrer Kinder aktiv mitgestalten, z.B. durch die Elternratsarbeit. In diesem Gremium gestalten Sie gemeinsam mit der Schulleitung, den Lehrern, den Schulsprechern und anderen Eltern\/Erziehungsberechtigten&#46;&#46;&#46;<\/p>\n","protected":false},"author":728,"featured_media":0,"parent":0,"menu_order":0,"comment_status":"closed","ping_status":"closed","template":"","meta":{"_acf_changed":false,"footnotes":""},"class_list":["post-41","page","type-page","status-publish","hentry"],"acf":[],"_links":{"self":[{"href":"https:\/\/sts-oldenfelde.hamburg.de\/index.php?rest_route=\/wp\/v2\/pages\/41","targetHints":{"allow":["GET"]}}],"collection":[{"href":"https:\/\/sts-oldenfelde.hamburg.de\/index.php?rest_route=\/wp\/v2\/pages"}],"about":[{"href":"https:\/\/sts-oldenfelde.hamburg.de\/index.php?rest_route=\/wp\/v2\/types\/page"}],"author":[{"embeddable":true,"href":"https:\/\/sts-oldenfelde.hamburg.de\/index.php?rest_route=\/wp\/v2\/users\/728"}],"replies":[{"embeddable":true,"href":"https:\/\/sts-oldenfelde.hamburg.de\/index.php?rest_route=%2Fwp%2Fv2%2Fcomments&post=41"}],"version-history":[{"count":40,"href":"https:\/\/sts-oldenfelde.hamburg.de\/index.php?rest_route=\/wp\/v2\/pages\/41\/revisions"}],"predecessor-version":[{"id":253461,"href":"https:\/\/sts-oldenfelde.hamburg.de\/index.php?rest_route=\/wp\/v2\/pages\/41\/revisions\/253461"}],"wp:attachment":[{"href":"https:\/\/sts-oldenfelde.hamburg.de\/index.php?rest_route=%2Fwp%2Fv2%2Fmedia&parent=41"}],"curies":[{"name":"wp","href":"https:\/\/api.w.org\/{rel}","templated":true}]}}