{"id":40,"date":"2015-04-29T11:11:09","date_gmt":"2015-04-29T09:11:09","guid":{"rendered":"http:\/\/sts-oldenfelde.schulhomepages.hamburg.de\/?page_id=40"},"modified":"2026-04-30T09:27:51","modified_gmt":"2026-04-30T07:27:51","slug":"schulbuero","status":"publish","type":"page","link":"https:\/\/sts-oldenfelde.hamburg.de\/?page_id=40","title":{"rendered":"Schulb\u00fcro"},"content":{"rendered":"<p>Frau Scott (B\u00fcroleitung), Frau Charniauski, Frau Dreyer, Frau Karacsony, Frau Rezaie und Frau Vo\u00dfberg leiten unser Schulb\u00fcro. Das Schulb\u00fcro ist montags bis freitags von 8 bis 14 Uhr (und nach Vereinbarung) besetzt und zu erreichen unter:<\/p>\n<p><em>Telefon: 040-428 86 63-50<\/em><br \/>\n<em> Fax: 040-428 86 63-69<\/em><br \/>\n<em> E-Mail: stadtteilschule-oldenfelde(at)bsfb.hamburg.de<\/em><\/p>\n<p><strong>Krankmeldungen<\/strong> von Sch\u00fclerinnen und Sch\u00fclern nimmt Frau Charniauski direkt entgegen oder Sie sprechen auf die Mailbox unter der Telefonnummer 428 86 63-76. Bitte beachten Sie, dass die Entschuldigungen zus\u00e4tzlich auch immer schriftlich per <em>Old-Timer<\/em> (Mitteilungsheft) erfolgen m\u00fcssen.<\/p>\n","protected":false},"excerpt":{"rendered":"<p>Frau Scott (B\u00fcroleitung), Frau Charniauski, Frau Dreyer, Frau Karacsony, Frau Rezaie und Frau Vo\u00dfberg leiten unser Schulb\u00fcro. Das Schulb\u00fcro ist montags bis freitags von 8 bis 14 Uhr (und nach Vereinbarung) besetzt und zu&#46;&#46;&#46;<\/p>\n","protected":false},"author":728,"featured_media":0,"parent":0,"menu_order":0,"comment_status":"closed","ping_status":"closed","template":"","meta":{"_acf_changed":false,"footnotes":""},"class_list":["post-40","page","type-page","status-publish","hentry"],"acf":[],"_links":{"self":[{"href":"https:\/\/sts-oldenfelde.hamburg.de\/index.php?rest_route=\/wp\/v2\/pages\/40","targetHints":{"allow":["GET"]}}],"collection":[{"href":"https:\/\/sts-oldenfelde.hamburg.de\/index.php?rest_route=\/wp\/v2\/pages"}],"about":[{"href":"https:\/\/sts-oldenfelde.hamburg.de\/index.php?rest_route=\/wp\/v2\/types\/page"}],"author":[{"embeddable":true,"href":"https:\/\/sts-oldenfelde.hamburg.de\/index.php?rest_route=\/wp\/v2\/users\/728"}],"replies":[{"embeddable":true,"href":"https:\/\/sts-oldenfelde.hamburg.de\/index.php?rest_route=%2Fwp%2Fv2%2Fcomments&post=40"}],"version-history":[{"count":11,"href":"https:\/\/sts-oldenfelde.hamburg.de\/index.php?rest_route=\/wp\/v2\/pages\/40\/revisions"}],"predecessor-version":[{"id":253698,"href":"https:\/\/sts-oldenfelde.hamburg.de\/index.php?rest_route=\/wp\/v2\/pages\/40\/revisions\/253698"}],"wp:attachment":[{"href":"https:\/\/sts-oldenfelde.hamburg.de\/index.php?rest_route=%2Fwp%2Fv2%2Fmedia&parent=40"}],"curies":[{"name":"wp","href":"https:\/\/api.w.org\/{rel}","templated":true}]}}