{"id":36,"date":"2015-04-29T11:07:18","date_gmt":"2015-04-29T09:07:18","guid":{"rendered":"http:\/\/sts-oldenfelde.schulhomepages.hamburg.de\/?page_id=36"},"modified":"2020-02-17T13:50:06","modified_gmt":"2020-02-17T12:50:06","slug":"soziales-lernen","status":"publish","type":"page","link":"https:\/\/sts-oldenfelde.hamburg.de\/?page_id=36","title":{"rendered":"Soziales Lernen"},"content":{"rendered":"<p>F\u00fcr die neuen 5. Klassen findet zu Beginn des Schuljahres unter dem Motto \u201eWir werden eine Klassengemeinschaft\u201c ein Projekttag zum Sozialen Lernen statt. Die \u00dcbungen und gruppendynamischen Spiele sollen das Miteinander und das \u201eWir-Gef\u00fchl\u201c f\u00f6rdern.<\/p>\n<p><img loading=\"lazy\" decoding=\"async\" class=\"alignnone  wp-image-244109\" src=\"https:\/\/sts-oldenfelde.hamburg.de\/wp-content\/uploads\/sites\/173\/2020\/02\/sozialeslernen-300x209.jpg\" alt=\"\" width=\"682\" height=\"475\" srcset=\"https:\/\/sts-oldenfelde.hamburg.de\/wp-content\/uploads\/sites\/173\/2020\/02\/sozialeslernen-300x209.jpg 300w, https:\/\/sts-oldenfelde.hamburg.de\/wp-content\/uploads\/sites\/173\/2020\/02\/sozialeslernen-768x536.jpg 768w, https:\/\/sts-oldenfelde.hamburg.de\/wp-content\/uploads\/sites\/173\/2020\/02\/sozialeslernen-1024x715.jpg 1024w, https:\/\/sts-oldenfelde.hamburg.de\/wp-content\/uploads\/sites\/173\/2020\/02\/sozialeslernen.jpg 1920w\" sizes=\"auto, (max-width: 682px) 100vw, 682px\" \/><\/p>\n<p>Soziales Lernen in der Schule bedeutet f\u00fcr uns, dass die F\u00f6rderung sozialer F\u00e4higkeiten der Sch\u00fclerinnen und Sch\u00fcler um so erfolgreicher verlaufen wird, je wohler sich die Kinder in ihrem Klassenverband f\u00fchlen. Daher ist es wichtig, bei den Sch\u00fclerinnen und Sch\u00fclern eine positive Einstellung zu den einzelnen Mitsch\u00fclern, sowie zu den Lehrkr\u00e4ften zu schaffen. Diese positive Einstellung bildet die Grundlage f\u00fcr die Entwicklung eines Wir-Gef\u00fchls und des Zusammenhalts innerhalb einer Klasse.<\/p>\n<p>Weiterhin werden durch das Soziale Lernen positiv gef\u00f6rdert:<\/p>\n<ul>\n<li>Aufbau von Beziehungen und Freundschaften<\/li>\n<li>Vertrauen<\/li>\n<li>Team- und Gemeinschaftsbildung<\/li>\n<li>Zusammenhalt<\/li>\n<li>Konfliktl\u00f6sungsstrategien<\/li>\n<\/ul>\n","protected":false},"excerpt":{"rendered":"<p>F\u00fcr die neuen 5. Klassen findet zu Beginn des Schuljahres unter dem Motto \u201eWir werden eine Klassengemeinschaft\u201c ein Projekttag zum Sozialen Lernen statt. Die \u00dcbungen und gruppendynamischen Spiele sollen das Miteinander und das \u201eWir-Gef\u00fchl\u201c&#46;&#46;&#46;<\/p>\n","protected":false},"author":728,"featured_media":0,"parent":0,"menu_order":0,"comment_status":"closed","ping_status":"closed","template":"","meta":{"_acf_changed":false,"footnotes":""},"class_list":["post-36","page","type-page","status-publish","hentry"],"acf":[],"_links":{"self":[{"href":"https:\/\/sts-oldenfelde.hamburg.de\/index.php?rest_route=\/wp\/v2\/pages\/36","targetHints":{"allow":["GET"]}}],"collection":[{"href":"https:\/\/sts-oldenfelde.hamburg.de\/index.php?rest_route=\/wp\/v2\/pages"}],"about":[{"href":"https:\/\/sts-oldenfelde.hamburg.de\/index.php?rest_route=\/wp\/v2\/types\/page"}],"author":[{"embeddable":true,"href":"https:\/\/sts-oldenfelde.hamburg.de\/index.php?rest_route=\/wp\/v2\/users\/728"}],"replies":[{"embeddable":true,"href":"https:\/\/sts-oldenfelde.hamburg.de\/index.php?rest_route=%2Fwp%2Fv2%2Fcomments&post=36"}],"version-history":[{"count":0,"href":"https:\/\/sts-oldenfelde.hamburg.de\/index.php?rest_route=\/wp\/v2\/pages\/36\/revisions"}],"wp:attachment":[{"href":"https:\/\/sts-oldenfelde.hamburg.de\/index.php?rest_route=%2Fwp%2Fv2%2Fmedia&parent=36"}],"curies":[{"name":"wp","href":"https:\/\/api.w.org\/{rel}","templated":true}]}}