{"id":34,"date":"2015-04-29T11:01:32","date_gmt":"2015-04-29T09:01:32","guid":{"rendered":"http:\/\/sts-oldenfelde.schulhomepages.hamburg.de\/?page_id=34"},"modified":"2020-02-17T13:04:42","modified_gmt":"2020-02-17T12:04:42","slug":"lernzeit","status":"publish","type":"page","link":"https:\/\/sts-oldenfelde.hamburg.de\/?page_id=34","title":{"rendered":"Lernzeit"},"content":{"rendered":"<div class=\"maintext\">\n<p>Viele Eltern und Kinder sind heute auf verl\u00e4ssliche Betreuungsangebote nach dem Unterricht angewiesen. Unsere Schule bietet daher im Rahmen des Ganztagsangebots f\u00fcr die j\u00fcngeren Sch\u00fclerinnen und Sch\u00fcler (Klassen 5 bis 8) eine kostenlose Lernzeit an. In der Lernzeit kann Ihr Kind seine Hausaufgaben machen, f\u00fcr eine Arbeit \u00fcben oder sich mit einem Klassenkameraden auf ein Referat vorbereiten.<\/p>\n<p><img loading=\"lazy\" decoding=\"async\" class=\"alignleft size-medium wp-image-244098\" src=\"https:\/\/sts-oldenfelde.hamburg.de\/wp-content\/uploads\/sites\/173\/2020\/02\/lernzeit-300x200.jpg\" alt=\"\" width=\"300\" height=\"200\" srcset=\"https:\/\/sts-oldenfelde.hamburg.de\/wp-content\/uploads\/sites\/173\/2020\/02\/lernzeit-300x200.jpg 300w, https:\/\/sts-oldenfelde.hamburg.de\/wp-content\/uploads\/sites\/173\/2020\/02\/lernzeit-768x512.jpg 768w, https:\/\/sts-oldenfelde.hamburg.de\/wp-content\/uploads\/sites\/173\/2020\/02\/lernzeit.jpg 945w\" sizes=\"auto, (max-width: 300px) 100vw, 300px\" \/>F\u00fcr die Jahrg\u00e4nge 5 bis 6 findet die betreute Lernzeit von Montag bis Donnerstag nach dem Unterrichtsende um 13.30 Uhr statt. Ab dem Jahrgang 7 findet an zwei Nachmittagen in der Woche eine Lernzeit statt, an einem dritten Tag haben die Sch\u00fcler regul\u00e4r bis einschlie\u00dflich der 7. Stunde Unterricht.<br \/>\nDie Lernzeit wird dienstags, mittwochs und donnerstags im Klassenverband durchgef\u00fchrt und durch einen Klassenlehrer oder einen den Kindern bekannten Lehrer begleitet. Montags wird die Lernzeit durch ausgebildetes, p\u00e4dagogisch geschultes Personal von unserem Partner \u201eLernf\u00f6rderung Nord e.V.\u201c durchgef\u00fchrt. Freitags bieten wir auf Grund der sehr geringen Nachfrage keine Lernzeit an. Die Sozialp\u00e4dagogInnen unserer Schule betreuen die Kinder mit Betreuungsbedarf freitags stattdessen in der Spielewerkstatt von 14.00-16.00 Uhr.<\/p>\n<p>Damit ein Kind an dem Angebot teilnehmen kann, muss es angemeldet werden. Bei Interesse wenden Sie sich bitte an den Klassenlehrer bzw. die Klassenlehrerin oder melden sich im Schulb\u00fcro.<\/p>\n<p>Hier finden Sie unser Lernzeitkonzept:<\/p>\n<p><a href=\"https:\/\/sts-oldenfelde.hamburg.de\/wp-content\/uploads\/sites\/173\/2015\/04\/Konzept-Lernzeit.pdf\" rel=\"\">Konzept Lernzeit<\/a><\/p>\n<\/div>\n","protected":false},"excerpt":{"rendered":"<p>Viele Eltern und Kinder sind heute auf verl\u00e4ssliche Betreuungsangebote nach dem Unterricht angewiesen. Unsere Schule bietet daher im Rahmen des Ganztagsangebots f\u00fcr die j\u00fcngeren Sch\u00fclerinnen und Sch\u00fcler (Klassen 5 bis 8) eine kostenlose Lernzeit&#46;&#46;&#46;<\/p>\n","protected":false},"author":728,"featured_media":0,"parent":0,"menu_order":0,"comment_status":"closed","ping_status":"closed","template":"","meta":{"_acf_changed":false,"footnotes":""},"class_list":["post-34","page","type-page","status-publish","hentry"],"acf":[],"_links":{"self":[{"href":"https:\/\/sts-oldenfelde.hamburg.de\/index.php?rest_route=\/wp\/v2\/pages\/34","targetHints":{"allow":["GET"]}}],"collection":[{"href":"https:\/\/sts-oldenfelde.hamburg.de\/index.php?rest_route=\/wp\/v2\/pages"}],"about":[{"href":"https:\/\/sts-oldenfelde.hamburg.de\/index.php?rest_route=\/wp\/v2\/types\/page"}],"author":[{"embeddable":true,"href":"https:\/\/sts-oldenfelde.hamburg.de\/index.php?rest_route=\/wp\/v2\/users\/728"}],"replies":[{"embeddable":true,"href":"https:\/\/sts-oldenfelde.hamburg.de\/index.php?rest_route=%2Fwp%2Fv2%2Fcomments&post=34"}],"version-history":[{"count":1,"href":"https:\/\/sts-oldenfelde.hamburg.de\/index.php?rest_route=\/wp\/v2\/pages\/34\/revisions"}],"predecessor-version":[{"id":35,"href":"https:\/\/sts-oldenfelde.hamburg.de\/index.php?rest_route=\/wp\/v2\/pages\/34\/revisions\/35"}],"wp:attachment":[{"href":"https:\/\/sts-oldenfelde.hamburg.de\/index.php?rest_route=%2Fwp%2Fv2%2Fmedia&parent=34"}],"curies":[{"name":"wp","href":"https:\/\/api.w.org\/{rel}","templated":true}]}}