{"id":33821,"date":"2016-12-06T13:30:38","date_gmt":"2016-12-06T12:30:38","guid":{"rendered":"http:\/\/sts-oldenfelde.hamburg.de\/?page_id=33821"},"modified":"2020-02-12T11:25:29","modified_gmt":"2020-02-12T10:25:29","slug":"wahlpflicht-module","status":"publish","type":"page","link":"https:\/\/sts-oldenfelde.hamburg.de\/?page_id=33821","title":{"rendered":"Wahlpflicht-Module"},"content":{"rendered":"<p>Im Rahmen des <a href=\"https:\/\/sts-oldenfelde.hamburg.de\/?page_id=255\">BO-Tages<\/a>&nbsp;k\u00f6nnen wir unseren Sch\u00fclerinnen und Sch\u00fclern in Kooperation mit unseren Partnern&nbsp;eine gro\u00dfe Auswahl an verschiedensten Wahlpflicht-Modulen anbieten. Diese Kurse sind in den meisten F\u00e4llen jahrgangs\u00fcbergreifend und werden auf verschiedene Niveaus ausgerichtet \u2013 vom Basis- bis zum Profikurs. So kann jeder seine individuellen St\u00e4rken bei uns voll einbringen bzw. auch viel Neues f\u00fcr sich entdecken.<\/p>\n<p>Die Sch\u00fclerinnen und Sch\u00fcler k\u00f6nnen aktuell aus folgenden Wahlpflicht-Modulen w\u00e4hlen:<\/p>\n<ul>\n<li>Babysitterkurs<\/li>\n<li>Bankbauprojekt \u2013 Marketing<\/li>\n<li>Bankbauprojekt \u2013 Produktion<\/li>\n<li>Bankbauprojekt \u2013 Produktion (Fortf\u00fchrung)<\/li>\n<li>Biologie Profikurs<\/li>\n<li>Botschafter f\u00fcr Oldenfelde<\/li>\n<li>Business-Englisch<\/li>\n<li>Computer Grundkenntnisse<\/li>\n<li>Deutsch Basiskurs<\/li>\n<li>Englisch Basiskurs<\/li>\n<li>Gesellschaftsspiele<\/li>\n<li>Grafik und Design<\/li>\n<li>Holzwerken<\/li>\n<li>Informatik<\/li>\n<li>Jugend debattiert<\/li>\n<li>Kochen<\/li>\n<li>Kraftfahrzeug-Technik (KFZ-Kurs)<\/li>\n<li>Kreatives Schreiben<\/li>\n<li>Kunst \u201efarbig bis schwarz-wei\u00df\u201c<\/li>\n<li>Mathe Basiskurs<\/li>\n<li>Medien- und Veranstaltungstechnik<\/li>\n<li>Medizin<\/li>\n<li>Musik instrumental<\/li>\n<li>Office-Produkte<\/li>\n<li>Persisch (Farsi)<\/li>\n<li>Pr\u00e4sentationskurs<\/li>\n<li>Rund um Kunst, Kultur und Geografie<\/li>\n<li>Schulband<\/li>\n<li>Schulchor<\/li>\n<li>Streitschlichter (Einsteiger)<\/li>\n<li>Streitschlichter (Profikurs)<\/li>\n<li>Textil-Upcycling<\/li>\n<li>Urban Gardening<\/li>\n<li>Welt der Berufe<\/li>\n<\/ul>\n","protected":false},"excerpt":{"rendered":"<p>Im Rahmen des BO-Tages&nbsp;k\u00f6nnen wir unseren Sch\u00fclerinnen und Sch\u00fclern in Kooperation mit unseren Partnern&nbsp;eine gro\u00dfe Auswahl an verschiedensten Wahlpflicht-Modulen anbieten. Diese Kurse sind in den meisten F\u00e4llen jahrgangs\u00fcbergreifend und werden auf verschiedene Niveaus ausgerichtet&#46;&#46;&#46;<\/p>\n","protected":false},"author":728,"featured_media":0,"parent":0,"menu_order":0,"comment_status":"closed","ping_status":"closed","template":"","meta":{"_acf_changed":false,"footnotes":""},"class_list":["post-33821","page","type-page","status-publish","hentry"],"acf":[],"_links":{"self":[{"href":"https:\/\/sts-oldenfelde.hamburg.de\/index.php?rest_route=\/wp\/v2\/pages\/33821","targetHints":{"allow":["GET"]}}],"collection":[{"href":"https:\/\/sts-oldenfelde.hamburg.de\/index.php?rest_route=\/wp\/v2\/pages"}],"about":[{"href":"https:\/\/sts-oldenfelde.hamburg.de\/index.php?rest_route=\/wp\/v2\/types\/page"}],"author":[{"embeddable":true,"href":"https:\/\/sts-oldenfelde.hamburg.de\/index.php?rest_route=\/wp\/v2\/users\/728"}],"replies":[{"embeddable":true,"href":"https:\/\/sts-oldenfelde.hamburg.de\/index.php?rest_route=%2Fwp%2Fv2%2Fcomments&post=33821"}],"version-history":[{"count":2,"href":"https:\/\/sts-oldenfelde.hamburg.de\/index.php?rest_route=\/wp\/v2\/pages\/33821\/revisions"}],"predecessor-version":[{"id":244067,"href":"https:\/\/sts-oldenfelde.hamburg.de\/index.php?rest_route=\/wp\/v2\/pages\/33821\/revisions\/244067"}],"wp:attachment":[{"href":"https:\/\/sts-oldenfelde.hamburg.de\/index.php?rest_route=%2Fwp%2Fv2%2Fmedia&parent=33821"}],"curies":[{"name":"wp","href":"https:\/\/api.w.org\/{rel}","templated":true}]}}