{"id":33,"date":"2015-04-29T10:58:24","date_gmt":"2015-04-29T08:58:24","guid":{"rendered":"http:\/\/sts-oldenfelde.schulhomepages.hamburg.de\/?page_id=33"},"modified":"2021-02-25T08:39:31","modified_gmt":"2021-02-25T07:39:31","slug":"forderkurse","status":"publish","type":"page","link":"https:\/\/sts-oldenfelde.hamburg.de\/?page_id=33","title":{"rendered":"Begabtenf\u00f6rderung"},"content":{"rendered":"<p>Als Schule f\u00fcr alle Begabungsstufen m\u00f6chten wir auch leistungsstarke Sch\u00fcler ansprechen und ihre F\u00e4higkeiten f\u00f6rdern und fordern \u2013 sowohl im Klassenverband als auch dar\u00fcber hinaus:<\/p>\n<p style=\"text-align: center\"><strong>F\u00f6rderung von Begabungen<br \/>\n<\/strong>forschen \u2013 entdecken \u2013 lernen<br \/>\nTalente weiterentwickeln<\/p>\n<p>Verantwortlich f\u00fcr diesen Bereich ist Herr Graul-Breiholdt (Fachkraft f\u00fcr Begabtenf\u00f6rderung &#8211; FBF)&nbsp;<\/p>\n<p>Bei Fragen zu Begabungen bzw. Begabtenf\u00f6rderung k\u00f6nnen sich Eltern, Sch\u00fcler und Lehrer gern via E-Mail (<a href=\"mailto:bjoern.graul-breiholdt@sts-old.de\" target=\"_blank\" rel=\"noopener noreferrer\">bjoern.graul-breiholdt@sts-old.de<\/a>) an Herrn Graul wenden.<\/p>\n<h6><strong>Stellenwert von Leistung an unserer Schule:<\/strong><\/h6>\n<ul>\n<li>F\u00f6rder- und Fordervereinbarungen in den Lernentwicklungsgespr\u00e4chen<\/li>\n<li>Wertsch\u00e4tzende Lernatmosph\u00e4re und motivierendes Feedback<\/li>\n<li>Pers\u00f6nliche Gespr\u00e4che mit Sch\u00fcler*innen mit besonderen Begabungen, um Forderma\u00dfnahmen und Ziele zu vereinbaren<\/li>\n<li>Differenzierte Aufgabenstellungen im Klassenverband (Curriculumentwicklung in allen F\u00e4chern im F\u00f6rder- und Forderbereich)<\/li>\n<li>Forderkurse im Ganztag<\/li>\n<li>Profikurse im Wahlpflichtbereich (Jugend debattiert, Biologie Profi, Business Englisch, Pr\u00e4sentationen, Streitschlichter, Botschafter)<\/li>\n<li>J\u00e4hrlich wiederkehrende schulinterne Veranstaltungen mit Siegerehrungen<\/li>\n<li>(z.B. Talentshow f\u00fcr unsere begabten K\u00fcnstler in Musik, Tanz und Gesang,<span class=\"Apple-converted-space\">&nbsp; <\/span>Lesewettbewerb, Turniere im Fu\u00dfball, Brettball, Volleyball und Basketball)<\/li>\n<li>Im Unterricht und in den Forderkursen integrierte Teilnahme an Landes- und Bundeswettbewerben<\/li>\n<li>J\u00e4hrliche Teilnahme an Hamburger Schulmeisterschaften im Fu\u00dfball (Jugend trainiert f\u00fcr Olympia, Uwe-Seeler-Cup), Leichtathletik oder Drachenbootrennen<\/li>\n<li>Kooperation mit dem Forscherlabor des Gymnasium Oldenfelde<\/li>\n<li>Au\u00dferschulisches Enrichment<\/li>\n<\/ul>\n<h6><strong>Wie erkennen wir Begabungen?<br \/>\n<\/strong><\/h6>\n<p>Um aus Talenten und Begabungen gute Leistungen zu machen, arbeiten alle Lehrer*innen unserer Schule in Jahrgangsteams zusammen und haben alle Sch\u00fcler*innen einer Klasse gemeinsam im Blick:<\/p>\n<ul>\n<li>Einsatz eines Beobachtungsbogens in den Zeugniskonferenzen<\/li>\n<li>Nutzung eines einheitlichen Kriterienkatalogs zum Erkennen von St\u00e4rken<\/li>\n<li>Thema \u201eFordern\u201c in Teambesprechungen<\/li>\n<li>Auswertung der KERMIT-Ergebnisse<\/li>\n<li>IQ-Testungen durch den Beratungsdienst<\/li>\n<li>Beratung von Eltern, Lehrern und Sch\u00fclern in der Sprechstunde<\/li>\n<\/ul>\n<p>Im Kursangebot des Ganztags bieten wir Themenbereiche an, die Interessen und Begabungen im Bereich der Sprachen, der Mathematik und der Naturwissenschaften unterst\u00fctzen. In Zukunft sind auch Angebote im Bereich der weiteren Naturwissenschaften angedacht. Hier sollen begabte Sch\u00fclerInnen die M\u00f6glichkeit erhalten, \u201eforschend-entdeckend\u201c zu lernen. F\u00fcr s\u00e4mtliche Forderkurse werden die Eltern der f\u00fcr die Inhalte der Kurse ausgew\u00e4hlten Sch\u00fcler pers\u00f6nlich angeschrieben. Die SuS schlie\u00dfen mit den Kursleitern einen verbindlichen Vertrag \u00fcber die regelm\u00e4\u00dfige Anwesenheit und die Lernziele. In diesen Kursen werden \u00fcber den Planunterricht hinausgehende Inhalte in \u00fcberwiegend kooperativen Lernformen erarbeitet. Die Kursleiter setzen zuvor mit der FBF abgesprochene Qualit\u00e4tsstandards einheitlich um. Die erfolgreiche Teilnahme der SuS wird im Zeugnis vermerkt.<\/p>\n<h6>Unsere Forderkurse im Schuljahr 2019\/20<\/h6>\n<ul>\n<li>\u201eNaWi &#8211; Experimente\u201c (Frau Becker)<\/li>\n<li>\u201eSpa\u00df mit Mathematik\u201c (Herr Lubig)<\/li>\n<li>\u201eSpa\u00df mit Englisch\u201c (Frau Keil)<\/li>\n<li>\u201eKreatives Schreiben\u201c (Herr Hildebrand)<\/li>\n<\/ul>\n<h6><strong>Teilnahme an offiziellen Wettbewerben 2019\/20<\/strong><\/h6>\n<p><strong>Im naturwissenschaftlichen Bereich:<\/strong><\/p>\n<p><img loading=\"lazy\" decoding=\"async\" class=\"wp-image-244092 alignleft\" src=\"https:\/\/sts-oldenfelde.hamburg.de\/wp-content\/uploads\/sites\/173\/2020\/02\/coden-246x300.png\" alt=\"\" width=\"135\" height=\"165\" srcset=\"https:\/\/sts-oldenfelde.hamburg.de\/wp-content\/uploads\/sites\/173\/2020\/02\/coden-246x300.png 246w, https:\/\/sts-oldenfelde.hamburg.de\/wp-content\/uploads\/sites\/173\/2020\/02\/coden-768x937.png 768w, https:\/\/sts-oldenfelde.hamburg.de\/wp-content\/uploads\/sites\/173\/2020\/02\/coden-839x1024.png 839w, https:\/\/sts-oldenfelde.hamburg.de\/wp-content\/uploads\/sites\/173\/2020\/02\/coden.png 890w\" sizes=\"auto, (max-width: 135px) 100vw, 135px\" \/><\/p>\n<ul>\n<li>NATEX<\/li>\n<li>K\u00e4nguru-Mathewettbewerb<\/li>\n<li>Informatik Biber<\/li>\n<li>Jugendwettbewerb Informatik<\/li>\n<\/ul>\n<p>&nbsp;<\/p>\n<p>&nbsp;<\/p>\n<p><strong>Im gesellschaftswissenschaftlichen Bereich:<\/strong><\/p>\n<ul>\n<li>Jugend debattiert<\/li>\n<li>Diercke Geographie \u2013 Wettbewerb<\/li>\n<li>Jugend pr\u00e4sentiert<\/li>\n<\/ul>\n<p><strong>Im sprachlichen Bereich:<\/strong><\/p>\n<p><img loading=\"lazy\" decoding=\"async\" class=\"alignnone size-large wp-image-152674\" src=\"https:\/\/sts-oldenfelde.hamburg.de\/wp-content\/uploads\/sites\/173\/2018\/07\/bigchallenge2018-1024x437.jpg\" alt=\"\" width=\"1024\" height=\"437\"><\/p>\n<ul>\n<li>Big Challenge<\/li>\n<li>\u201eHamborger Plattd\u00fc\u00fctsch Pries\u201c<\/li>\n<li>Vorlesewettbewerb<\/li>\n<li>Spelling Bee<\/li>\n<\/ul>\n<p><strong>Im sportlichen Bereich:<\/strong><\/p>\n<p><img loading=\"lazy\" decoding=\"async\" class=\"alignnone size-medium wp-image-191897\" src=\"https:\/\/sts-oldenfelde.hamburg.de\/wp-content\/uploads\/sites\/173\/2018\/11\/drachen18_1-e1581939724603-300x165.jpg\" alt=\"\" width=\"300\" height=\"165\">&nbsp;&nbsp;&nbsp;<img loading=\"lazy\" decoding=\"async\" class=\"alignnone size-medium wp-image-135532\" src=\"https:\/\/sts-oldenfelde.hamburg.de\/wp-content\/uploads\/sites\/173\/2018\/04\/uwe-seeler-pokal-e1581939796915-300x163.jpg\" alt=\"\" width=\"300\" height=\"163\"><\/p>\n<ul>\n<li>Jugend trainiert f\u00fcr Olympia (Fu\u00dfball)<\/li>\n<li>Uwe Seeler Cup (Fu\u00dfball)<\/li>\n<li>Drachenbootmeisterschaften<\/li>\n<\/ul>\n","protected":false},"excerpt":{"rendered":"<p>Als Schule f\u00fcr alle Begabungsstufen m\u00f6chten wir auch leistungsstarke Sch\u00fcler ansprechen und ihre F\u00e4higkeiten f\u00f6rdern und fordern \u2013 sowohl im Klassenverband als auch dar\u00fcber hinaus: F\u00f6rderung von Begabungen forschen \u2013 entdecken \u2013 lernen Talente&#46;&#46;&#46;<\/p>\n","protected":false},"author":728,"featured_media":0,"parent":0,"menu_order":0,"comment_status":"closed","ping_status":"closed","template":"","meta":{"_acf_changed":false,"footnotes":""},"class_list":["post-33","page","type-page","status-publish","hentry"],"acf":[],"_links":{"self":[{"href":"https:\/\/sts-oldenfelde.hamburg.de\/index.php?rest_route=\/wp\/v2\/pages\/33","targetHints":{"allow":["GET"]}}],"collection":[{"href":"https:\/\/sts-oldenfelde.hamburg.de\/index.php?rest_route=\/wp\/v2\/pages"}],"about":[{"href":"https:\/\/sts-oldenfelde.hamburg.de\/index.php?rest_route=\/wp\/v2\/types\/page"}],"author":[{"embeddable":true,"href":"https:\/\/sts-oldenfelde.hamburg.de\/index.php?rest_route=\/wp\/v2\/users\/728"}],"replies":[{"embeddable":true,"href":"https:\/\/sts-oldenfelde.hamburg.de\/index.php?rest_route=%2Fwp%2Fv2%2Fcomments&post=33"}],"version-history":[{"count":3,"href":"https:\/\/sts-oldenfelde.hamburg.de\/index.php?rest_route=\/wp\/v2\/pages\/33\/revisions"}],"predecessor-version":[{"id":245300,"href":"https:\/\/sts-oldenfelde.hamburg.de\/index.php?rest_route=\/wp\/v2\/pages\/33\/revisions\/245300"}],"wp:attachment":[{"href":"https:\/\/sts-oldenfelde.hamburg.de\/index.php?rest_route=%2Fwp%2Fv2%2Fmedia&parent=33"}],"curies":[{"name":"wp","href":"https:\/\/api.w.org\/{rel}","templated":true}]}}