{"id":32668,"date":"2016-11-29T15:01:57","date_gmt":"2016-11-29T14:01:57","guid":{"rendered":"http:\/\/sts-oldenfelde.hamburg.de\/?page_id=32668"},"modified":"2019-03-26T10:56:31","modified_gmt":"2019-03-26T09:56:31","slug":"warum-zur-stadtteilschule","status":"publish","type":"page","link":"https:\/\/sts-oldenfelde.hamburg.de\/?page_id=32668","title":{"rendered":"Warum zur Stadtteilschule?"},"content":{"rendered":"<div class=\"page\" title=\"Page 5\">\n<div class=\"layoutArea\">\n<div class=\"column\">\n<p>Vergleicht man die strukturellen Gegebenheiten der Stadtteilschule mit denen des Gymnasiums, so lassen sich leicht Argumente f\u00fcr die Stadtteilschule finden. Bei uns haben&nbsp;die Kinder&nbsp;dieselben M\u00f6glichkeiten einen Abschluss zu machen, bekommen daf\u00fcr aber mehr Zeit einger\u00e4umt. So k\u00f6nnen sich die Kinder mit weniger Druck freier entfalten und erforschen, wo ihre St\u00e4rken liegen. Unsere multiprofessionellen Teams gehen&nbsp;in kleineren Klassen flexibel auf die Kompetenzen der&nbsp;Kinder ein und unterst\u00fctzen jedes Kind individuell, so dass die Motivation, immer wieder das Beste zu geben, langfristig erhalten bleibt.<\/p>\n<\/div>\n<\/div>\n<div class=\"layoutArea\">\n<div class=\"column\">\n<table style=\"width: 842px\">\n<tbody>\n<tr style=\"height: 18px\">\n<td style=\"height: 18px;width: 434.53125px;text-align: left\"><span style=\"color: #ff6600\"><strong>Stadtteilschule<\/strong><\/span><br \/>\n\u2022 in 9 Jahren zum Abitur<br \/>\n\u2022 durchschnittl. 31 Wochenstunden<br \/>\n\u2022 23 SuS in Klasse 5<br \/>\n\u2022 Beginn der 2. Fremdsprache in Klasse 7 oder Klasse 11<\/td>\n<td style=\"height: 18px;width: 391.484375px;text-align: left\"><span style=\"color: #ff6600\">Gymnasium<\/span><br \/>\n\u2022 in 8 Jahren zum Abitur<br \/>\n\u2022 durchschnittl. 34 Wochenstunden<br \/>\n\u2022 28 SuS in Klasse 5<br \/>\n\u2022 Beginn der 2. Fremdsprache in Klasse 6<\/td>\n<\/tr>\n<\/tbody>\n<\/table>\n<p>&nbsp;<\/p>\n<\/div>\n<div class=\"column\">&nbsp;<\/div>\n<\/div>\n<\/div>\n","protected":false},"excerpt":{"rendered":"<p>Vergleicht man die strukturellen Gegebenheiten der Stadtteilschule mit denen des Gymnasiums, so lassen sich leicht Argumente f\u00fcr die Stadtteilschule finden. Bei uns haben&nbsp;die Kinder&nbsp;dieselben M\u00f6glichkeiten einen Abschluss zu machen, bekommen daf\u00fcr aber mehr Zeit&#46;&#46;&#46;<\/p>\n","protected":false},"author":728,"featured_media":0,"parent":0,"menu_order":0,"comment_status":"closed","ping_status":"closed","template":"","meta":{"_acf_changed":false,"footnotes":""},"class_list":["post-32668","page","type-page","status-publish","hentry"],"acf":[],"_links":{"self":[{"href":"https:\/\/sts-oldenfelde.hamburg.de\/index.php?rest_route=\/wp\/v2\/pages\/32668","targetHints":{"allow":["GET"]}}],"collection":[{"href":"https:\/\/sts-oldenfelde.hamburg.de\/index.php?rest_route=\/wp\/v2\/pages"}],"about":[{"href":"https:\/\/sts-oldenfelde.hamburg.de\/index.php?rest_route=\/wp\/v2\/types\/page"}],"author":[{"embeddable":true,"href":"https:\/\/sts-oldenfelde.hamburg.de\/index.php?rest_route=\/wp\/v2\/users\/728"}],"replies":[{"embeddable":true,"href":"https:\/\/sts-oldenfelde.hamburg.de\/index.php?rest_route=%2Fwp%2Fv2%2Fcomments&post=32668"}],"version-history":[{"count":1,"href":"https:\/\/sts-oldenfelde.hamburg.de\/index.php?rest_route=\/wp\/v2\/pages\/32668\/revisions"}],"predecessor-version":[{"id":32669,"href":"https:\/\/sts-oldenfelde.hamburg.de\/index.php?rest_route=\/wp\/v2\/pages\/32668\/revisions\/32669"}],"wp:attachment":[{"href":"https:\/\/sts-oldenfelde.hamburg.de\/index.php?rest_route=%2Fwp%2Fv2%2Fmedia&parent=32668"}],"curies":[{"name":"wp","href":"https:\/\/api.w.org\/{rel}","templated":true}]}}