{"id":32661,"date":"2016-11-29T14:24:22","date_gmt":"2016-11-29T13:24:22","guid":{"rendered":"http:\/\/sts-oldenfelde.hamburg.de\/?page_id=32661"},"modified":"2016-11-29T15:34:28","modified_gmt":"2016-11-29T14:34:28","slug":"termine-2","status":"publish","type":"page","link":"https:\/\/sts-oldenfelde.hamburg.de\/?page_id=32661","title":{"rendered":"Termine"},"content":{"rendered":"<p>Liebe Eltern,<\/p>\n<p>Ihr Kind ist jetzt in der 4. Klasse. Zum n\u00e4chsten Sommer wird es die Grundschule verlassen und eine weiterf\u00fchrende Schule besuchen. Dieser Neustart will wohl\u00fcberlegt sein. Um Ihnen einen Einblick in die Arbeit unserer Schule zu erm\u00f6glichen, bieten wir Ihnen verschiedene Informationstermine an:<\/p>\n<p><strong>Dienstag, dem 6.12.16 (19.30 bis 21.30 Uhr\/Aula):<\/strong><br \/>\nINFOABEND F\u00dcR DIE ZUK\u00dcNFTIGEN 5. KLASSEN<\/p>\n<p>Bei diesem Termin bieten wir Ihnen einen ausf\u00fchrlichen \u00dcberblick \u00fcber die Schulform \u201eStadtteilschule\u201c und speziell die Angebote unserer Schule an. Wir m\u00f6chten Ihnen z.B. vorstellen,<\/p>\n<ul>\n<li>wie wir den \u00dcbergang von der Grundschule in diese Schule gestalten<\/li>\n<li>welche Schwerpunkte uns in der Arbeit mit den Kindern im Unterricht und im Miteinander wichtig sind<\/li>\n<li>welche Angebote diese Schule f\u00fcr Ihr Kind bereith\u00e4lt<\/li>\n<li>welche Ziele sich diese Schule setzt.<\/li>\n<\/ul>\n<p>Wir nehmen uns in dieser Veranstaltung viel Zeit f\u00fcr Ihre Fragen.<\/p>\n<p><strong>Samstag, dem 14.1.17 (10.00 bis 13.00 Uhr):<\/strong><br \/>\nTAG DER OFFENEN SCHULE<\/p>\n<p>An diesem Tag der offenen Schule k\u00f6nnen Sie mit Ihrem Kind die Schule von innen kennenlernen. Hier werden z.B. Unterrichtsergebnisse pr\u00e4sentiert, die Werkst\u00e4tten und die Fachr\u00e4ume sind ge\u00f6ffnet usw. An diesem Tag k\u00f6nnen Sie sich zudem einen Termin in der Anmeldewoche reservieren. Das erspart Ihnen das ggf. lange Warten im Februar.<\/p>\n<p><strong>Dienstag, dem 24.1.17 (19.30 bis 20.30 Uhr):<\/strong><br \/>\n2. INFOABEND F\u00dcR DIE ZUK\u00dcNFTIGEN 5. KLASSEN<\/p>\n<p>An diesem Abend laden wir Interessierte ein, vertiefende oder neue Fragen zu stellen. Diese Veranstaltung richtet sich insbesondere an die Eltern, die noch weitere, erg\u00e4nzende Informationen f\u00fcr ihre Schulwahl brauchen. Wir freuen uns auch, wenn Eltern diese Veranstaltung nutzen, weil sie an dem ersten Informationstermin im Dezember nicht teilnehmen konnten. Wir stellen uns darauf ein, beiden Gruppen gerecht zu werden.<\/p>\n<p><strong>Anmeldewoche von Dienstag, dem 31.1.17 bis Montag, dem 6.2.17:<\/strong><\/p>\n<p>Wir bieten Ihnen die M\u00f6glichkeit, einen Termin f\u00fcr die Anmeldung zu reservieren oder ohne Reservierung zu kommen. Beachten Sie dazu und zu den notwendigen Unterlagen f\u00fcr die Anmeldung bitte den entsprechenden <a href=\"https:\/\/sts-oldenfelde.hamburg.de\/wp-content\/uploads\/sites\/173\/2016\/11\/R\u00fcckseite-Infoveranstaltung-an-Grundschulen-2017.pdf\" target=\"_blank\">Unterpunkt<\/a> auf der Homepage.<\/p>\n<p>Wir freuen uns auf Ihr Kommen!<\/p>\n","protected":false},"excerpt":{"rendered":"<p>Liebe Eltern, Ihr Kind ist jetzt in der 4. Klasse. Zum n\u00e4chsten Sommer wird es die Grundschule verlassen und eine weiterf\u00fchrende Schule besuchen. Dieser Neustart will wohl\u00fcberlegt sein. Um Ihnen einen Einblick in die&#46;&#46;&#46;<\/p>\n","protected":false},"author":282,"featured_media":0,"parent":0,"menu_order":0,"comment_status":"closed","ping_status":"closed","template":"","meta":{"_acf_changed":false,"footnotes":""},"class_list":["post-32661","page","type-page","status-publish","hentry"],"acf":[],"_links":{"self":[{"href":"https:\/\/sts-oldenfelde.hamburg.de\/index.php?rest_route=\/wp\/v2\/pages\/32661","targetHints":{"allow":["GET"]}}],"collection":[{"href":"https:\/\/sts-oldenfelde.hamburg.de\/index.php?rest_route=\/wp\/v2\/pages"}],"about":[{"href":"https:\/\/sts-oldenfelde.hamburg.de\/index.php?rest_route=\/wp\/v2\/types\/page"}],"author":[{"embeddable":true,"href":"https:\/\/sts-oldenfelde.hamburg.de\/index.php?rest_route=\/wp\/v2\/users\/282"}],"replies":[{"embeddable":true,"href":"https:\/\/sts-oldenfelde.hamburg.de\/index.php?rest_route=%2Fwp%2Fv2%2Fcomments&post=32661"}],"version-history":[{"count":1,"href":"https:\/\/sts-oldenfelde.hamburg.de\/index.php?rest_route=\/wp\/v2\/pages\/32661\/revisions"}],"predecessor-version":[{"id":32676,"href":"https:\/\/sts-oldenfelde.hamburg.de\/index.php?rest_route=\/wp\/v2\/pages\/32661\/revisions\/32676"}],"wp:attachment":[{"href":"https:\/\/sts-oldenfelde.hamburg.de\/index.php?rest_route=%2Fwp%2Fv2%2Fmedia&parent=32661"}],"curies":[{"name":"wp","href":"https:\/\/api.w.org\/{rel}","templated":true}]}}