{"id":29,"date":"2015-04-29T10:46:39","date_gmt":"2015-04-29T08:46:39","guid":{"rendered":"http:\/\/sts-oldenfelde.schulhomepages.hamburg.de\/?page_id=29"},"modified":"2021-01-15T09:53:50","modified_gmt":"2021-01-15T08:53:50","slug":"profil-global-village-die-welt-im-wandel","status":"publish","type":"page","link":"https:\/\/sts-oldenfelde.hamburg.de\/?page_id=29","title":{"rendered":"Profil: \u201eGlobal Village&#8220; &#8211; Die Welt im Wandel"},"content":{"rendered":"<h5>Profilgebende F\u00e4cher: PGW, Biologie oder Chemie<\/h5>\n<div class=\"maintext\">\n<p>In diesem Profil geht es um die Rolle des Menschen in einer sich ver\u00e4ndernden Welt. Ausgehend von den profilgebenden F\u00e4chern PGW und Biologie (oder alternativ PGW und Chemie) setzen wir uns kritisch mit aktuellen Wandlungsprozessen auseinander. Herausforderungen, vor denen die Gesellschaft jetzt und in der Zukunft steht, wie etwa das Spannungsfeld zwischen Wirtschaft und Umweltschutz, technische M\u00f6glichkeiten, um den Welthunger nachhaltig zu bek\u00e4mpfen, weltweite Finanz- bzw. Eurokrise sowie Massenmigration, zeigen: Die Welt w\u00e4chst zusammen, Krisenherde in fremden Regionen ber\u00fchren zunehmend nationale Interessen \u2013 diese und \u00e4hnliche Problemstellungen stehen im Zentrum des F\u00e4cherverbundes. Dabei wird der Mensch stets als Teil des Ganzen betrachtet, wobei neben sozio-politischen Aspekten auch wirtschaftliche und \u00f6kologische Fragestellungen mit eingebunden werden.<\/p>\n<p>Dieses Profil eignet sich besonders f\u00fcr Sch\u00fclerinnen und Sch\u00fcler, die gerne projektorientiert lernen und an au\u00dferschulischen Lernorten mit au\u00dferschulischen Partnern aus Politik, Gesellschaft, Wirtschaft arbeiten m\u00f6chten.<\/p>\n<\/div>\n<div class=\"spacer20\">&nbsp;<\/div>\n<div class=\"spacer20\">&nbsp;<\/div>\n","protected":false},"excerpt":{"rendered":"<p>Profilgebende F\u00e4cher: PGW, Biologie oder Chemie In diesem Profil geht es um die Rolle des Menschen in einer sich ver\u00e4ndernden Welt. Ausgehend von den profilgebenden F\u00e4chern PGW und Biologie (oder alternativ PGW und Chemie)&#46;&#46;&#46;<\/p>\n","protected":false},"author":728,"featured_media":0,"parent":0,"menu_order":0,"comment_status":"closed","ping_status":"closed","template":"","meta":{"_acf_changed":false,"footnotes":""},"class_list":["post-29","page","type-page","status-publish","hentry"],"acf":[],"_links":{"self":[{"href":"https:\/\/sts-oldenfelde.hamburg.de\/index.php?rest_route=\/wp\/v2\/pages\/29","targetHints":{"allow":["GET"]}}],"collection":[{"href":"https:\/\/sts-oldenfelde.hamburg.de\/index.php?rest_route=\/wp\/v2\/pages"}],"about":[{"href":"https:\/\/sts-oldenfelde.hamburg.de\/index.php?rest_route=\/wp\/v2\/types\/page"}],"author":[{"embeddable":true,"href":"https:\/\/sts-oldenfelde.hamburg.de\/index.php?rest_route=\/wp\/v2\/users\/728"}],"replies":[{"embeddable":true,"href":"https:\/\/sts-oldenfelde.hamburg.de\/index.php?rest_route=%2Fwp%2Fv2%2Fcomments&post=29"}],"version-history":[{"count":2,"href":"https:\/\/sts-oldenfelde.hamburg.de\/index.php?rest_route=\/wp\/v2\/pages\/29\/revisions"}],"predecessor-version":[{"id":245199,"href":"https:\/\/sts-oldenfelde.hamburg.de\/index.php?rest_route=\/wp\/v2\/pages\/29\/revisions\/245199"}],"wp:attachment":[{"href":"https:\/\/sts-oldenfelde.hamburg.de\/index.php?rest_route=%2Fwp%2Fv2%2Fmedia&parent=29"}],"curies":[{"name":"wp","href":"https:\/\/api.w.org\/{rel}","templated":true}]}}