{"id":27,"date":"2015-04-29T10:42:26","date_gmt":"2015-04-29T08:42:26","guid":{"rendered":"http:\/\/sts-oldenfelde.schulhomepages.hamburg.de\/?page_id=27"},"modified":"2026-02-11T13:09:32","modified_gmt":"2026-02-11T12:09:32","slug":"oberstufe","status":"publish","type":"page","link":"https:\/\/sts-oldenfelde.hamburg.de\/?page_id=27","title":{"rendered":"Klassen 11 &#8211; 13"},"content":{"rendered":"<h2 style=\"text-align: center\"><span style=\"color: #ff7700\">Save the date:<br \/>\nInfoabend Oberstufe am 1.4.2026, 19 Uhr<\/span><\/h2>\n<p><img loading=\"lazy\" decoding=\"async\" class=\"alignleft size-large wp-image-244100\" src=\"https:\/\/sts-oldenfelde.hamburg.de\/wp-content\/uploads\/sites\/173\/2020\/02\/11bis13-e1581941267498-1024x491.jpg\" alt=\"\" width=\"1024\" height=\"491\" srcset=\"https:\/\/sts-oldenfelde.hamburg.de\/wp-content\/uploads\/sites\/173\/2020\/02\/11bis13-e1581941267498-1024x491.jpg 1024w, https:\/\/sts-oldenfelde.hamburg.de\/wp-content\/uploads\/sites\/173\/2020\/02\/11bis13-e1581941267498-300x144.jpg 300w, https:\/\/sts-oldenfelde.hamburg.de\/wp-content\/uploads\/sites\/173\/2020\/02\/11bis13-e1581941267498-768x368.jpg 768w, https:\/\/sts-oldenfelde.hamburg.de\/wp-content\/uploads\/sites\/173\/2020\/02\/11bis13-e1581941267498.jpg 1577w\" sizes=\"auto, (max-width: 1024px) 100vw, 1024px\" \/><\/p>\n<h3>Leistung erbringen, Erfolge feiern<\/h3>\n<p>Nach der dreizehnten Klasse kann an der Stadtteilschule Oldenfelde das Abitur gemacht werden. Vor dem Eintritt in die Studienstufe (Jahrgang 12 + 13) bietet die Vorstufe (Jahrgang 11) unseren Sch\u00fclerinnen und Sch\u00fclern zus\u00e4tzliche Zeit, ihr individuelles Leistungspotential durch effizientes Arbeiten und Lernen weiter zu entwickeln und sich optimal auf die Studienstufe vorzubereiten.<\/p>\n<div class=\"maintext\">\n<div id=\"attachment_253478\" style=\"width: 276px\" class=\"wp-caption alignleft\"><a href=\"https:\/\/sts-oldenfelde.hamburg.de\/wp-content\/uploads\/sites\/173\/2025\/12\/Infoheft-Oberstufe-2026-28_hp.pdf\"><img loading=\"lazy\" decoding=\"async\" aria-describedby=\"caption-attachment-253478\" class=\" wp-image-253478\" src=\"https:\/\/sts-oldenfelde.hamburg.de\/wp-content\/uploads\/sites\/173\/2025\/12\/Bildschirmfoto-2025-12-15-um-11.49.09-693x1024.png\" alt=\"\" width=\"266\" height=\"393\" srcset=\"https:\/\/sts-oldenfelde.hamburg.de\/wp-content\/uploads\/sites\/173\/2025\/12\/Bildschirmfoto-2025-12-15-um-11.49.09-693x1024.png 693w, https:\/\/sts-oldenfelde.hamburg.de\/wp-content\/uploads\/sites\/173\/2025\/12\/Bildschirmfoto-2025-12-15-um-11.49.09-203x300.png 203w, https:\/\/sts-oldenfelde.hamburg.de\/wp-content\/uploads\/sites\/173\/2025\/12\/Bildschirmfoto-2025-12-15-um-11.49.09-768x1134.png 768w, https:\/\/sts-oldenfelde.hamburg.de\/wp-content\/uploads\/sites\/173\/2025\/12\/Bildschirmfoto-2025-12-15-um-11.49.09.png 868w\" sizes=\"auto, (max-width: 266px) 100vw, 266px\" \/><\/a><p id=\"caption-attachment-253478\" class=\"wp-caption-text\">Unser Informationsheft soll bei der Orientierung in der Oberstufe helfen. Sie finden darin Informationen zur Wahl der Profile und Wahlf\u00e4cher, zur Struktur der Oberstufe und zu organisatorischen Rahmenbedingungen und Regelungen.<\/p><\/div>\n<p>Die<span style=\"color: #ff6600\"> Vorstufe<\/span> ist die Orientierungsphase f\u00fcr die Studienstufe. Die Sch\u00fclerinnen und Sch\u00fcler sollen in diesem Jahrgang einen eigenen Arbeits- und Lernstil finden und die Entscheidungen f\u00fcr die F\u00e4cherwahl in der Profilstudienstufe treffen. Die Vorstufe dient als Start in die Qualifikationsphase und soll das Erreichen eines pers\u00f6nlichen Leistungsoptimums gew\u00e4hrleisten.&nbsp;<\/p>\n<p>Den Wahlzettel f\u00fcr die Oberstufe finden Sie hier:&nbsp;<\/p>\n<p><a href=\"https:\/\/sts-oldenfelde.hamburg.de\/wp-content\/uploads\/sites\/173\/2026\/02\/Wahlzettel-VS-2026.pdf\">Wahlzettel VS 2026<\/a><\/p>\n<\/div>\n<p>In der <span style=\"color: #ff6600\">Studienstufe<\/span> lernen die Sch\u00fclerinnen und Sch\u00fcler in ihrem gew\u00e4hlten Profil. Dar\u00fcber hinaus werden sie in den Pflichtf\u00e4chern Deutsch, Mathematik und Englisch unterrichtet. Durch die Profilwahl und die Wahlf\u00e4cher k\u00f6nnen individuelle Schwerpunkte gesetzt werden. Die gezielte Wahl der schriftlichen und m\u00fcndlichen Abiturpr\u00fcfungsf\u00e4cher unterstreicht diese pers\u00f6nliche Profilierung.<\/p>\n<p>&nbsp;<\/p>\n<p>An der Stadtteilschule Oldenfelde bieten wir folgende <span style=\"color: #ff6600\">Profile<\/span> an:<\/p>\n<ol>\n<li>Modern History of Nations<\/li>\n<li>&#8222;Global Village&#8220;: Die Welt im Wandel<\/li>\n<li>&#8222;Nature&#8220; &#8211; Forschung und Wissenschaft<\/li>\n<\/ol>\n<p><strong><a href=\"https:\/\/sts-oldenfelde.hamburg.de\/?page_id=135\">Hier<\/a> <\/strong>finden Sie noch mehr Informationen zu den Profilen.<\/p>\n<p>Den Wahlzettel f\u00fcr die Profile finden Sie hier: <a href=\"https:\/\/sts-oldenfelde.hamburg.de\/wp-content\/uploads\/sites\/173\/2025\/12\/Wahlzettel-Studienstufe-2026-28.pdf\">Wahlzettel Studienstufe 2026-28<\/a><\/p>\n<p>&nbsp;<\/p>\n<p>W\u00e4hrend der gesamten Oberstufenzeit betreuen und beraten wir die Lernenden. So kann der Erfolg der Gesamtqualifikation erheblich gesteigert werden. Die offene Zusammenarbeit mit Partnerschulen sichert ein breites Angebot an Profilen, Kursen, F\u00e4chern und Lernm\u00f6glichkeiten.<\/p>\n<p>Bei Fragen, Anliegen und Terminabsprachen kontaktieren Sie bitte die Abteilungsleiterin der Sekundarstufe II, Frau Brinkmann, oder das Schulb\u00fcro:<\/p>\n<p><strong>Frau Brinkmann, Abteilungsleiterin Sekundarstufe II<\/strong><br \/>\njuliane.brinkmann(at)sts-old.de<\/p>\n<p><strong>Schulb\u00fcro Stadtteilschule Oldenfelde<\/strong><br \/>\nTelefon 42 88 663 \u2013 50<\/p>\n<p>&nbsp;<\/p>\n","protected":false},"excerpt":{"rendered":"<p>Save the date: Infoabend Oberstufe am 1.4.2026, 19 Uhr Leistung erbringen, Erfolge feiern Nach der dreizehnten Klasse kann an der Stadtteilschule Oldenfelde das Abitur gemacht werden. Vor dem Eintritt in die Studienstufe (Jahrgang 12&#46;&#46;&#46;<\/p>\n","protected":false},"author":728,"featured_media":0,"parent":0,"menu_order":0,"comment_status":"closed","ping_status":"closed","template":"","meta":{"_acf_changed":false,"footnotes":""},"class_list":["post-27","page","type-page","status-publish","hentry"],"acf":[],"_links":{"self":[{"href":"https:\/\/sts-oldenfelde.hamburg.de\/index.php?rest_route=\/wp\/v2\/pages\/27","targetHints":{"allow":["GET"]}}],"collection":[{"href":"https:\/\/sts-oldenfelde.hamburg.de\/index.php?rest_route=\/wp\/v2\/pages"}],"about":[{"href":"https:\/\/sts-oldenfelde.hamburg.de\/index.php?rest_route=\/wp\/v2\/types\/page"}],"author":[{"embeddable":true,"href":"https:\/\/sts-oldenfelde.hamburg.de\/index.php?rest_route=\/wp\/v2\/users\/728"}],"replies":[{"embeddable":true,"href":"https:\/\/sts-oldenfelde.hamburg.de\/index.php?rest_route=%2Fwp%2Fv2%2Fcomments&post=27"}],"version-history":[{"count":42,"href":"https:\/\/sts-oldenfelde.hamburg.de\/index.php?rest_route=\/wp\/v2\/pages\/27\/revisions"}],"predecessor-version":[{"id":253634,"href":"https:\/\/sts-oldenfelde.hamburg.de\/index.php?rest_route=\/wp\/v2\/pages\/27\/revisions\/253634"}],"wp:attachment":[{"href":"https:\/\/sts-oldenfelde.hamburg.de\/index.php?rest_route=%2Fwp%2Fv2%2Fmedia&parent=27"}],"curies":[{"name":"wp","href":"https:\/\/api.w.org\/{rel}","templated":true}]}}