{"id":253382,"date":"2025-09-28T12:55:52","date_gmt":"2025-09-28T10:55:52","guid":{"rendered":"https:\/\/sts-oldenfelde.hamburg.de\/?page_id=253382"},"modified":"2025-12-16T12:29:51","modified_gmt":"2025-12-16T11:29:51","slug":"leitbild-zum-lernen","status":"publish","type":"page","link":"https:\/\/sts-oldenfelde.hamburg.de\/?page_id=253382","title":{"rendered":"\u00a0Leitbild"},"content":{"rendered":"<p>Mit der Ver\u00f6ffentlichung der neuen Hamburger Bildungspl\u00e4ne hat sich das Kollegium der Stadtteilschule Oldenfelde im Rahmen einer Lehrerkonferenz \u00fcberlegt, welche Bedingungen und Aspekte am wichtigsten sind, um das Lernen an unserer Schule zu beschreiben. Die folgende Grafik zeigt das Ergebnis, sortiert nach vier Kategorien und im Einklang mit den Vorgaben des Allgemeinen Teils der <a href=\"https:\/\/www.hamburg.de\/resource\/blob\/123132\/f4ec5d1f1348e96f16dc22d676c53ea2\/a-teil-dl-data.pdf\">Hamburger Bildungspl\u00e4ne<\/a> : (Bitte auf die Grafik klicken)<\/p>\n<p><a href=\"https:\/\/bucket.sts-old.de\/html\/Leitbild%20Code.html\"><img loading=\"lazy\" decoding=\"async\" class=\"alignleft size-large wp-image-253510\" src=\"https:\/\/sts-oldenfelde.hamburg.de\/wp-content\/uploads\/sites\/173\/2025\/12\/Bildschirmfoto-2025-12-16-um-12.26.43-1024x548.png\" alt=\"\" width=\"1024\" height=\"548\" srcset=\"https:\/\/sts-oldenfelde.hamburg.de\/wp-content\/uploads\/sites\/173\/2025\/12\/Bildschirmfoto-2025-12-16-um-12.26.43-1024x548.png 1024w, https:\/\/sts-oldenfelde.hamburg.de\/wp-content\/uploads\/sites\/173\/2025\/12\/Bildschirmfoto-2025-12-16-um-12.26.43-300x161.png 300w, https:\/\/sts-oldenfelde.hamburg.de\/wp-content\/uploads\/sites\/173\/2025\/12\/Bildschirmfoto-2025-12-16-um-12.26.43-768x411.png 768w, https:\/\/sts-oldenfelde.hamburg.de\/wp-content\/uploads\/sites\/173\/2025\/12\/Bildschirmfoto-2025-12-16-um-12.26.43-1536x822.png 1536w, https:\/\/sts-oldenfelde.hamburg.de\/wp-content\/uploads\/sites\/173\/2025\/12\/Bildschirmfoto-2025-12-16-um-12.26.43.png 1970w\" sizes=\"auto, (max-width: 1024px) 100vw, 1024px\" \/><\/a><\/p>\n<p><a href=\"https:\/\/bucket.sts-old.de\/html\/Leitbild%20Code.html\">https:\/\/bucket.sts-old.de\/html\/Leitbild%20Code.html<\/a><\/p>\n","protected":false},"excerpt":{"rendered":"<p>Mit der Ver\u00f6ffentlichung der neuen Hamburger Bildungspl\u00e4ne hat sich das Kollegium der Stadtteilschule Oldenfelde im Rahmen einer Lehrerkonferenz \u00fcberlegt, welche Bedingungen und Aspekte am wichtigsten sind, um das Lernen an unserer Schule zu beschreiben.&#46;&#46;&#46;<\/p>\n","protected":false},"author":728,"featured_media":0,"parent":0,"menu_order":0,"comment_status":"closed","ping_status":"closed","template":"","meta":{"_acf_changed":false,"footnotes":""},"class_list":["post-253382","page","type-page","status-publish","hentry"],"acf":[],"_links":{"self":[{"href":"https:\/\/sts-oldenfelde.hamburg.de\/index.php?rest_route=\/wp\/v2\/pages\/253382","targetHints":{"allow":["GET"]}}],"collection":[{"href":"https:\/\/sts-oldenfelde.hamburg.de\/index.php?rest_route=\/wp\/v2\/pages"}],"about":[{"href":"https:\/\/sts-oldenfelde.hamburg.de\/index.php?rest_route=\/wp\/v2\/types\/page"}],"author":[{"embeddable":true,"href":"https:\/\/sts-oldenfelde.hamburg.de\/index.php?rest_route=\/wp\/v2\/users\/728"}],"replies":[{"embeddable":true,"href":"https:\/\/sts-oldenfelde.hamburg.de\/index.php?rest_route=%2Fwp%2Fv2%2Fcomments&post=253382"}],"version-history":[{"count":6,"href":"https:\/\/sts-oldenfelde.hamburg.de\/index.php?rest_route=\/wp\/v2\/pages\/253382\/revisions"}],"predecessor-version":[{"id":253512,"href":"https:\/\/sts-oldenfelde.hamburg.de\/index.php?rest_route=\/wp\/v2\/pages\/253382\/revisions\/253512"}],"wp:attachment":[{"href":"https:\/\/sts-oldenfelde.hamburg.de\/index.php?rest_route=%2Fwp%2Fv2%2Fmedia&parent=253382"}],"curies":[{"name":"wp","href":"https:\/\/api.w.org\/{rel}","templated":true}]}}