{"id":253013,"date":"2025-07-07T11:04:54","date_gmt":"2025-07-07T09:04:54","guid":{"rendered":"https:\/\/sts-oldenfelde.hamburg.de\/?page_id=253013"},"modified":"2026-03-23T09:52:56","modified_gmt":"2026-03-23T08:52:56","slug":"kultur-kuenste","status":"publish","type":"page","link":"https:\/\/sts-oldenfelde.hamburg.de\/?page_id=253013","title":{"rendered":"Kultur &amp; K\u00fcnste"},"content":{"rendered":"<p>An unserer wachsenden Schule gibt es viele, mal mehr und mal weniger sichtbare Projekte rund um das Thema Kultur &amp; K\u00fcnste. Vieles davon l\u00e4uft im Unterricht ab und wird nur von wenigen Menschen unserer gro\u00dfen Gemeinschaft wahrgenommen, manches kommt zwar auf die gro\u00dfe B\u00fchne unsere Aula, ist aber \u2013 wie Konzerte oder Theaterauff\u00fchrungen \u2013 nach einmaligem Vorspiel vorbei.<\/p>\n<div id=\"metaslider-id-253096\" style=\"max-width: 1000px; margin: 0 auto;\" class=\"ml-slider-3-107-0 metaslider metaslider-flex metaslider-253096 ml-slider ms-theme-default nav-hidden\" role=\"region\" aria-label=\"K\u00fcnste\" data-height=\"600\" data-width=\"1000\">\n    <div id=\"metaslider_container_253096\">\n        <div id=\"metaslider_253096\">\n            <ul class='slides'>\n                <li style=\"display: block; width: 100%;\" class=\"slide-253097 ms-image \" aria-roledescription=\"slide\" data-date=\"2025-07-14 12:33:56\" data-filename=\"IMG_2783-scaled-1000x600.jpeg\" data-slide-type=\"image\"><img loading=\"lazy\" decoding=\"async\" src=\"https:\/\/sts-oldenfelde.hamburg.de\/wp-content\/uploads\/sites\/173\/2025\/07\/IMG_2783-scaled-1000x600.jpeg\" height=\"600\" width=\"1000\" alt=\"\" class=\"slider-253096 slide-253097 msDefaultImage\" title=\"IMG_2783\" \/><div class=\"caption-wrap\"><div class=\"caption\"><span class=\"bsb-copyright-notice\">Anja Sanne<\/span><\/div><\/div><\/li>\n                <li style=\"display: none; width: 100%;\" class=\"slide-253098 ms-image \" aria-roledescription=\"slide\" data-date=\"2025-07-14 12:33:56\" data-filename=\"IMG_7371-scaled-1000x600.jpeg\" data-slide-type=\"image\"><img loading=\"lazy\" decoding=\"async\" src=\"https:\/\/sts-oldenfelde.hamburg.de\/wp-content\/uploads\/sites\/173\/2025\/07\/IMG_7371-scaled-1000x600.jpeg\" height=\"600\" width=\"1000\" alt=\"\" class=\"slider-253096 slide-253098 msDefaultImage\" title=\"IMG_7371\" \/><div class=\"caption-wrap\"><div class=\"caption\"><span class=\"bsb-copyright-notice\">Anja Sanne<\/span><\/div><\/div><\/li>\n                <li style=\"display: none; width: 100%;\" class=\"slide-253099 ms-image \" aria-roledescription=\"slide\" data-date=\"2025-07-14 12:33:56\" data-filename=\"IMG_0133-805x483.jpeg\" data-slide-type=\"image\"><img loading=\"lazy\" decoding=\"async\" src=\"https:\/\/sts-oldenfelde.hamburg.de\/wp-content\/uploads\/sites\/173\/2025\/07\/IMG_0133-805x483.jpeg\" height=\"600\" width=\"1000\" alt=\"\" class=\"slider-253096 slide-253099 msDefaultImage\" title=\"Kunst\" \/><div class=\"caption-wrap\"><div class=\"caption\"><span class=\"bsb-copyright-notice\">Anja Sanne<\/span><\/div><\/div><\/li>\n                <li style=\"display: none; width: 100%;\" class=\"slide-253100 ms-image \" aria-roledescription=\"slide\" data-date=\"2025-07-14 12:33:57\" data-filename=\"2024-10-10-Schule-a.d.Buehne-361-1000x600.jpg\" data-slide-type=\"image\"><img loading=\"lazy\" decoding=\"async\" src=\"https:\/\/sts-oldenfelde.hamburg.de\/wp-content\/uploads\/sites\/173\/2025\/07\/2024-10-10-Schule-a.d.Buehne-361-1000x600.jpg\" height=\"600\" width=\"1000\" alt=\"\" class=\"slider-253096 slide-253100 msDefaultImage\" title=\"10. Okt. 2024 SttS Oldenfelde Schule a.d.B\u00fchne\" \/><div class=\"caption-wrap\"><div class=\"caption\"><span class=\"bsb-copyright-notice\">Johannes Kolfhaus<\/span><\/div><\/div><\/li>\n                <li style=\"display: none; width: 100%;\" class=\"slide-253101 ms-image \" aria-roledescription=\"slide\" data-date=\"2025-07-14 12:33:57\" data-filename=\"2024-10-10-Schule-a.d.Buehne-273-1000x600.jpg\" data-slide-type=\"image\"><img loading=\"lazy\" decoding=\"async\" src=\"https:\/\/sts-oldenfelde.hamburg.de\/wp-content\/uploads\/sites\/173\/2025\/07\/2024-10-10-Schule-a.d.Buehne-273-1000x600.jpg\" height=\"600\" width=\"1000\" alt=\"\" class=\"slider-253096 slide-253101 msDefaultImage\" title=\"10. Okt. 2024 SttS Oldenfelde Schule a.d.B\u00fchne\" \/><div class=\"caption-wrap\"><div class=\"caption\"><span class=\"bsb-copyright-notice\">Johannes Kolfhaus<\/span><\/div><\/div><\/li>\n                <li style=\"display: none; width: 100%;\" class=\"slide-253105 ms-image \" aria-roledescription=\"slide\" data-date=\"2025-07-14 12:38:47\" data-filename=\"IMG_4775-scaled-1000x600.jpg\" data-slide-type=\"image\"><img loading=\"lazy\" decoding=\"async\" src=\"https:\/\/sts-oldenfelde.hamburg.de\/wp-content\/uploads\/sites\/173\/2025\/07\/IMG_4775-scaled-1000x600.jpg\" height=\"600\" width=\"1000\" alt=\"\" class=\"slider-253096 slide-253105 msDefaultImage\" title=\"Casting\" \/><div class=\"caption-wrap\"><div class=\"caption\"><span class=\"bsb-copyright-notice\">Susannah Friesicke<\/span><\/div><\/div><\/li>\n                <li style=\"display: none; width: 100%;\" class=\"slide-253106 ms-image \" aria-roledescription=\"slide\" data-date=\"2025-07-14 12:41:02\" data-filename=\"IMG_0078-scaled-1000x600.jpeg\" data-slide-type=\"image\"><img loading=\"lazy\" decoding=\"async\" src=\"https:\/\/sts-oldenfelde.hamburg.de\/wp-content\/uploads\/sites\/173\/2025\/07\/IMG_0078-scaled-1000x600.jpeg\" height=\"600\" width=\"1000\" alt=\"\" class=\"slider-253096 slide-253106 msDefaultImage\" title=\"IMG_0078\" \/><div class=\"caption-wrap\"><div class=\"caption\"><span class=\"bsb-copyright-notice\">Anja Sanne<\/span><\/div><\/div><\/li>\n            <\/ul>\n        <\/div>\n        \n    <\/div>\n<\/div>\n<p>&nbsp;<\/p>\n<p>Nicht nur in den k\u00fcnstlerischen F\u00e4chern Kunst, Musik und Theater k\u00f6nnen sich unsere Sch\u00fclerinnen und Sch\u00fcler kreativ verwirklichen, auch in anderen F\u00e4chern sowie im Nachmittagsbereich, in Projekten und Wettbewerben gibt es Gelegenheit, den eigenen Gedanken und Gef\u00fchlen und dem eigenen K\u00f6nnen Ausdruck zu verleihen. Auf diesen Seiten wollen wir vieles davon sammeln und f\u00fcr eine l\u00e4ngere Zeit sichtbar machen.<\/p>\n<h4><strong>Unsere Events:<\/strong><\/h4>\n<ul>\n<li><a href=\"https:\/\/sts-oldenfelde.hamburg.de\/?cat=36\" target=\"_blank\" rel=\"noopener\">Spot on&nbsp;<\/a><\/li>\n<li><a href=\"https:\/\/sts-oldenfelde.hamburg.de\/?cat=42\">Abend der K\u00fcnste<\/a><\/li>\n<li><a href=\"https:\/\/sts-oldenfelde.hamburg.de\/?cat=43\">Musik<\/a><\/li>\n<li><a href=\"https:\/\/sts-oldenfelde.hamburg.de\/?cat=44\">Theater<\/a><\/li>\n<\/ul>\n<h4>Kultur &amp; K\u00fcnste an der STS Oldenfelde<\/h4>\n<p><a href=\"https:\/\/sts-oldenfelde.hamburg.de\/?page_id=253026\" target=\"_blank\" rel=\"noopener\"><strong>\u21d2 Kunst<\/strong><\/a><\/p>\n<p><a href=\"https:\/\/sts-oldenfelde.hamburg.de\/?page_id=253028\" target=\"_blank\" rel=\"noopener\"><strong>\u21d2 Theater<\/strong><\/a><\/p>\n<p>\u21d2 Rund um das Thema Kultur &amp; K\u00fcnste<\/p>\n<p>\u21d2 Musik<\/p>\n<p>\u21d2 Literatur &amp; Medien<\/p>\n<p>&nbsp;<\/p>\n<p>&nbsp;<\/p>\n","protected":false},"excerpt":{"rendered":"<p>An unserer wachsenden Schule gibt es viele, mal mehr und mal weniger sichtbare Projekte rund um das Thema Kultur &amp; K\u00fcnste. Vieles davon l\u00e4uft im Unterricht ab und wird nur von wenigen Menschen unserer&#46;&#46;&#46;<\/p>\n","protected":false},"author":728,"featured_media":0,"parent":0,"menu_order":0,"comment_status":"closed","ping_status":"closed","template":"","meta":{"_acf_changed":false,"footnotes":""},"class_list":["post-253013","page","type-page","status-publish","hentry"],"acf":[],"_links":{"self":[{"href":"https:\/\/sts-oldenfelde.hamburg.de\/index.php?rest_route=\/wp\/v2\/pages\/253013","targetHints":{"allow":["GET"]}}],"collection":[{"href":"https:\/\/sts-oldenfelde.hamburg.de\/index.php?rest_route=\/wp\/v2\/pages"}],"about":[{"href":"https:\/\/sts-oldenfelde.hamburg.de\/index.php?rest_route=\/wp\/v2\/types\/page"}],"author":[{"embeddable":true,"href":"https:\/\/sts-oldenfelde.hamburg.de\/index.php?rest_route=\/wp\/v2\/users\/728"}],"replies":[{"embeddable":true,"href":"https:\/\/sts-oldenfelde.hamburg.de\/index.php?rest_route=%2Fwp%2Fv2%2Fcomments&post=253013"}],"version-history":[{"count":43,"href":"https:\/\/sts-oldenfelde.hamburg.de\/index.php?rest_route=\/wp\/v2\/pages\/253013\/revisions"}],"predecessor-version":[{"id":253663,"href":"https:\/\/sts-oldenfelde.hamburg.de\/index.php?rest_route=\/wp\/v2\/pages\/253013\/revisions\/253663"}],"wp:attachment":[{"href":"https:\/\/sts-oldenfelde.hamburg.de\/index.php?rest_route=%2Fwp%2Fv2%2Fmedia&parent=253013"}],"curies":[{"name":"wp","href":"https:\/\/api.w.org\/{rel}","templated":true}]}}