{"id":252842,"date":"2025-01-14T20:05:49","date_gmt":"2025-01-14T19:05:49","guid":{"rendered":"https:\/\/sts-oldenfelde.hamburg.de\/?page_id=252842"},"modified":"2025-01-14T20:06:48","modified_gmt":"2025-01-14T19:06:48","slug":"schulkleidung","status":"publish","type":"page","link":"https:\/\/sts-oldenfelde.hamburg.de\/?page_id=252842","title":{"rendered":"Schulkleidung"},"content":{"rendered":"<p><strong>NEU &#8211; Schulkleidung der STS Oldenfelde<\/strong><\/p>\n<p>Der Schulverein der Stadtteilschule Oldenfelde e.V. bietet ab sofort \u00fcber den Online-Shop eine ausgew\u00e4hlte Kollektion an hochwertiger Schulkleidung an. Es k\u00f6nnen M\u00fctzen, T-Shirts, Hoodies und Kapuzensweatjacken mit dem Logo der Stadtteilschule Oldenfelde in unterschiedlichen Farben und Gr\u00f6\u00dfen bestellt werden.<br \/>\n<img loading=\"lazy\" decoding=\"async\" class=\"alignnone size-large wp-image-252843\" src=\"https:\/\/sts-oldenfelde.hamburg.de\/wp-content\/uploads\/sites\/173\/2025\/01\/Bild-1-1024x1024.jpg\" alt=\"\" width=\"1024\" height=\"1024\" srcset=\"https:\/\/sts-oldenfelde.hamburg.de\/wp-content\/uploads\/sites\/173\/2025\/01\/Bild-1-1024x1024.jpg 1024w, https:\/\/sts-oldenfelde.hamburg.de\/wp-content\/uploads\/sites\/173\/2025\/01\/Bild-1-300x300.jpg 300w, https:\/\/sts-oldenfelde.hamburg.de\/wp-content\/uploads\/sites\/173\/2025\/01\/Bild-1-150x150.jpg 150w, https:\/\/sts-oldenfelde.hamburg.de\/wp-content\/uploads\/sites\/173\/2025\/01\/Bild-1-768x768.jpg 768w, https:\/\/sts-oldenfelde.hamburg.de\/wp-content\/uploads\/sites\/173\/2025\/01\/Bild-1-80x80.jpg 80w, https:\/\/sts-oldenfelde.hamburg.de\/wp-content\/uploads\/sites\/173\/2025\/01\/Bild-1-320x320.jpg 320w, https:\/\/sts-oldenfelde.hamburg.de\/wp-content\/uploads\/sites\/173\/2025\/01\/Bild-1.jpg 1215w\" sizes=\"auto, (max-width: 1024px) 100vw, 1024px\" \/><\/p>\n<p>Die Bestellung und Abwicklung erfolgt direkt \u00fcber den <span style=\"font-size: 14pt\"><strong><a href=\"https:\/\/nso-team.de\/partnershop\/stadtteilschule-oldenfelde.html\">Shop<\/a>&nbsp;<\/strong><\/span><\/p>\n<p><img loading=\"lazy\" decoding=\"async\" class=\"alignnone size-large wp-image-252844\" src=\"https:\/\/sts-oldenfelde.hamburg.de\/wp-content\/uploads\/sites\/173\/2025\/01\/Bild-2-1024x1024.jpg\" alt=\"\" width=\"1024\" height=\"1024\" srcset=\"https:\/\/sts-oldenfelde.hamburg.de\/wp-content\/uploads\/sites\/173\/2025\/01\/Bild-2-1024x1024.jpg 1024w, https:\/\/sts-oldenfelde.hamburg.de\/wp-content\/uploads\/sites\/173\/2025\/01\/Bild-2-300x300.jpg 300w, https:\/\/sts-oldenfelde.hamburg.de\/wp-content\/uploads\/sites\/173\/2025\/01\/Bild-2-150x150.jpg 150w, https:\/\/sts-oldenfelde.hamburg.de\/wp-content\/uploads\/sites\/173\/2025\/01\/Bild-2-768x768.jpg 768w, https:\/\/sts-oldenfelde.hamburg.de\/wp-content\/uploads\/sites\/173\/2025\/01\/Bild-2-80x80.jpg 80w, https:\/\/sts-oldenfelde.hamburg.de\/wp-content\/uploads\/sites\/173\/2025\/01\/Bild-2-320x320.jpg 320w, https:\/\/sts-oldenfelde.hamburg.de\/wp-content\/uploads\/sites\/173\/2025\/01\/Bild-2.jpg 1080w\" sizes=\"auto, (max-width: 1024px) 100vw, 1024px\" \/><br \/>\nWer Mitglied im Schulverein ist bzw. wird, erh\u00e4lt einen einmaligen Rabatt bei der T-Shirt Bestellung. Schreiben Sie uns bitte dazu vor der Bestellung einmal an: schulverein@sts-old.de.<\/p>\n<p>Ein Tipp von uns: Ab 50 Euro bestellt man dort versandkostenfrei. Geben Sie gerne eine Sammelbestellung mit weiteren Eltern, Freunden oder Mitsch\u00fcler*innen zusammen auf!<\/p>\n<p>Viel Freude beim Bestellen und Tragen der Schulkleidung.<\/p>\n<p>Ihr Schulverein der Stadtteilschule Oldenfelde<\/p>\n","protected":false},"excerpt":{"rendered":"<p>NEU &#8211; Schulkleidung der STS Oldenfelde Der Schulverein der Stadtteilschule Oldenfelde e.V. bietet ab sofort \u00fcber den Online-Shop eine ausgew\u00e4hlte Kollektion an hochwertiger Schulkleidung an. Es k\u00f6nnen M\u00fctzen, T-Shirts, Hoodies und Kapuzensweatjacken mit dem&#46;&#46;&#46;<\/p>\n","protected":false},"author":728,"featured_media":0,"parent":0,"menu_order":0,"comment_status":"closed","ping_status":"closed","template":"","meta":{"_acf_changed":false,"footnotes":""},"class_list":["post-252842","page","type-page","status-publish","hentry"],"acf":[],"_links":{"self":[{"href":"https:\/\/sts-oldenfelde.hamburg.de\/index.php?rest_route=\/wp\/v2\/pages\/252842","targetHints":{"allow":["GET"]}}],"collection":[{"href":"https:\/\/sts-oldenfelde.hamburg.de\/index.php?rest_route=\/wp\/v2\/pages"}],"about":[{"href":"https:\/\/sts-oldenfelde.hamburg.de\/index.php?rest_route=\/wp\/v2\/types\/page"}],"author":[{"embeddable":true,"href":"https:\/\/sts-oldenfelde.hamburg.de\/index.php?rest_route=\/wp\/v2\/users\/728"}],"replies":[{"embeddable":true,"href":"https:\/\/sts-oldenfelde.hamburg.de\/index.php?rest_route=%2Fwp%2Fv2%2Fcomments&post=252842"}],"version-history":[{"count":2,"href":"https:\/\/sts-oldenfelde.hamburg.de\/index.php?rest_route=\/wp\/v2\/pages\/252842\/revisions"}],"predecessor-version":[{"id":252846,"href":"https:\/\/sts-oldenfelde.hamburg.de\/index.php?rest_route=\/wp\/v2\/pages\/252842\/revisions\/252846"}],"wp:attachment":[{"href":"https:\/\/sts-oldenfelde.hamburg.de\/index.php?rest_route=%2Fwp%2Fv2%2Fmedia&parent=252842"}],"curies":[{"name":"wp","href":"https:\/\/api.w.org\/{rel}","templated":true}]}}