{"id":252699,"date":"2024-09-30T15:54:00","date_gmt":"2024-09-30T13:54:00","guid":{"rendered":"https:\/\/sts-oldenfelde.hamburg.de\/?page_id=252699"},"modified":"2024-09-30T15:56:45","modified_gmt":"2024-09-30T13:56:45","slug":"verbindungslehrkraefte","status":"publish","type":"page","link":"https:\/\/sts-oldenfelde.hamburg.de\/?page_id=252699","title":{"rendered":"Verbindungslehrkr\u00e4fte"},"content":{"rendered":"<div id=\"attachment_252700\" style=\"width: 1034px\" class=\"wp-caption alignnone\"><img loading=\"lazy\" decoding=\"async\" aria-describedby=\"caption-attachment-252700\" class=\"wp-image-252700 size-large\" src=\"https:\/\/sts-oldenfelde.hamburg.de\/wp-content\/uploads\/sites\/173\/2024\/09\/Verbindungspaedagogen-1024x1024.png\" alt=\"\" width=\"1024\" height=\"1024\" srcset=\"https:\/\/sts-oldenfelde.hamburg.de\/wp-content\/uploads\/sites\/173\/2024\/09\/Verbindungspaedagogen-1024x1024.png 1024w, https:\/\/sts-oldenfelde.hamburg.de\/wp-content\/uploads\/sites\/173\/2024\/09\/Verbindungspaedagogen-300x300.png 300w, https:\/\/sts-oldenfelde.hamburg.de\/wp-content\/uploads\/sites\/173\/2024\/09\/Verbindungspaedagogen-150x150.png 150w, https:\/\/sts-oldenfelde.hamburg.de\/wp-content\/uploads\/sites\/173\/2024\/09\/Verbindungspaedagogen-768x768.png 768w, https:\/\/sts-oldenfelde.hamburg.de\/wp-content\/uploads\/sites\/173\/2024\/09\/Verbindungspaedagogen-80x80.png 80w, https:\/\/sts-oldenfelde.hamburg.de\/wp-content\/uploads\/sites\/173\/2024\/09\/Verbindungspaedagogen-320x320.png 320w, https:\/\/sts-oldenfelde.hamburg.de\/wp-content\/uploads\/sites\/173\/2024\/09\/Verbindungspaedagogen.png 1080w\" sizes=\"auto, (max-width: 1024px) 100vw, 1024px\" \/><p id=\"caption-attachment-252700\" class=\"wp-caption-text\">Herr Brunke und Frau Bauck<\/p><\/div>\n<p>Der Sch\u00fclerrat hat in seiner ersten Sitzung in diesem Schuljahr mehrheitlich Frau Bauck und Herrn Brunke zu seinen Verbindungsp\u00e4dagog*innen gew\u00e4hlt.<\/p>\n<p><em>Foto: C. Mende &nbsp;<\/em><\/p>\n","protected":false},"excerpt":{"rendered":"<p>Der Sch\u00fclerrat hat in seiner ersten Sitzung in diesem Schuljahr mehrheitlich Frau Bauck und Herrn Brunke zu seinen Verbindungsp\u00e4dagog*innen gew\u00e4hlt. Foto: C. Mende &nbsp;<\/p>\n","protected":false},"author":728,"featured_media":0,"parent":0,"menu_order":0,"comment_status":"closed","ping_status":"closed","template":"","meta":{"_acf_changed":false,"footnotes":""},"class_list":["post-252699","page","type-page","status-publish","hentry"],"acf":[],"_links":{"self":[{"href":"https:\/\/sts-oldenfelde.hamburg.de\/index.php?rest_route=\/wp\/v2\/pages\/252699","targetHints":{"allow":["GET"]}}],"collection":[{"href":"https:\/\/sts-oldenfelde.hamburg.de\/index.php?rest_route=\/wp\/v2\/pages"}],"about":[{"href":"https:\/\/sts-oldenfelde.hamburg.de\/index.php?rest_route=\/wp\/v2\/types\/page"}],"author":[{"embeddable":true,"href":"https:\/\/sts-oldenfelde.hamburg.de\/index.php?rest_route=\/wp\/v2\/users\/728"}],"replies":[{"embeddable":true,"href":"https:\/\/sts-oldenfelde.hamburg.de\/index.php?rest_route=%2Fwp%2Fv2%2Fcomments&post=252699"}],"version-history":[{"count":5,"href":"https:\/\/sts-oldenfelde.hamburg.de\/index.php?rest_route=\/wp\/v2\/pages\/252699\/revisions"}],"predecessor-version":[{"id":252705,"href":"https:\/\/sts-oldenfelde.hamburg.de\/index.php?rest_route=\/wp\/v2\/pages\/252699\/revisions\/252705"}],"wp:attachment":[{"href":"https:\/\/sts-oldenfelde.hamburg.de\/index.php?rest_route=%2Fwp%2Fv2%2Fmedia&parent=252699"}],"curies":[{"name":"wp","href":"https:\/\/api.w.org\/{rel}","templated":true}]}}