{"id":251729,"date":"2023-06-20T10:27:15","date_gmt":"2023-06-20T08:27:15","guid":{"rendered":"https:\/\/sts-oldenfelde.hamburg.de\/?page_id=251729"},"modified":"2023-06-23T10:52:00","modified_gmt":"2023-06-23T08:52:00","slug":"gartenbereiche","status":"publish","type":"page","link":"https:\/\/sts-oldenfelde.hamburg.de\/?page_id=251729","title":{"rendered":"Gartenbereiche"},"content":{"rendered":"<h4>&nbsp;<\/h4>\n<p><img loading=\"lazy\" decoding=\"async\" class=\"aligncenter wp-image-251687\" src=\"https:\/\/sts-oldenfelde.hamburg.de\/wp-content\/uploads\/sites\/173\/2023\/06\/Bildschirmfoto-2023-06-20-um-09.32.02-1024x670.png\" alt=\"\" width=\"676\" height=\"442\" srcset=\"https:\/\/sts-oldenfelde.hamburg.de\/wp-content\/uploads\/sites\/173\/2023\/06\/Bildschirmfoto-2023-06-20-um-09.32.02-1024x670.png 1024w, https:\/\/sts-oldenfelde.hamburg.de\/wp-content\/uploads\/sites\/173\/2023\/06\/Bildschirmfoto-2023-06-20-um-09.32.02-300x196.png 300w, https:\/\/sts-oldenfelde.hamburg.de\/wp-content\/uploads\/sites\/173\/2023\/06\/Bildschirmfoto-2023-06-20-um-09.32.02-768x503.png 768w, https:\/\/sts-oldenfelde.hamburg.de\/wp-content\/uploads\/sites\/173\/2023\/06\/Bildschirmfoto-2023-06-20-um-09.32.02-1536x1005.png 1536w, https:\/\/sts-oldenfelde.hamburg.de\/wp-content\/uploads\/sites\/173\/2023\/06\/Bildschirmfoto-2023-06-20-um-09.32.02-2048x1340.png 2048w\" sizes=\"auto, (max-width: 676px) 100vw, 676px\" \/><\/p>\n<p><em>(Mit einem Klick auf die verschiedenen Gartenbereiche erfahren Sie mehr)<\/em><\/p>\n<ul>\n<li><a href=\"https:\/\/sts-oldenfelde.hamburg.de\/wp-content\/uploads\/sites\/173\/2023\/06\/3.1-Nutz-und-Bauerngarten.pdf\">Nutz- und Bauerngarten<\/a><\/li>\n<li><a href=\"https:\/\/sts-oldenfelde.hamburg.de\/wp-content\/uploads\/sites\/173\/2023\/06\/3.2-Rechenzentrum-und-Gewaechshaus.pdf\">Rechenzentrum und Gew\u00e4chshaus<\/a>&nbsp;<\/li>\n<li><a href=\"https:\/\/sts-oldenfelde.hamburg.de\/wp-content\/uploads\/sites\/173\/2023\/06\/3.3-Obstgarten-und-Obstwiese.pdf\">Obstgarten und Obstwiese<\/a>&nbsp;<\/li>\n<li><a href=\"https:\/\/sts-oldenfelde.hamburg.de\/wp-content\/uploads\/sites\/173\/2023\/06\/3.4-Wilder-Garten-\u2013-haufenweise-Lebensraeume.pdf\">Wilder Garten<\/a><\/li>\n<li><a href=\"https:\/\/sts-oldenfelde.hamburg.de\/wp-content\/uploads\/sites\/173\/2023\/06\/3.5-Duft-und-Rosenbeet.pdf\">Duft- und Rosenbeet<\/a>&nbsp;<\/li>\n<li><a href=\"https:\/\/sts-oldenfelde.hamburg.de\/wp-content\/uploads\/sites\/173\/2023\/06\/3.6-Praeriegarten.pdf\">Pr\u00e4riebeet<\/a><\/li>\n<li><a href=\"https:\/\/sts-oldenfelde.hamburg.de\/wp-content\/uploads\/sites\/173\/2023\/06\/3.7-Waldgarten.pdf\">Waldgarten<\/a>&nbsp;<\/li>\n<li><a href=\"https:\/\/sts-oldenfelde.hamburg.de\/wp-content\/uploads\/sites\/173\/2023\/06\/3.8-Heidegarten-Sandarium.pdf\">Naturversuchs- und Heidegarten (mit Sandarium)<\/a><\/li>\n<li><a href=\"https:\/\/sts-oldenfelde.hamburg.de\/wp-content\/uploads\/sites\/173\/2023\/06\/3.9-Innenhoefe.pdf\">Innenh\u00f6fe<\/a>&nbsp;<\/li>\n<li><a href=\"https:\/\/sts-oldenfelde.hamburg.de\/wp-content\/uploads\/sites\/173\/2023\/06\/3.10-an-der-Rampe.pdf\">Versuchsfeld an der Rampe<\/a>&nbsp;<\/li>\n<li><a href=\"https:\/\/sts-oldenfelde.hamburg.de\/wp-content\/uploads\/sites\/173\/2023\/06\/3.11-Kunst-im-Garten.pdf\">Kleine Elemente und Kunst im Garten<\/a>&nbsp;<\/li>\n<\/ul>\n","protected":false},"excerpt":{"rendered":"<p>&nbsp; (Mit einem Klick auf die verschiedenen Gartenbereiche erfahren Sie mehr) Nutz- und Bauerngarten Rechenzentrum und Gew\u00e4chshaus&nbsp; Obstgarten und Obstwiese&nbsp; Wilder Garten Duft- und Rosenbeet&nbsp; Pr\u00e4riebeet Waldgarten&nbsp; Naturversuchs- und Heidegarten (mit Sandarium) Innenh\u00f6fe&nbsp; Versuchsfeld&#46;&#46;&#46;<\/p>\n","protected":false},"author":728,"featured_media":0,"parent":0,"menu_order":0,"comment_status":"closed","ping_status":"closed","template":"","meta":{"_acf_changed":false,"footnotes":""},"class_list":["post-251729","page","type-page","status-publish","hentry"],"acf":[],"_links":{"self":[{"href":"https:\/\/sts-oldenfelde.hamburg.de\/index.php?rest_route=\/wp\/v2\/pages\/251729","targetHints":{"allow":["GET"]}}],"collection":[{"href":"https:\/\/sts-oldenfelde.hamburg.de\/index.php?rest_route=\/wp\/v2\/pages"}],"about":[{"href":"https:\/\/sts-oldenfelde.hamburg.de\/index.php?rest_route=\/wp\/v2\/types\/page"}],"author":[{"embeddable":true,"href":"https:\/\/sts-oldenfelde.hamburg.de\/index.php?rest_route=\/wp\/v2\/users\/728"}],"replies":[{"embeddable":true,"href":"https:\/\/sts-oldenfelde.hamburg.de\/index.php?rest_route=%2Fwp%2Fv2%2Fcomments&post=251729"}],"version-history":[{"count":5,"href":"https:\/\/sts-oldenfelde.hamburg.de\/index.php?rest_route=\/wp\/v2\/pages\/251729\/revisions"}],"predecessor-version":[{"id":251755,"href":"https:\/\/sts-oldenfelde.hamburg.de\/index.php?rest_route=\/wp\/v2\/pages\/251729\/revisions\/251755"}],"wp:attachment":[{"href":"https:\/\/sts-oldenfelde.hamburg.de\/index.php?rest_route=%2Fwp%2Fv2%2Fmedia&parent=251729"}],"curies":[{"name":"wp","href":"https:\/\/api.w.org\/{rel}","templated":true}]}}