{"id":251630,"date":"2023-04-17T09:18:14","date_gmt":"2023-04-17T07:18:14","guid":{"rendered":"https:\/\/sts-oldenfelde.hamburg.de\/?page_id=251630"},"modified":"2023-04-17T10:17:48","modified_gmt":"2023-04-17T08:17:48","slug":"werde-ein-teil-der-stadtteilschule-oldenfelde","status":"publish","type":"page","link":"https:\/\/sts-oldenfelde.hamburg.de\/?page_id=251630","title":{"rendered":"Werde ein Teil der Stadtteilschule Oldenfelde!"},"content":{"rendered":"<p style=\"font-weight: 400\"><img loading=\"lazy\" decoding=\"async\" class=\"wp-image-251631 alignright\" src=\"https:\/\/sts-oldenfelde.hamburg.de\/wp-content\/uploads\/sites\/173\/2023\/04\/NeubauBlumen.png\" alt=\"\" width=\"366\" height=\"393\" srcset=\"https:\/\/sts-oldenfelde.hamburg.de\/wp-content\/uploads\/sites\/173\/2023\/04\/NeubauBlumen.png 729w, https:\/\/sts-oldenfelde.hamburg.de\/wp-content\/uploads\/sites\/173\/2023\/04\/NeubauBlumen-279x300.png 279w\" sizes=\"auto, (max-width: 366px) 100vw, 366px\" \/><\/p>\n<p style=\"font-weight: 400\">Wir sind ein junges und offenes Kollegium, das aus Menschen verschiedenster Professionen besteht. Zusammen arbeiten wir t\u00e4glich daran, dass unsere Sch\u00fcler*innen ihr Bestes geben k\u00f6nnen.<\/p>\n<p style=\"font-weight: 400\">&nbsp;<\/p>\n<p>&nbsp;<\/p>\n<p>&nbsp;<\/p>\n<p>&nbsp;<\/p>\n<p>&nbsp;<\/p>\n<p>&nbsp;<\/p>\n<h3>Viele gute Gr\u00fcnde um mit uns zu arbeiten:<\/h3>\n<p style=\"font-weight: 400\"><strong>Ein guter Start<\/strong><\/p>\n<p style=\"font-weight: 400\">Damit dein Start bei uns so richtig gut gelingt, haben wir extra eine Einstiegsbeauftragte, die sich um dich k\u00fcmmert und dir deinen Anfang bei uns so leicht wie m\u00f6glich macht. Sie hat ein gro\u00dfartiges Konzept entwickelt, das dir alles an die Hand gibt, was du an Infos brauchst und hat immer ein Auge auf dich, ob es dir bei uns auch gut geht.<\/p>\n<p style=\"font-weight: 400\"><strong>Arbeiten in Teams<\/strong><\/p>\n<p style=\"font-weight: 400\">Niemand muss sich bei uns alleine durchboxen. Wir arbeiten eng in unterschiedlichen interdisziplinarischen Teams zusammen, z.B. in Klassenteams, Jahrgangsteams, Fachteams. So entstehen die besten Unterrichtsideen und du findest jederzeit Unterst\u00fctzung, wenn du mal etwas brauchst.<\/p>\n<p style=\"font-weight: 400\"><strong>Digitaler Unterricht<\/strong><\/p>\n<p style=\"font-weight: 400\">Wir sind eine Medienschule, bei der die Beteiligten ganz selbstverst\u00e4ndlich mit digitalen Endger\u00e4ten und der n\u00f6tigen Technik arbeiten k\u00f6nnen. Alle Klassen sind mit interaktiven Whiteboards ausgestattet, den Jahrg\u00e4ngen sind mehrere Tablet-S\u00e4tze zugeordnet, die f\u00fcr den Unterricht genutzt werden k\u00f6nnen, wir haben einen umfassenden Schulserver und unsere Koordinatorin f\u00fcr Digitale Unterrichtsentwicklung versorgt uns immer wieder mit Ideen.<\/p>\n<p style=\"font-weight: 400\"><strong>Wohlf\u00fchlen<\/strong><\/p>\n<p style=\"font-weight: 400\">Damit du dich bei uns auch mal entspannen und in Ruhe mit Kolleg*innen austauschen kannst, stehen uns mehrere R\u00e4ume zur Verf\u00fcgung. Wir haben ein Lehrerarbeitszimmer, in dem du am PC oder deinem eigenen Ger\u00e4t in Ruhe arbeiten kannst, eine Lehrerk\u00fcche f\u00fcr den Kl\u00f6nschnack und sogar einen Ruheraum. Zus\u00e4tzlich haben wir eine Wohlf\u00fchl-AG, die sich zwischendurch nette Kleinigkeiten f\u00fcr uns ausdenkt. Au\u00dferdem machen wir einmal im Jahr einen gro\u00dfen Kollegiumsausflug.<\/p>\n<p style=\"font-weight: 400\"><strong>Du kannst etwas bewegen<\/strong><\/p>\n<p style=\"font-weight: 400\">Du bist bei uns herzlich eingeladen die Schulentwicklung ganz konkret mit voran zu treiben! Wir haben viele verschiedene Arbeitsgemeinschaften, in denen wir an unterschiedlichen Projekten im Sinne der Schule und ihrer Verbesserung arbeiten. Au\u00dferdem arbeiten wir in sehr flachen Hierarchien und die Schulleitung hat stehts ein offenes Ohr f\u00fcr deine Ideen!<\/p>\n<p style=\"font-weight: 400\"><strong>&nbsp;<\/strong><\/p>\n<h3>Wir suchen:<\/h3>\n<p style=\"font-weight: 400\"><strong>Lehrkr\u00e4fte f\u00fcr alle Fachbereiche<br \/>\n<\/strong><u>Bedingung:<\/u> abgeschlossenes Lehramtsstudium.<\/p>\n<p style=\"font-weight: 400\">Ob wir deine F\u00e4cherkombination gerade brauchen, findest du am besten in einem pers\u00f6nlichen Gespr\u00e4ch mit unserem Schulleiter Herr Homp heraus. Da unsere Schule stetig w\u00e4chst und stark angew\u00e4hlt wird, haben wir eigentlich immer Bedarf an neuen Kolleg*innen.<\/p>\n<p style=\"font-weight: 400\"><strong>&nbsp;<\/strong><\/p>\n<p style=\"font-weight: 400\"><strong>Sonderp\u00e4dagog*innen<br \/>\n<\/strong><u>Bedingung:<\/u> abgeschlossenes Lehramtsstudium der Sonderp\u00e4dagogik.<\/p>\n<p style=\"font-weight: 400\">F\u00fcr dich wird Inklusion gro\u00df geschrieben und als wertvoller Teil einer bunt gemischten Sch\u00fclerschaft verstanden? Dann bist du bei uns genau richtig. Bewirb dich unabh\u00e4ngig von deiner F\u00e4cherkombination.<\/p>\n<p style=\"font-weight: 400\"><strong>&nbsp;<\/strong><\/p>\n<p style=\"font-weight: 400\"><strong>Sozialp\u00e4dagogen<br \/>\n<\/strong><u>Bedingung:<\/u> abgeschlossene Ausbildung\/Studium im sozialen Bereich.<\/p>\n<p style=\"font-weight: 400\">Wenn du gerne mit Kindern und Jugendlichen arbeitest und sie auf ihrem Weg zu kompetenten Erwachsenen begleiten m\u00f6chtest, dann bist du bei uns genau richtig. Unser gro\u00dfes Beratungsteam freut sich darauf, dich kennenzulernen.<\/p>\n<p style=\"font-weight: 400\"><strong>&nbsp;<\/strong><\/p>\n<p style=\"font-weight: 400\"><strong>Seiteneinsteiger<br \/>\n<\/strong><u>Bedingung:<\/u> abgeschlossenes Studium.<\/p>\n<p style=\"font-weight: 400\">Du hast ein abgeschlossenes Studium, egal in welchem Bereich und Lust mit Kindern und Jugendlichen zu arbeiten? Dann melde dich gerne bei uns und wir schauen, wie du unser Team bereichern kannst. Wir sind immer auf der Suche nach Honorarkr\u00e4ften, Vertretungslehrkr\u00e4ften oder Menschen, die unsere Ganztagskurse oder die F\u00f6rderung unterst\u00fctzen wollen.<\/p>\n<p style=\"font-weight: 400\">&nbsp;<\/p>\n<p style=\"font-weight: 400\"><strong>Zuk\u00fcnftige Referendare<br \/>\n<\/strong><u>Bedingung:<\/u> ein abgeschlossenes Lehramtsstudium.<\/p>\n<p style=\"font-weight: 400\">Du wartest aktuell auf deinen Referendariatsplatz bzw dass es endlich los geht und suchst nach einem Nebenverdienst? Nutze die Zeit gerne bei uns und sammle wichtige Praxiserfahrung als Lehrkraft, die dich wunderbar auf dein Referendariat vorbereitet.<\/p>\n<p style=\"font-weight: 400\">&nbsp;<\/p>\n<h3>So wirst du ein Teil vom Team:<\/h3>\n<p style=\"font-weight: 400\"><strong>Interesse oder noch Fragen?<\/strong><\/p>\n<p style=\"font-weight: 400\">Wende dich sehr gerne per Mail an unseren <strong>Schulleiter Herrn Homp<\/strong> unter <a href=\"mailto:martin.homp@sts-old.de\">martin.homp(at)sts-old.de<\/a> oder rufe ihn \u00fcber das Schulb\u00fcro an unter&nbsp; 040-428 86 63-50<\/p>\n<p style=\"font-weight: 400\"><strong>Online bewerben<\/strong><\/p>\n<p style=\"font-weight: 400\">Du hast dich entschlossen und willst dich direkt bewerben? Lehrkr\u00e4fte k\u00f6nnen dies gerne direkt \u00fcber das Portal f\u00fcr den Hamburger Schuldiest erledigen. Alle anderen senden Ihre Bewerbung bitte an Herrn Homp.<\/p>\n<p style=\"font-weight: 400\"><a href=\"https:\/\/serviceportal.hamburg.de\/HamburgGateway\/FVP\/FV\/BBS\/pbOn\/StASuche.aspx?sid=70\">https:\/\/serviceportal.hamburg.de\/HamburgGateway\/FVP\/FV\/BBS\/pbOn\/StASuche.aspx?sid=70<\/a><\/p>\n<p style=\"font-weight: 400\">&nbsp;<\/p>\n","protected":false},"excerpt":{"rendered":"<p>Wir sind ein junges und offenes Kollegium, das aus Menschen verschiedenster Professionen besteht. Zusammen arbeiten wir t\u00e4glich daran, dass unsere Sch\u00fcler*innen ihr Bestes geben k\u00f6nnen. &nbsp; &nbsp; &nbsp; &nbsp; &nbsp; &nbsp; Viele gute Gr\u00fcnde&#46;&#46;&#46;<\/p>\n","protected":false},"author":728,"featured_media":0,"parent":0,"menu_order":0,"comment_status":"closed","ping_status":"closed","template":"","meta":{"_acf_changed":false,"footnotes":""},"class_list":["post-251630","page","type-page","status-publish","hentry"],"acf":[],"_links":{"self":[{"href":"https:\/\/sts-oldenfelde.hamburg.de\/index.php?rest_route=\/wp\/v2\/pages\/251630","targetHints":{"allow":["GET"]}}],"collection":[{"href":"https:\/\/sts-oldenfelde.hamburg.de\/index.php?rest_route=\/wp\/v2\/pages"}],"about":[{"href":"https:\/\/sts-oldenfelde.hamburg.de\/index.php?rest_route=\/wp\/v2\/types\/page"}],"author":[{"embeddable":true,"href":"https:\/\/sts-oldenfelde.hamburg.de\/index.php?rest_route=\/wp\/v2\/users\/728"}],"replies":[{"embeddable":true,"href":"https:\/\/sts-oldenfelde.hamburg.de\/index.php?rest_route=%2Fwp%2Fv2%2Fcomments&post=251630"}],"version-history":[{"count":11,"href":"https:\/\/sts-oldenfelde.hamburg.de\/index.php?rest_route=\/wp\/v2\/pages\/251630\/revisions"}],"predecessor-version":[{"id":251642,"href":"https:\/\/sts-oldenfelde.hamburg.de\/index.php?rest_route=\/wp\/v2\/pages\/251630\/revisions\/251642"}],"wp:attachment":[{"href":"https:\/\/sts-oldenfelde.hamburg.de\/index.php?rest_route=%2Fwp%2Fv2%2Fmedia&parent=251630"}],"curies":[{"name":"wp","href":"https:\/\/api.w.org\/{rel}","templated":true}]}}