{"id":244266,"date":"2020-04-21T12:33:21","date_gmt":"2020-04-21T10:33:21","guid":{"rendered":"https:\/\/sts-oldenfelde.hamburg.de\/?page_id=244266"},"modified":"2026-01-26T10:19:57","modified_gmt":"2026-01-26T09:19:57","slug":"ueberblick-8-10","status":"publish","type":"page","link":"https:\/\/sts-oldenfelde.hamburg.de\/?page_id=244266","title":{"rendered":"\u00dcberblick 8 &#8211; 10"},"content":{"rendered":"<h3><span style=\"color: #ff9900\">Mein Weg, mein Ziel<\/span><\/h3>\n<p><img loading=\"lazy\" decoding=\"async\" class=\"wp-image-244099 size-large alignnone\" src=\"https:\/\/sts-oldenfelde.hamburg.de\/wp-content\/uploads\/sites\/173\/2020\/02\/8bis10-e1581941168643-1024x463.jpg\" alt=\"\" width=\"1024\" height=\"463\" srcset=\"https:\/\/sts-oldenfelde.hamburg.de\/wp-content\/uploads\/sites\/173\/2020\/02\/8bis10-e1581941168643-1024x463.jpg 1024w, https:\/\/sts-oldenfelde.hamburg.de\/wp-content\/uploads\/sites\/173\/2020\/02\/8bis10-e1581941168643-300x136.jpg 300w, https:\/\/sts-oldenfelde.hamburg.de\/wp-content\/uploads\/sites\/173\/2020\/02\/8bis10-e1581941168643-768x347.jpg 768w, https:\/\/sts-oldenfelde.hamburg.de\/wp-content\/uploads\/sites\/173\/2020\/02\/8bis10-e1581941168643.jpg 1910w\" sizes=\"auto, (max-width: 1024px) 100vw, 1024px\" \/><\/p>\n<p>In der Abteilung 8-10 der&nbsp;Stadtteilschule Oldenfelde werden ca. 300 Sch\u00fclerinnen und Sch\u00fcler unterrichtet. Sie verteilen sich im Schuljahr 2019\/2020 auf 12 Klassen. Das oberste Ziel unserer Arbeit in dieser Stufe ist es, qualifizierte Abschl\u00fcsse zu generieren und Anschlusschancen f\u00fcr unsere Sch\u00fclerinnen und Sch\u00fcler zu erm\u00f6glichen. Neben dem Ersten Allgemeinbildenden Abschluss (ESA) und dem Mittleren Abschluss (MSA) ist auch der \u00dcbergang in unsere Oberstufe und das Abitur m\u00f6glich.&nbsp;<\/p>\n<div id=\"attachment_253389\" style=\"width: 353px\" class=\"wp-caption alignleft\"><a href=\"https:\/\/sts-oldenfelde.hamburg.de\/wp-content\/uploads\/sites\/173\/2025\/10\/2025-26-Infoheft-9-10-innen_neu_hp.pdf\"><img loading=\"lazy\" decoding=\"async\" aria-describedby=\"caption-attachment-253389\" class=\" wp-image-253389\" src=\"https:\/\/sts-oldenfelde.hamburg.de\/wp-content\/uploads\/sites\/173\/2025\/10\/Bildschirmfoto-2025-10-10-um-12.48.25-690x1024.png\" alt=\"\" width=\"343\" height=\"509\" srcset=\"https:\/\/sts-oldenfelde.hamburg.de\/wp-content\/uploads\/sites\/173\/2025\/10\/Bildschirmfoto-2025-10-10-um-12.48.25-690x1024.png 690w, https:\/\/sts-oldenfelde.hamburg.de\/wp-content\/uploads\/sites\/173\/2025\/10\/Bildschirmfoto-2025-10-10-um-12.48.25-202x300.png 202w, https:\/\/sts-oldenfelde.hamburg.de\/wp-content\/uploads\/sites\/173\/2025\/10\/Bildschirmfoto-2025-10-10-um-12.48.25-768x1139.png 768w, https:\/\/sts-oldenfelde.hamburg.de\/wp-content\/uploads\/sites\/173\/2025\/10\/Bildschirmfoto-2025-10-10-um-12.48.25.png 980w\" sizes=\"auto, (max-width: 343px) 100vw, 343px\" \/><\/a><p id=\"caption-attachment-253389\" class=\"wp-caption-text\">Diese Brosch\u00fcre beinhaltet alle relevanten Informationen zu den Anforderungen der Schulabschl\u00fcsse, den Terminen, den Ausgleichsregelungen und vieles mehr<\/p><\/div>\n<p>Die F\u00e4higkeiten und Kompetenzen unserer Sch\u00fclerinnen und Sch\u00fcler wahrzunehmen und diese zu f\u00f6rdern und zu fordern, sehen wir als unsere Hauptaufgabe an. Deswegen haben wir in den Jahrg\u00e4ngen 9 und 10 in den Kernf\u00e4chern Deutsch, Mathematik und Englisch die Fachleistungsdifferenzierung eingef\u00fchrt. Hier kann das Lernen noch zielgerichteter und individualisierter stattfinden.<\/p>\n<p>Daneben haben wir ein umfassendes Kurssystem entwickelt. Hier k\u00f6nnen die Sch\u00fclerinnen und Sch\u00fcler Kurse mit ganz unterschiedlichen Anforderungsniveaus w\u00e4hlen und dabei ihre eigenen Neigungen und Vorstellungen ber\u00fccksichtigen. Neben dem Profikurs Business-Englisch, Office-Anwendungen oder Jugend forscht werden hier auch die handwerklichen Fertigkeiten gef\u00f6rdert und der Umgang mit den Neuen Medien vertieft. Theaterkurse oder die Schulband runden dieses Angebot ab.<\/p>\n<p>Um unseren Sch\u00fclerinnen und Sch\u00fclern auf ihrem Weg ins Leben mit Rat und Tat zur Seite zu stehen, arbeiten wir in der Stufe 8-10 zudem mit vielen Partnern zusammen. Neben unserer Partnerschule, der BS16 (Gewerbeschule f\u00fcr Kraftfahrzeugtechnik), sind dies unter anderem die Jugendberufsagentur, das Grone-Bildungszentrum f\u00fcr Qualifizierung und Integration und weitere Unternehmen der Region, die unsere Sch\u00fclerinnen und Sch\u00fcler mit Praktikumspl\u00e4tzen und Ausbildungsm\u00f6glichkeiten begleiten und unterst\u00fctzen.<\/p>\n<p>Waren in den Schuljahren 5-7 noch die Beziehungsarbeit in den Klassen und das Entdecken der eigenen St\u00e4rken wesentliche Aspekte von Schule, treten in der Mittelstufe jetzt Leistungsbereitschaft, Selbstverantwortung und Motivation st\u00e4rker in den Vordergrund. Trotzdem fehlen weder die Klassenreisen noch die Schul- oder Sportfeste. Mit der feierlichen \u00dcbergabe der Zeugnisse im Jahrgang 10 in unserer Aula endet die Zeit in der Stufe 8-10.<\/p>\n<p>Bei Fragen, Anliegen und Terminabsprachen kontaktieren Sie bitte die Abteilungsleiterin der Klassen 8 bis 10, Frau Honold, oder das Schulb\u00fcro.<\/p>\n<p>&nbsp;<\/p>\n","protected":false},"excerpt":{"rendered":"<p>Mein Weg, mein Ziel In der Abteilung 8-10 der&nbsp;Stadtteilschule Oldenfelde werden ca. 300 Sch\u00fclerinnen und Sch\u00fcler unterrichtet. Sie verteilen sich im Schuljahr 2019\/2020 auf 12 Klassen. Das oberste Ziel unserer Arbeit in dieser Stufe&#46;&#46;&#46;<\/p>\n","protected":false},"author":728,"featured_media":0,"parent":0,"menu_order":0,"comment_status":"closed","ping_status":"closed","template":"","meta":{"_acf_changed":false,"footnotes":""},"class_list":["post-244266","page","type-page","status-publish","hentry"],"acf":[],"_links":{"self":[{"href":"https:\/\/sts-oldenfelde.hamburg.de\/index.php?rest_route=\/wp\/v2\/pages\/244266","targetHints":{"allow":["GET"]}}],"collection":[{"href":"https:\/\/sts-oldenfelde.hamburg.de\/index.php?rest_route=\/wp\/v2\/pages"}],"about":[{"href":"https:\/\/sts-oldenfelde.hamburg.de\/index.php?rest_route=\/wp\/v2\/types\/page"}],"author":[{"embeddable":true,"href":"https:\/\/sts-oldenfelde.hamburg.de\/index.php?rest_route=\/wp\/v2\/users\/728"}],"replies":[{"embeddable":true,"href":"https:\/\/sts-oldenfelde.hamburg.de\/index.php?rest_route=%2Fwp%2Fv2%2Fcomments&post=244266"}],"version-history":[{"count":18,"href":"https:\/\/sts-oldenfelde.hamburg.de\/index.php?rest_route=\/wp\/v2\/pages\/244266\/revisions"}],"predecessor-version":[{"id":253589,"href":"https:\/\/sts-oldenfelde.hamburg.de\/index.php?rest_route=\/wp\/v2\/pages\/244266\/revisions\/253589"}],"wp:attachment":[{"href":"https:\/\/sts-oldenfelde.hamburg.de\/index.php?rest_route=%2Fwp%2Fv2%2Fmedia&parent=244266"}],"curies":[{"name":"wp","href":"https:\/\/api.w.org\/{rel}","templated":true}]}}