{"id":244223,"date":"2020-04-03T11:51:06","date_gmt":"2020-04-03T09:51:06","guid":{"rendered":"https:\/\/sts-oldenfelde.hamburg.de\/?page_id=244223"},"modified":"2025-10-10T12:49:36","modified_gmt":"2025-10-10T10:49:36","slug":"broschuere-jahrgang-9-und-10","status":"publish","type":"page","link":"https:\/\/sts-oldenfelde.hamburg.de\/?page_id=244223","title":{"rendered":"Brosch\u00fcre Jahrgang 9 und 10"},"content":{"rendered":"<p>Diese Brosch\u00fcre beinhaltet alle relevanten Informationen zu den Anforderungen der Schulabschl\u00fcsse, den Terminen, den Ausgleichsregelungen und vieles mehr.<\/p>\n<p>= &gt; Zum \u00d6ffnen des PDF klicken Sie bitte auf das Bild! &nbsp;<\/p>\n<div id=\"attachment_253389\" style=\"width: 700px\" class=\"wp-caption alignleft\"><a href=\"https:\/\/sts-oldenfelde.hamburg.de\/wp-content\/uploads\/sites\/173\/2025\/10\/2025-26-Infoheft-9-10-innen_neu_hp.pdf\"><img loading=\"lazy\" decoding=\"async\" aria-describedby=\"caption-attachment-253389\" class=\"size-large wp-image-253389\" src=\"https:\/\/sts-oldenfelde.hamburg.de\/wp-content\/uploads\/sites\/173\/2025\/10\/Bildschirmfoto-2025-10-10-um-12.48.25-690x1024.png\" alt=\"\" width=\"690\" height=\"1024\" srcset=\"https:\/\/sts-oldenfelde.hamburg.de\/wp-content\/uploads\/sites\/173\/2025\/10\/Bildschirmfoto-2025-10-10-um-12.48.25-690x1024.png 690w, https:\/\/sts-oldenfelde.hamburg.de\/wp-content\/uploads\/sites\/173\/2025\/10\/Bildschirmfoto-2025-10-10-um-12.48.25-202x300.png 202w, https:\/\/sts-oldenfelde.hamburg.de\/wp-content\/uploads\/sites\/173\/2025\/10\/Bildschirmfoto-2025-10-10-um-12.48.25-768x1139.png 768w, https:\/\/sts-oldenfelde.hamburg.de\/wp-content\/uploads\/sites\/173\/2025\/10\/Bildschirmfoto-2025-10-10-um-12.48.25.png 980w\" sizes=\"auto, (max-width: 690px) 100vw, 690px\" \/><\/a><p id=\"caption-attachment-253389\" class=\"wp-caption-text\">Diese Brosch\u00fcre beinhaltet alle relevanten Informationen zu den Anforderungen der Schulabschl\u00fcsse, den Terminen, den Ausgleichsregelungen und vieles mehr<\/p><\/div>\n","protected":false},"excerpt":{"rendered":"<p>Diese Brosch\u00fcre beinhaltet alle relevanten Informationen zu den Anforderungen der Schulabschl\u00fcsse, den Terminen, den Ausgleichsregelungen und vieles mehr. = &gt; Zum \u00d6ffnen des PDF klicken Sie bitte auf das Bild! &nbsp;<\/p>\n","protected":false},"author":728,"featured_media":0,"parent":0,"menu_order":0,"comment_status":"closed","ping_status":"closed","template":"","meta":{"_acf_changed":false,"footnotes":""},"class_list":["post-244223","page","type-page","status-publish","hentry"],"acf":[],"_links":{"self":[{"href":"https:\/\/sts-oldenfelde.hamburg.de\/index.php?rest_route=\/wp\/v2\/pages\/244223","targetHints":{"allow":["GET"]}}],"collection":[{"href":"https:\/\/sts-oldenfelde.hamburg.de\/index.php?rest_route=\/wp\/v2\/pages"}],"about":[{"href":"https:\/\/sts-oldenfelde.hamburg.de\/index.php?rest_route=\/wp\/v2\/types\/page"}],"author":[{"embeddable":true,"href":"https:\/\/sts-oldenfelde.hamburg.de\/index.php?rest_route=\/wp\/v2\/users\/728"}],"replies":[{"embeddable":true,"href":"https:\/\/sts-oldenfelde.hamburg.de\/index.php?rest_route=%2Fwp%2Fv2%2Fcomments&post=244223"}],"version-history":[{"count":26,"href":"https:\/\/sts-oldenfelde.hamburg.de\/index.php?rest_route=\/wp\/v2\/pages\/244223\/revisions"}],"predecessor-version":[{"id":253390,"href":"https:\/\/sts-oldenfelde.hamburg.de\/index.php?rest_route=\/wp\/v2\/pages\/244223\/revisions\/253390"}],"wp:attachment":[{"href":"https:\/\/sts-oldenfelde.hamburg.de\/index.php?rest_route=%2Fwp%2Fv2%2Fmedia&parent=244223"}],"curies":[{"name":"wp","href":"https:\/\/api.w.org\/{rel}","templated":true}]}}