{"id":244161,"date":"2020-02-20T10:38:34","date_gmt":"2020-02-20T09:38:34","guid":{"rendered":"https:\/\/sts-oldenfelde.hamburg.de\/?page_id=244161"},"modified":"2020-02-20T10:38:34","modified_gmt":"2020-02-20T09:38:34","slug":"schuelerfirma-bee-flex","status":"publish","type":"page","link":"https:\/\/sts-oldenfelde.hamburg.de\/?page_id=244161","title":{"rendered":"Sch\u00fclerfirma Bee-Flex"},"content":{"rendered":"<p><img loading=\"lazy\" decoding=\"async\" class=\"alignleft size-medium wp-image-244162\" src=\"https:\/\/sts-oldenfelde.hamburg.de\/wp-content\/uploads\/sites\/173\/2020\/02\/beeflex-300x225.jpg\" alt=\"\" width=\"300\" height=\"225\" srcset=\"https:\/\/sts-oldenfelde.hamburg.de\/wp-content\/uploads\/sites\/173\/2020\/02\/beeflex-300x225.jpg 300w, https:\/\/sts-oldenfelde.hamburg.de\/wp-content\/uploads\/sites\/173\/2020\/02\/beeflex-768x576.jpg 768w, https:\/\/sts-oldenfelde.hamburg.de\/wp-content\/uploads\/sites\/173\/2020\/02\/beeflex-1024x768.jpg 1024w, https:\/\/sts-oldenfelde.hamburg.de\/wp-content\/uploads\/sites\/173\/2020\/02\/beeflex.jpg 1920w\" sizes=\"auto, (max-width: 300px) 100vw, 300px\" \/>Wir sind eine Sch\u00fclerfirma, die dieses Jahr von 9. Kl\u00e4sslern mit Frau Sarp zusammen gegr\u00fcndet wurde. Wir wollen die Umwelt sch\u00fctzen und produzieren aus diesem Grund Bienenwachst\u00fccher.<\/p>\n<p>Die Bienenwachst\u00fccher bestehen zu 100% aus wiederverwerteter Baumwolle und Bienenwachs. Die antibakteriellen T\u00fccher sind perfekt, um Lebensmittel und Mahlzeiten zu verpacken. Die T\u00fccher sind umweltfreundlich und passen sich der Form des Essens perfekt an. Man kann es f\u00fcr Pausenbrote oder den Br\u00f6tchenkauf in der Mensa gut benutzen. Somit werden Frischhaltefolie, Alufolie und Butterbrott\u00fcten eingespart.<\/p>\n<p><em>Text: Marketingabteilung der Sch\u00fclerfirma<\/em><\/p>\n<p>&nbsp;<\/p>\n","protected":false},"excerpt":{"rendered":"<p>Wir sind eine Sch\u00fclerfirma, die dieses Jahr von 9. Kl\u00e4sslern mit Frau Sarp zusammen gegr\u00fcndet wurde. Wir wollen die Umwelt sch\u00fctzen und produzieren aus diesem Grund Bienenwachst\u00fccher. Die Bienenwachst\u00fccher bestehen zu 100% aus wiederverwerteter&#46;&#46;&#46;<\/p>\n","protected":false},"author":728,"featured_media":0,"parent":0,"menu_order":0,"comment_status":"closed","ping_status":"closed","template":"","meta":{"_acf_changed":false,"footnotes":""},"class_list":["post-244161","page","type-page","status-publish","hentry"],"acf":[],"_links":{"self":[{"href":"https:\/\/sts-oldenfelde.hamburg.de\/index.php?rest_route=\/wp\/v2\/pages\/244161","targetHints":{"allow":["GET"]}}],"collection":[{"href":"https:\/\/sts-oldenfelde.hamburg.de\/index.php?rest_route=\/wp\/v2\/pages"}],"about":[{"href":"https:\/\/sts-oldenfelde.hamburg.de\/index.php?rest_route=\/wp\/v2\/types\/page"}],"author":[{"embeddable":true,"href":"https:\/\/sts-oldenfelde.hamburg.de\/index.php?rest_route=\/wp\/v2\/users\/728"}],"replies":[{"embeddable":true,"href":"https:\/\/sts-oldenfelde.hamburg.de\/index.php?rest_route=%2Fwp%2Fv2%2Fcomments&post=244161"}],"version-history":[{"count":0,"href":"https:\/\/sts-oldenfelde.hamburg.de\/index.php?rest_route=\/wp\/v2\/pages\/244161\/revisions"}],"wp:attachment":[{"href":"https:\/\/sts-oldenfelde.hamburg.de\/index.php?rest_route=%2Fwp%2Fv2%2Fmedia&parent=244161"}],"curies":[{"name":"wp","href":"https:\/\/api.w.org\/{rel}","templated":true}]}}