{"id":244159,"date":"2020-02-20T10:35:07","date_gmt":"2020-02-20T09:35:07","guid":{"rendered":"https:\/\/sts-oldenfelde.hamburg.de\/?page_id=244159"},"modified":"2020-02-20T10:35:07","modified_gmt":"2020-02-20T09:35:07","slug":"schuelerfirma-youth-for-future-oldenfelde","status":"publish","type":"page","link":"https:\/\/sts-oldenfelde.hamburg.de\/?page_id=244159","title":{"rendered":"Sch\u00fclerfirma Youth for future Oldenfelde"},"content":{"rendered":"<p><img loading=\"lazy\" decoding=\"async\" class=\"alignleft size-medium wp-image-244160\" src=\"https:\/\/sts-oldenfelde.hamburg.de\/wp-content\/uploads\/sites\/173\/2020\/02\/klima_akt3-1-297x300.jpg\" alt=\"\" width=\"297\" height=\"300\" srcset=\"https:\/\/sts-oldenfelde.hamburg.de\/wp-content\/uploads\/sites\/173\/2020\/02\/klima_akt3-1-297x300.jpg 297w, https:\/\/sts-oldenfelde.hamburg.de\/wp-content\/uploads\/sites\/173\/2020\/02\/klima_akt3-1-768x775.jpg 768w, https:\/\/sts-oldenfelde.hamburg.de\/wp-content\/uploads\/sites\/173\/2020\/02\/klima_akt3-1-1014x1024.jpg 1014w, https:\/\/sts-oldenfelde.hamburg.de\/wp-content\/uploads\/sites\/173\/2020\/02\/klima_akt3-1.jpg 1154w\" sizes=\"auto, (max-width: 297px) 100vw, 297px\" \/>\u201eYouth for future Oldenfelde\u201c &#8211; auch&nbsp; \u201eYouffo\u201c genannt &#8211; ist eine Sch\u00fclerfirma, die wir Sch\u00fclerinnen und Sch\u00fcler&nbsp; aus der 10. Klasse mit Frau Sarp zusammen gegr\u00fcndet haben. Wir verkaufen Trinkflaschen aus Glas inklusive einer Schutzh\u00fclle aus Neopren mit unserem Schullogo bedruckt. Unsere Idee hinter diesem Projekt war es, der Umwelt etwas zu helfen und die Plastiktrinkflaschen und Einwegflaschen an unserer Schule zu reduzieren. Die Flaschen haben ein Fassungsverm\u00f6gen von 500 ml.<\/p>\n<p>Im ersten Halbjahr dieses Schuljahres verkaufte die Sch\u00fclerfirma \u201eYouffo\u201c ca. 80 Trinkflaschen f\u00fcr jeweils 4 Euro. Die H\u00e4lfte der Einnahmen ging an die \u201eUrban Gardening\u201c Kurse unserer Schule, um den Schulhof mit Pflanzen zu begr\u00fcnen.<\/p>\n<p><em>Text: Marketingabteilung der Sch\u00fclerfirma<\/em><\/p>\n<p>&nbsp;<\/p>\n","protected":false},"excerpt":{"rendered":"<p>\u201eYouth for future Oldenfelde\u201c &#8211; auch&nbsp; \u201eYouffo\u201c genannt &#8211; ist eine Sch\u00fclerfirma, die wir Sch\u00fclerinnen und Sch\u00fcler&nbsp; aus der 10. Klasse mit Frau Sarp zusammen gegr\u00fcndet haben. Wir verkaufen Trinkflaschen aus Glas inklusive einer&#46;&#46;&#46;<\/p>\n","protected":false},"author":728,"featured_media":0,"parent":0,"menu_order":0,"comment_status":"closed","ping_status":"closed","template":"","meta":{"_acf_changed":false,"footnotes":""},"class_list":["post-244159","page","type-page","status-publish","hentry"],"acf":[],"_links":{"self":[{"href":"https:\/\/sts-oldenfelde.hamburg.de\/index.php?rest_route=\/wp\/v2\/pages\/244159","targetHints":{"allow":["GET"]}}],"collection":[{"href":"https:\/\/sts-oldenfelde.hamburg.de\/index.php?rest_route=\/wp\/v2\/pages"}],"about":[{"href":"https:\/\/sts-oldenfelde.hamburg.de\/index.php?rest_route=\/wp\/v2\/types\/page"}],"author":[{"embeddable":true,"href":"https:\/\/sts-oldenfelde.hamburg.de\/index.php?rest_route=\/wp\/v2\/users\/728"}],"replies":[{"embeddable":true,"href":"https:\/\/sts-oldenfelde.hamburg.de\/index.php?rest_route=%2Fwp%2Fv2%2Fcomments&post=244159"}],"version-history":[{"count":0,"href":"https:\/\/sts-oldenfelde.hamburg.de\/index.php?rest_route=\/wp\/v2\/pages\/244159\/revisions"}],"wp:attachment":[{"href":"https:\/\/sts-oldenfelde.hamburg.de\/index.php?rest_route=%2Fwp%2Fv2%2Fmedia&parent=244159"}],"curies":[{"name":"wp","href":"https:\/\/api.w.org\/{rel}","templated":true}]}}