{"id":244102,"date":"2020-02-17T13:27:45","date_gmt":"2020-02-17T12:27:45","guid":{"rendered":"https:\/\/sts-oldenfelde.hamburg.de\/?page_id=244102"},"modified":"2020-02-17T13:29:14","modified_gmt":"2020-02-17T12:29:14","slug":"praeventionsarbeit","status":"publish","type":"page","link":"https:\/\/sts-oldenfelde.hamburg.de\/?page_id=244102","title":{"rendered":"Pr\u00e4ventionsarbeit"},"content":{"rendered":"<p>Die schulische Pr\u00e4ventionsarbeit liegt uns an der Stadtteilschule Oldenfelde besonders am Herzen. &nbsp;In jedem Jahrgang veranstalten wir verschiedenste, jahrgangsspezifische Pr\u00e4ventionsveranstaltungen. Zus\u00e4tzlich finden zum Ende eines jeden Schuljahres die so genannten \u201eThementage\u201c statt, welche sich ausschlie\u00dflich der Pr\u00e4ventionsarbeit widmen.<\/p>\n<div id=\"attachment_244103\" style=\"width: 792px\" class=\"wp-caption alignnone\"><img loading=\"lazy\" decoding=\"async\" aria-describedby=\"caption-attachment-244103\" class=\" wp-image-244103\" src=\"https:\/\/sts-oldenfelde.hamburg.de\/wp-content\/uploads\/sites\/173\/2020\/02\/Themen-Pr\u00e4ventionsarbeit-ABB-212x300.jpg\" alt=\"\" width=\"782\" height=\"1107\" srcset=\"https:\/\/sts-oldenfelde.hamburg.de\/wp-content\/uploads\/sites\/173\/2020\/02\/Themen-Pr\u00e4ventionsarbeit-ABB-212x300.jpg 212w, https:\/\/sts-oldenfelde.hamburg.de\/wp-content\/uploads\/sites\/173\/2020\/02\/Themen-Pr\u00e4ventionsarbeit-ABB-768x1086.jpg 768w, https:\/\/sts-oldenfelde.hamburg.de\/wp-content\/uploads\/sites\/173\/2020\/02\/Themen-Pr\u00e4ventionsarbeit-ABB-724x1024.jpg 724w, https:\/\/sts-oldenfelde.hamburg.de\/wp-content\/uploads\/sites\/173\/2020\/02\/Themen-Pr\u00e4ventionsarbeit-ABB.jpg 799w\" sizes=\"auto, (max-width: 782px) 100vw, 782px\" \/><p id=\"caption-attachment-244103\" class=\"wp-caption-text\">Die Abbildung gibt einen schnellen \u00dcberblick \u00fcber die aktuellen jahrgangsspezifischen Pr\u00e4ventionsthemen<\/p><\/div>\n<p><strong>Unsere Themen in K\u00fcrze<\/strong><\/p>\n<p>Jahrgang 5: St\u00e4rkung des Klassenzusammenhalts &amp; Mobbingpr\u00e4vention.<\/p>\n<p>Jahrgang 6: In Kooperation mit pro familia behandeln wir das Thema: \u201eLiebe, Freundschaft und Gef\u00fchle\u201c<\/p>\n<p>Jahrgang 7: Gewaltpr\u00e4vention<\/p>\n<p>Jahrgang 8: Drogenpr\u00e4vention<\/p>\n<p>Zus\u00e4tzlich erfolgt in den Jahrg\u00e4ngen 5 bis 8 pro Schulhalbjahr ein Besuch von unserem \u201ePr\u00e4ventionsbeamten\u201c, der sich gemeinsam mit den Sch\u00fclern den Themen: &#8222;Opferpr\u00e4vention\u201c, &#8222;Zeugen und Helfer&#8220;, &#8222;Gewalt gegen Personen und Sachen&#8220; sowie &#8222;Gewalt- und danach?&#8220; widmet.<\/p>\n<p>Einer unserer Schwerpunkte ist zudem der kritische Umgang mit Medien. In diesem Zusammenhang bilden wir regelm\u00e4\u00dfig Sch\u00fclerinnen und Sch\u00fcler aus der Mittelstufe zu \u201eMedienscouts\u201c aus. Diese f\u00fchren in den Jahrgangsstufen 5 und 6 Workshops durch, welche sich den folgenden Themen widmen: \u201eVerantwortungsvoller Umgang mit den sozialen Medien\u201c, \u201eCybermobbing\u201c sowie dem Thema \u201eDatenschutz und -sicherheit\u201c.<\/p>\n<p>Auch das Thema \u201eGesundheit\u201c spielt f\u00fcr uns eine gro\u00dfe Rolle. Unsere Schule verf\u00fcgt \u00fcber einen \u201eSchulsanit\u00e4tsdienst\u201c, der sich aktuell aus engagierten Sch\u00fclerinnen und Sch\u00fclern der Jahrg\u00e4nge 7-10 zusammensetzt. Dar\u00fcber hinaus k\u00f6nnen medizinisch interessierte Sch\u00fclerinnen und Sch\u00fcler der 8. Jahrgangsstufe den Wahlpflichtkurs: \u201eMedizin\u201c belegen. Geplant ist zudem die Einf\u00fchrung j\u00e4hrlicher Reanimationskurse f\u00fcr den Jahrgang 7.<\/p>\n<p>Weitere Projekte in den Bereichen: \u201eMedien &amp; Cybermobbing\u201c sowie \u201eZivilcourage\u201c sind aktuell in Planung.<\/p>\n","protected":false},"excerpt":{"rendered":"<p>Die schulische Pr\u00e4ventionsarbeit liegt uns an der Stadtteilschule Oldenfelde besonders am Herzen. &nbsp;In jedem Jahrgang veranstalten wir verschiedenste, jahrgangsspezifische Pr\u00e4ventionsveranstaltungen. Zus\u00e4tzlich finden zum Ende eines jeden Schuljahres die so genannten \u201eThementage\u201c statt, welche sich&#46;&#46;&#46;<\/p>\n","protected":false},"author":728,"featured_media":0,"parent":0,"menu_order":0,"comment_status":"closed","ping_status":"closed","template":"","meta":{"_acf_changed":false,"footnotes":""},"class_list":["post-244102","page","type-page","status-publish","hentry"],"acf":[],"_links":{"self":[{"href":"https:\/\/sts-oldenfelde.hamburg.de\/index.php?rest_route=\/wp\/v2\/pages\/244102","targetHints":{"allow":["GET"]}}],"collection":[{"href":"https:\/\/sts-oldenfelde.hamburg.de\/index.php?rest_route=\/wp\/v2\/pages"}],"about":[{"href":"https:\/\/sts-oldenfelde.hamburg.de\/index.php?rest_route=\/wp\/v2\/types\/page"}],"author":[{"embeddable":true,"href":"https:\/\/sts-oldenfelde.hamburg.de\/index.php?rest_route=\/wp\/v2\/users\/728"}],"replies":[{"embeddable":true,"href":"https:\/\/sts-oldenfelde.hamburg.de\/index.php?rest_route=%2Fwp%2Fv2%2Fcomments&post=244102"}],"version-history":[{"count":0,"href":"https:\/\/sts-oldenfelde.hamburg.de\/index.php?rest_route=\/wp\/v2\/pages\/244102\/revisions"}],"wp:attachment":[{"href":"https:\/\/sts-oldenfelde.hamburg.de\/index.php?rest_route=%2Fwp%2Fv2%2Fmedia&parent=244102"}],"curies":[{"name":"wp","href":"https:\/\/api.w.org\/{rel}","templated":true}]}}