{"id":243940,"date":"2019-11-27T10:30:47","date_gmt":"2019-11-27T09:30:47","guid":{"rendered":"https:\/\/sts-oldenfelde.hamburg.de\/?page_id=243940"},"modified":"2023-06-20T10:45:38","modified_gmt":"2023-06-20T08:45:38","slug":"schulhofgarten-wahlpflichtkurse","status":"publish","type":"page","link":"https:\/\/sts-oldenfelde.hamburg.de\/?page_id=243940","title":{"rendered":"Schulhofgarten"},"content":{"rendered":"<p>Unser Schulgarten ist kein klassischer Schulgarten, sondern ein Schul<strong>hof<\/strong>garten. Wir g\u00e4rtnern nach dem Motto: \u201e<strong>Die ganze Schule ist ein Garten<\/strong>.\u201c Unser Ziel ist es, an vielen Orten und Ecken des Schulhofes gr\u00fcn-bunt bl\u00fchende Inseln und vielf\u00e4ltige, kleine Lebensr\u00e4ume f\u00fcr Tiere in der Stadt und uns Menschen der Schulgemeinschaft zu gestalten, zu pflegen und weiterzuentwickeln. Unsere Idee war es, dass Urban Gardening (G\u00e4rtnern in der Stadt) eine Chance und ein Anfang sein kann, die ganze Schule als M\u00f6glichkeit zum G\u00e4rtnern zu betrachten und mehr Gr\u00fcn zu schaffen \u2013 drinnen wie drau\u00dfen.<\/p>\n<div id=\"metaslider-id-243901\" style=\"max-width: 680px;\" class=\"ml-slider-3-107-0 metaslider metaslider-flex metaslider-243901 ml-slider has-dots-nav ms-theme-default\" role=\"region\" aria-label=\"garten\" data-height=\"530\" data-width=\"680\">\n    <div id=\"metaslider_container_243901\">\n        <div id=\"metaslider_243901\">\n            <ul class='slides'>\n                <li style=\"display: block; width: 100%;\" class=\"slide-251690 ms-image \" aria-roledescription=\"slide\" data-date=\"2023-06-20 09:34:29\" data-filename=\"Bildschirmfoto-2023-06-20-um-09.34.04-680x530.png\" data-slide-type=\"image\"><img loading=\"lazy\" decoding=\"async\" src=\"https:\/\/sts-oldenfelde.hamburg.de\/wp-content\/uploads\/sites\/173\/2023\/06\/Bildschirmfoto-2023-06-20-um-09.34.04-680x530.png\" height=\"530\" width=\"680\" alt=\"\" class=\"slider-243901 slide-251690 msDefaultImage\" title=\"Bildschirmfoto 2023-06-20 um 09.34.04\" \/><div class=\"caption-wrap\"><div class=\"caption\">Nutz- und Bauerngarten \u201eUrban Garden\u201c<\/div><\/div><\/li>\n                <li style=\"display: none; width: 100%;\" class=\"slide-251692 ms-image \" aria-roledescription=\"slide\" data-date=\"2023-06-20 09:37:55\" data-filename=\"Bildschirmfoto-2023-06-20-um-09.37.40-680x530.png\" data-slide-type=\"image\"><img loading=\"lazy\" decoding=\"async\" src=\"https:\/\/sts-oldenfelde.hamburg.de\/wp-content\/uploads\/sites\/173\/2023\/06\/Bildschirmfoto-2023-06-20-um-09.37.40-680x530.png\" height=\"530\" width=\"680\" alt=\"\" class=\"slider-243901 slide-251692 msDefaultImage\" title=\"Bildschirmfoto 2023-06-20 um 09.37.40\" \/><div class=\"caption-wrap\"><div class=\"caption\">\u201eRechenzentrum\u201c &amp; Gew\u00e4chshaus<\/div><\/div><\/li>\n                <li style=\"display: none; width: 100%;\" class=\"slide-251694 ms-image \" aria-roledescription=\"slide\" data-date=\"2023-06-20 09:39:00\" data-filename=\"Bildschirmfoto-2023-06-20-um-09.38.49-680x530.png\" data-slide-type=\"image\"><img loading=\"lazy\" decoding=\"async\" src=\"https:\/\/sts-oldenfelde.hamburg.de\/wp-content\/uploads\/sites\/173\/2023\/06\/Bildschirmfoto-2023-06-20-um-09.38.49-680x530.png\" height=\"530\" width=\"680\" alt=\"\" class=\"slider-243901 slide-251694 msDefaultImage\" title=\"Bildschirmfoto 2023-06-20 um 09.38.49\" \/><div class=\"caption-wrap\"><div class=\"caption\">Obstgarten und Obstwiese <\/div><\/div><\/li>\n                <li style=\"display: none; width: 100%;\" class=\"slide-251696 ms-image \" aria-roledescription=\"slide\" data-date=\"2023-06-20 09:40:26\" data-filename=\"Bildschirmfoto-2023-06-20-um-09.40.09-562x438.png\" data-slide-type=\"image\"><img loading=\"lazy\" decoding=\"async\" src=\"https:\/\/sts-oldenfelde.hamburg.de\/wp-content\/uploads\/sites\/173\/2023\/06\/Bildschirmfoto-2023-06-20-um-09.40.09-562x438.png\" height=\"530\" width=\"680\" alt=\"\" class=\"slider-243901 slide-251696 msDefaultImage\" title=\"Bildschirmfoto 2023-06-20 um 09.40.09\" \/><div class=\"caption-wrap\"><div class=\"caption\">Wilder Garten \u2013 haufenweise Lebensr\u00e4ume<\/div><\/div><\/li>\n                <li style=\"display: none; width: 100%;\" class=\"slide-251698 ms-image \" aria-roledescription=\"slide\" data-date=\"2023-06-20 09:41:29\" data-filename=\"Bildschirmfoto-2023-06-20-um-09.41.17-568x442.png\" data-slide-type=\"image\"><img loading=\"lazy\" decoding=\"async\" src=\"https:\/\/sts-oldenfelde.hamburg.de\/wp-content\/uploads\/sites\/173\/2023\/06\/Bildschirmfoto-2023-06-20-um-09.41.17-568x442.png\" height=\"530\" width=\"680\" alt=\"\" class=\"slider-243901 slide-251698 msDefaultImage\" title=\"Bildschirmfoto 2023-06-20 um 09.41.17\" \/><div class=\"caption-wrap\"><div class=\"caption\">Duft- und Rosenbeet - f\u00fcr die Sinne<\/div><\/div><\/li>\n                <li style=\"display: none; width: 100%;\" class=\"slide-251700 ms-image \" aria-roledescription=\"slide\" data-date=\"2023-06-20 09:42:21\" data-filename=\"Bildschirmfoto-2023-06-20-um-09.42.08-572x445.png\" data-slide-type=\"image\"><img loading=\"lazy\" decoding=\"async\" src=\"https:\/\/sts-oldenfelde.hamburg.de\/wp-content\/uploads\/sites\/173\/2023\/06\/Bildschirmfoto-2023-06-20-um-09.42.08-572x445.png\" height=\"530\" width=\"680\" alt=\"\" class=\"slider-243901 slide-251700 msDefaultImage\" title=\"Bildschirmfoto 2023-06-20 um 09.42.08\" \/><div class=\"caption-wrap\"><div class=\"caption\">Ein kleiner Pr\u00e4riegarten \u2013 \nLeuchtende Bl\u00fctenstauden und zarte Gr\u00e4ser\n<\/div><\/div><\/li>\n                <li style=\"display: none; width: 100%;\" class=\"slide-251702 ms-image \" aria-roledescription=\"slide\" data-date=\"2023-06-20 09:43:11\" data-filename=\"Bildschirmfoto-2023-06-20-um-09.42.57-680x530.png\" data-slide-type=\"image\"><img loading=\"lazy\" decoding=\"async\" src=\"https:\/\/sts-oldenfelde.hamburg.de\/wp-content\/uploads\/sites\/173\/2023\/06\/Bildschirmfoto-2023-06-20-um-09.42.57-680x530.png\" height=\"530\" width=\"680\" alt=\"\" class=\"slider-243901 slide-251702 msDefaultImage\" title=\"Bildschirmfoto 2023-06-20 um 09.42.57\" \/><div class=\"caption-wrap\"><div class=\"caption\">Waldgarten<\/div><\/div><\/li>\n                <li style=\"display: none; width: 100%;\" class=\"slide-251704 ms-image \" aria-roledescription=\"slide\" data-date=\"2023-06-20 09:44:19\" data-filename=\"Bildschirmfoto-2023-06-20-um-09.44.06-586x456.png\" data-slide-type=\"image\"><img loading=\"lazy\" decoding=\"async\" src=\"https:\/\/sts-oldenfelde.hamburg.de\/wp-content\/uploads\/sites\/173\/2023\/06\/Bildschirmfoto-2023-06-20-um-09.44.06-586x456.png\" height=\"530\" width=\"680\" alt=\"\" class=\"slider-243901 slide-251704 msDefaultImage\" title=\"Bildschirmfoto 2023-06-20 um 09.44.06\" \/><div class=\"caption-wrap\"><div class=\"caption\">Naturversuchs- und Heidegarten (mit Sandarium)<\/div><\/div><\/li>\n                <li style=\"display: none; width: 100%;\" class=\"slide-251706 ms-image \" aria-roledescription=\"slide\" data-date=\"2023-06-20 09:45:27\" data-filename=\"Bildschirmfoto-2023-06-20-um-09.45.14-570x444.png\" data-slide-type=\"image\"><img loading=\"lazy\" decoding=\"async\" src=\"https:\/\/sts-oldenfelde.hamburg.de\/wp-content\/uploads\/sites\/173\/2023\/06\/Bildschirmfoto-2023-06-20-um-09.45.14-570x444.png\" height=\"530\" width=\"680\" alt=\"\" class=\"slider-243901 slide-251706 msDefaultImage\" title=\"Bildschirmfoto 2023-06-20 um 09.45.14\" \/><div class=\"caption-wrap\"><div class=\"caption\">Innenh\u00f6fe<\/div><\/div><\/li>\n                <li style=\"display: none; width: 100%;\" class=\"slide-251708 ms-image \" aria-roledescription=\"slide\" data-date=\"2023-06-20 09:46:33\" data-filename=\"Bildschirmfoto-2023-06-20-um-09.46.21-566x441.png\" data-slide-type=\"image\"><img loading=\"lazy\" decoding=\"async\" src=\"https:\/\/sts-oldenfelde.hamburg.de\/wp-content\/uploads\/sites\/173\/2023\/06\/Bildschirmfoto-2023-06-20-um-09.46.21-566x441.png\" height=\"530\" width=\"680\" alt=\"\" class=\"slider-243901 slide-251708 msDefaultImage\" title=\"Bildschirmfoto 2023-06-20 um 09.46.21\" \/><div class=\"caption-wrap\"><div class=\"caption\">An der Rampe - ein Versuchsfeld<\/div><\/div><\/li>\n                <li style=\"display: none; width: 100%;\" class=\"slide-251710 ms-image \" aria-roledescription=\"slide\" data-date=\"2023-06-20 09:47:44\" data-filename=\"Bildschirmfoto-2023-06-20-um-09.47.23-680x530.png\" data-slide-type=\"image\"><img loading=\"lazy\" decoding=\"async\" src=\"https:\/\/sts-oldenfelde.hamburg.de\/wp-content\/uploads\/sites\/173\/2023\/06\/Bildschirmfoto-2023-06-20-um-09.47.23-680x530.png\" height=\"530\" width=\"680\" alt=\"\" class=\"slider-243901 slide-251710 msDefaultImage\" title=\"Bildschirmfoto 2023-06-20 um 09.47.23\" \/><div class=\"caption-wrap\"><div class=\"caption\">Kunsttherapie f\u00fcr eine verletzte Grasnarbe <\/div><\/div><\/li>\n            <\/ul>\n        <\/div>\n        \n    <\/div>\n<\/div>\n<p>&nbsp;<\/p>\n<blockquote><p><span style=\"font-size: 14pt\">&#8230; und wer gerne immer aktuell informiert sein m\u00f6chte schaut bei Instagram rein: <a href=\"https:\/\/www.instagram.com\/oldenfelder_schulhofgaertner\/\" target=\"_blank\" rel=\"noopener\">www.instagram.com\/oldenfelder_schulhofgaertner\/<\/a><\/span><\/p><\/blockquote>\n<p><em>Alle Texte und Fotos: T. Becker \/ Kursleiterin Urban Gardening<\/em><\/p>\n","protected":false},"excerpt":{"rendered":"<p>Unser Schulgarten ist kein klassischer Schulgarten, sondern ein Schulhofgarten. Wir g\u00e4rtnern nach dem Motto: \u201eDie ganze Schule ist ein Garten.\u201c Unser Ziel ist es, an vielen Orten und Ecken des Schulhofes gr\u00fcn-bunt bl\u00fchende Inseln&#46;&#46;&#46;<\/p>\n","protected":false},"author":728,"featured_media":0,"parent":0,"menu_order":0,"comment_status":"closed","ping_status":"closed","template":"","meta":{"_acf_changed":false,"footnotes":""},"class_list":["post-243940","page","type-page","status-publish","hentry"],"acf":[],"_links":{"self":[{"href":"https:\/\/sts-oldenfelde.hamburg.de\/index.php?rest_route=\/wp\/v2\/pages\/243940","targetHints":{"allow":["GET"]}}],"collection":[{"href":"https:\/\/sts-oldenfelde.hamburg.de\/index.php?rest_route=\/wp\/v2\/pages"}],"about":[{"href":"https:\/\/sts-oldenfelde.hamburg.de\/index.php?rest_route=\/wp\/v2\/types\/page"}],"author":[{"embeddable":true,"href":"https:\/\/sts-oldenfelde.hamburg.de\/index.php?rest_route=\/wp\/v2\/users\/728"}],"replies":[{"embeddable":true,"href":"https:\/\/sts-oldenfelde.hamburg.de\/index.php?rest_route=%2Fwp%2Fv2%2Fcomments&post=243940"}],"version-history":[{"count":12,"href":"https:\/\/sts-oldenfelde.hamburg.de\/index.php?rest_route=\/wp\/v2\/pages\/243940\/revisions"}],"predecessor-version":[{"id":251738,"href":"https:\/\/sts-oldenfelde.hamburg.de\/index.php?rest_route=\/wp\/v2\/pages\/243940\/revisions\/251738"}],"wp:attachment":[{"href":"https:\/\/sts-oldenfelde.hamburg.de\/index.php?rest_route=%2Fwp%2Fv2%2Fmedia&parent=243940"}],"curies":[{"name":"wp","href":"https:\/\/api.w.org\/{rel}","templated":true}]}}