{"id":233,"date":"2015-06-16T16:33:26","date_gmt":"2015-06-16T14:33:26","guid":{"rendered":"http:\/\/sts-oldenfelde.schulhomepages.hamburg.de\/?page_id=233"},"modified":"2020-02-19T09:36:48","modified_gmt":"2020-02-19T08:36:48","slug":"lernentwicklungsgespaeche","status":"publish","type":"page","link":"https:\/\/sts-oldenfelde.hamburg.de\/?page_id=233","title":{"rendered":"Lernentwicklungsgesp\u00e4che"},"content":{"rendered":"<p>Nach dem ersten Halbjahr finden bei uns an der Stadtteilschule Oldenfelde j\u00e4hrliche Lernentwicklungsgespr\u00e4che statt. Bei diesen Gespr\u00e4chen setzen sich die Klassenlehrer sowohl mit jedem einzelnen Sch\u00fcler als auch deren Eltern zusammen und reflektieren das letzte Halbjahr sowie den pers\u00f6nlichen Kompetenzstand des jeweiligen Sch\u00fclers.<\/p>\n<p><img loading=\"lazy\" decoding=\"async\" class=\"alignright size-medium wp-image-244113\" src=\"https:\/\/sts-oldenfelde.hamburg.de\/wp-content\/uploads\/sites\/173\/2020\/02\/leg-300x169.jpg\" alt=\"\" width=\"300\" height=\"169\"><\/p>\n<p>Im Anschluss \u00fcberlegt sich jeder Sch\u00fcler, welche Ziele er\/sie sich f\u00fcr das kommende Halbjahr vornimmt, um seine\/ihre pers\u00f6nlichen St\u00e4rken noch weiter auszubauen oder an etwaigen Schw\u00e4chen zu arbeiten, um sein\/ihr volles Potenzial aussch\u00f6pfen zu k\u00f6nnen. Dazu wird noch \u00fcberlegt, wie diese Vorhaben konkret umgesetzt werden k\u00f6nnen und welche Unterst\u00fctzung sich das Kind dabei von wem w\u00fcnscht.<\/p>\n<p>Diese Ziele werden in einer Lernvereinbarung festgehalten und von allen Beteiligten verbindlich unterschrieben, um die Ernsthaftigkeit dieses Vorhabens und die Eigenverantwortung des Sch\u00fclers zu unterstreichen. Am Ende des Schuljahres wird wieder reflektiert, ob die Lernziele erreicht wurden und das Ergebnis im Zeugnis festgehalten.<\/p>\n","protected":false},"excerpt":{"rendered":"<p>Nach dem ersten Halbjahr finden bei uns an der Stadtteilschule Oldenfelde j\u00e4hrliche Lernentwicklungsgespr\u00e4che statt. Bei diesen Gespr\u00e4chen setzen sich die Klassenlehrer sowohl mit jedem einzelnen Sch\u00fcler als auch deren Eltern zusammen und reflektieren das&#46;&#46;&#46;<\/p>\n","protected":false},"author":728,"featured_media":0,"parent":0,"menu_order":0,"comment_status":"closed","ping_status":"closed","template":"","meta":{"_acf_changed":false,"footnotes":""},"class_list":["post-233","page","type-page","status-publish","hentry"],"acf":[],"_links":{"self":[{"href":"https:\/\/sts-oldenfelde.hamburg.de\/index.php?rest_route=\/wp\/v2\/pages\/233","targetHints":{"allow":["GET"]}}],"collection":[{"href":"https:\/\/sts-oldenfelde.hamburg.de\/index.php?rest_route=\/wp\/v2\/pages"}],"about":[{"href":"https:\/\/sts-oldenfelde.hamburg.de\/index.php?rest_route=\/wp\/v2\/types\/page"}],"author":[{"embeddable":true,"href":"https:\/\/sts-oldenfelde.hamburg.de\/index.php?rest_route=\/wp\/v2\/users\/728"}],"replies":[{"embeddable":true,"href":"https:\/\/sts-oldenfelde.hamburg.de\/index.php?rest_route=%2Fwp%2Fv2%2Fcomments&post=233"}],"version-history":[{"count":0,"href":"https:\/\/sts-oldenfelde.hamburg.de\/index.php?rest_route=\/wp\/v2\/pages\/233\/revisions"}],"wp:attachment":[{"href":"https:\/\/sts-oldenfelde.hamburg.de\/index.php?rest_route=%2Fwp%2Fv2%2Fmedia&parent=233"}],"curies":[{"name":"wp","href":"https:\/\/api.w.org\/{rel}","templated":true}]}}