{"id":21,"date":"2015-04-27T15:56:10","date_gmt":"2015-04-27T13:56:10","guid":{"rendered":"http:\/\/sts-oldenfelde.schulhomepages.hamburg.de\/?page_id=21"},"modified":"2024-07-16T09:06:42","modified_gmt":"2024-07-16T07:06:42","slug":"stufen","status":"publish","type":"page","link":"https:\/\/sts-oldenfelde.hamburg.de\/?page_id=21","title":{"rendered":"Abteilungen"},"content":{"rendered":"<p><img loading=\"lazy\" decoding=\"async\" class=\"alignnone wp-image-244097 size-large\" src=\"https:\/\/sts-oldenfelde.hamburg.de\/wp-content\/uploads\/sites\/173\/2020\/02\/schulstufen-e1581941007889-1024x495.jpg\" alt=\"\" width=\"1024\" height=\"495\" srcset=\"https:\/\/sts-oldenfelde.hamburg.de\/wp-content\/uploads\/sites\/173\/2020\/02\/schulstufen-e1581941007889-1024x495.jpg 1024w, https:\/\/sts-oldenfelde.hamburg.de\/wp-content\/uploads\/sites\/173\/2020\/02\/schulstufen-e1581941007889-300x145.jpg 300w, https:\/\/sts-oldenfelde.hamburg.de\/wp-content\/uploads\/sites\/173\/2020\/02\/schulstufen-e1581941007889-768x371.jpg 768w, https:\/\/sts-oldenfelde.hamburg.de\/wp-content\/uploads\/sites\/173\/2020\/02\/schulstufen-e1581941007889.jpg 1896w\" sizes=\"auto, (max-width: 1024px) 100vw, 1024px\" \/><\/p>\n<p>Als Stadtteilschule bieten wir Strukturen und Unterrichtsangebote, um f\u00fcr jede Sch\u00fclerin und f\u00fcr jeden Sch\u00fcler den individuellen Lernprozess so zu gestalten, dass h\u00f6chstm\u00f6gliche Abschl\u00fcsse erreicht werden k\u00f6nnen:<\/p>\n<div class=\"maintext\">\n<ul>\n<li><span style=\"color: #ff6600\">Erster allgemeinbildender Schulabschluss (Jahrgangsstufe 9 oder 10)<\/span><\/li>\n<li><span style=\"color: #ff6600\">Mittlerer Schulabschluss (Jahrgangsstufe 10)<\/span><\/li>\n<li><span style=\"color: #ff6600\">Fachhochschulreife (schulischer Teil, Jahrgangsstufe 12)<\/span><\/li>\n<li><span style=\"color: #ff6600\">Allgemeine Hochschulreife (Jahrgangsstufe 13)<\/span><\/li>\n<\/ul>\n<\/div>\n<p>Unsere Sch\u00fclerinnen und Sch\u00fcler arbeiten in kleinen Klassen mit h\u00f6chstens 23 Kindern (Jahrgangsstufen 5 und 6) bzw. 25 Kindern (Jahrgangsstufen 7 bis 10).<\/p>\n<p>&nbsp;<\/p>\n<p>&nbsp;<\/p>\n","protected":false},"excerpt":{"rendered":"<p>Als Stadtteilschule bieten wir Strukturen und Unterrichtsangebote, um f\u00fcr jede Sch\u00fclerin und f\u00fcr jeden Sch\u00fcler den individuellen Lernprozess so zu gestalten, dass h\u00f6chstm\u00f6gliche Abschl\u00fcsse erreicht werden k\u00f6nnen: Erster allgemeinbildender Schulabschluss (Jahrgangsstufe 9 oder 10)&#46;&#46;&#46;<\/p>\n","protected":false},"author":728,"featured_media":0,"parent":0,"menu_order":0,"comment_status":"closed","ping_status":"closed","template":"","meta":{"_acf_changed":false,"footnotes":""},"class_list":["post-21","page","type-page","status-publish","hentry"],"acf":[],"_links":{"self":[{"href":"https:\/\/sts-oldenfelde.hamburg.de\/index.php?rest_route=\/wp\/v2\/pages\/21","targetHints":{"allow":["GET"]}}],"collection":[{"href":"https:\/\/sts-oldenfelde.hamburg.de\/index.php?rest_route=\/wp\/v2\/pages"}],"about":[{"href":"https:\/\/sts-oldenfelde.hamburg.de\/index.php?rest_route=\/wp\/v2\/types\/page"}],"author":[{"embeddable":true,"href":"https:\/\/sts-oldenfelde.hamburg.de\/index.php?rest_route=\/wp\/v2\/users\/728"}],"replies":[{"embeddable":true,"href":"https:\/\/sts-oldenfelde.hamburg.de\/index.php?rest_route=%2Fwp%2Fv2%2Fcomments&post=21"}],"version-history":[{"count":2,"href":"https:\/\/sts-oldenfelde.hamburg.de\/index.php?rest_route=\/wp\/v2\/pages\/21\/revisions"}],"predecessor-version":[{"id":252452,"href":"https:\/\/sts-oldenfelde.hamburg.de\/index.php?rest_route=\/wp\/v2\/pages\/21\/revisions\/252452"}],"wp:attachment":[{"href":"https:\/\/sts-oldenfelde.hamburg.de\/index.php?rest_route=%2Fwp%2Fv2%2Fmedia&parent=21"}],"curies":[{"name":"wp","href":"https:\/\/api.w.org\/{rel}","templated":true}]}}