{"id":2,"date":"2015-04-17T08:45:11","date_gmt":"2015-04-17T06:45:11","guid":{"rendered":"http:\/\/sts-oldenfelde.schulhomepages.hamburg.de\/?page_id=2"},"modified":"2026-03-31T13:27:17","modified_gmt":"2026-03-31T11:27:17","slug":"beispiel-seite","status":"publish","type":"page","link":"https:\/\/sts-oldenfelde.hamburg.de\/?page_id=2","title":{"rendered":"Beratungsdienst"},"content":{"rendered":"<p>Unsere Beratungslehrer*innen sind speziell ausgebildet, um dir \/ Ihnen Gespr\u00e4chshilfe anzubieten bei der Kl\u00e4rung von Fragen und Konflikten jeglicher Art oder auch zur Unterst\u00fctzung bei pers\u00f6nlichen Problemen, Krisen und Lernschwierigkeiten. Die Arbeitsgrundlage sind Vertraulichkeit und Freiwilligkeit!<\/p>\n<p>Folgende Ansprechpartner stehen daf\u00fcr in der Schule zur Verf\u00fcgung:<\/p>\n<p><img loading=\"lazy\" decoding=\"async\" class=\"alignnone wp-image-252502 \" src=\"https:\/\/sts-oldenfelde.hamburg.de\/wp-content\/uploads\/sites\/173\/2024\/09\/Bildschirmfoto-2024-09-04-um-18.25.34.png\" alt=\"\" width=\"638\" height=\"798\" srcset=\"https:\/\/sts-oldenfelde.hamburg.de\/wp-content\/uploads\/sites\/173\/2024\/09\/Bildschirmfoto-2024-09-04-um-18.25.34.png 810w, https:\/\/sts-oldenfelde.hamburg.de\/wp-content\/uploads\/sites\/173\/2024\/09\/Bildschirmfoto-2024-09-04-um-18.25.34-240x300.png 240w, https:\/\/sts-oldenfelde.hamburg.de\/wp-content\/uploads\/sites\/173\/2024\/09\/Bildschirmfoto-2024-09-04-um-18.25.34-768x960.png 768w\" sizes=\"auto, (max-width: 638px) 100vw, 638px\" \/><\/p>\n<p><img loading=\"lazy\" decoding=\"async\" class=\"wp-image-252503 alignnone\" src=\"https:\/\/sts-oldenfelde.hamburg.de\/wp-content\/uploads\/sites\/173\/2024\/09\/Bildschirmfoto-2024-09-04-um-18.26.34-e1725521003508-296x300.png\" alt=\"\" width=\"633\" height=\"642\" srcset=\"https:\/\/sts-oldenfelde.hamburg.de\/wp-content\/uploads\/sites\/173\/2024\/09\/Bildschirmfoto-2024-09-04-um-18.26.34-e1725521003508-296x300.png 296w, https:\/\/sts-oldenfelde.hamburg.de\/wp-content\/uploads\/sites\/173\/2024\/09\/Bildschirmfoto-2024-09-04-um-18.26.34-e1725521003508-768x779.png 768w, https:\/\/sts-oldenfelde.hamburg.de\/wp-content\/uploads\/sites\/173\/2024\/09\/Bildschirmfoto-2024-09-04-um-18.26.34-e1725521003508-80x80.png 80w, https:\/\/sts-oldenfelde.hamburg.de\/wp-content\/uploads\/sites\/173\/2024\/09\/Bildschirmfoto-2024-09-04-um-18.26.34-e1725521003508.png 803w\" sizes=\"auto, (max-width: 633px) 100vw, 633px\" \/><img loading=\"lazy\" decoding=\"async\" class=\"wp-image-252515 alignnone\" src=\"https:\/\/sts-oldenfelde.hamburg.de\/wp-content\/uploads\/sites\/173\/2024\/09\/Bildschirmfoto-2024-09-05-um-09.27.33-e1774953732556.png\" alt=\"\" width=\"635\" height=\"460\"><\/p>\n<p><img loading=\"lazy\" decoding=\"async\" class=\" wp-image-253681 alignnone\" src=\"https:\/\/sts-oldenfelde.hamburg.de\/wp-content\/uploads\/sites\/173\/2026\/03\/Bildschirmfoto-2026-03-31-um-13.25.10-1024x639.png\" alt=\"\" width=\"635\" height=\"396\" srcset=\"https:\/\/sts-oldenfelde.hamburg.de\/wp-content\/uploads\/sites\/173\/2026\/03\/Bildschirmfoto-2026-03-31-um-13.25.10-1024x639.png 1024w, https:\/\/sts-oldenfelde.hamburg.de\/wp-content\/uploads\/sites\/173\/2026\/03\/Bildschirmfoto-2026-03-31-um-13.25.10-300x187.png 300w, https:\/\/sts-oldenfelde.hamburg.de\/wp-content\/uploads\/sites\/173\/2026\/03\/Bildschirmfoto-2026-03-31-um-13.25.10-768x480.png 768w, https:\/\/sts-oldenfelde.hamburg.de\/wp-content\/uploads\/sites\/173\/2026\/03\/Bildschirmfoto-2026-03-31-um-13.25.10.png 1230w\" sizes=\"auto, (max-width: 635px) 100vw, 635px\" \/><\/p>\n<p><em>Fotos: C. Mende \/ STS Oldenfelde<\/em><\/p>\n","protected":false},"excerpt":{"rendered":"<p>Unsere Beratungslehrer*innen sind speziell ausgebildet, um dir \/ Ihnen Gespr\u00e4chshilfe anzubieten bei der Kl\u00e4rung von Fragen und Konflikten jeglicher Art oder auch zur Unterst\u00fctzung bei pers\u00f6nlichen Problemen, Krisen und Lernschwierigkeiten. Die Arbeitsgrundlage sind Vertraulichkeit&#46;&#46;&#46;<\/p>\n","protected":false},"author":728,"featured_media":0,"parent":0,"menu_order":0,"comment_status":"closed","ping_status":"closed","template":"","meta":{"_acf_changed":false,"footnotes":""},"class_list":["post-2","page","type-page","status-publish","hentry"],"acf":[],"_links":{"self":[{"href":"https:\/\/sts-oldenfelde.hamburg.de\/index.php?rest_route=\/wp\/v2\/pages\/2","targetHints":{"allow":["GET"]}}],"collection":[{"href":"https:\/\/sts-oldenfelde.hamburg.de\/index.php?rest_route=\/wp\/v2\/pages"}],"about":[{"href":"https:\/\/sts-oldenfelde.hamburg.de\/index.php?rest_route=\/wp\/v2\/types\/page"}],"author":[{"embeddable":true,"href":"https:\/\/sts-oldenfelde.hamburg.de\/index.php?rest_route=\/wp\/v2\/users\/728"}],"replies":[{"embeddable":true,"href":"https:\/\/sts-oldenfelde.hamburg.de\/index.php?rest_route=%2Fwp%2Fv2%2Fcomments&post=2"}],"version-history":[{"count":36,"href":"https:\/\/sts-oldenfelde.hamburg.de\/index.php?rest_route=\/wp\/v2\/pages\/2\/revisions"}],"predecessor-version":[{"id":253682,"href":"https:\/\/sts-oldenfelde.hamburg.de\/index.php?rest_route=\/wp\/v2\/pages\/2\/revisions\/253682"}],"wp:attachment":[{"href":"https:\/\/sts-oldenfelde.hamburg.de\/index.php?rest_route=%2Fwp%2Fv2%2Fmedia&parent=2"}],"curies":[{"name":"wp","href":"https:\/\/api.w.org\/{rel}","templated":true}]}}