{"id":19935,"date":"2016-04-14T09:55:24","date_gmt":"2016-04-14T07:55:24","guid":{"rendered":"http:\/\/sts-oldenfelde.hamburg.de\/?page_id=19935"},"modified":"2024-12-13T12:58:22","modified_gmt":"2024-12-13T11:58:22","slug":"hausmeisterteam","status":"publish","type":"page","link":"https:\/\/sts-oldenfelde.hamburg.de\/?page_id=19935","title":{"rendered":"Hausmeisterteam"},"content":{"rendered":"<p>Tatkr\u00e4ftig unterst\u00fctzt werden wir von unserem Hausmeisterteam, das aus Herrn Claussen, Herrn Cucca und Herrn Meyer besteht. Sie sind unsere Retter in der Not bei kleineren und gr\u00f6\u00dferen Problemen in der Schule und auf dem Schulgel\u00e4nde und sorgen daf\u00fcr, dass an der STS Oldenfelde alles rund l\u00e4uft. Auch wenn mal Sachen verloren gehen, sind die Mitglieder unseres Hausmeisterteams die richtigen Ansprechpartner.<\/p>\n","protected":false},"excerpt":{"rendered":"<p>Tatkr\u00e4ftig unterst\u00fctzt werden wir von unserem Hausmeisterteam, das aus Herrn Claussen, Herrn Cucca und Herrn Meyer besteht. Sie sind unsere Retter in der Not bei kleineren und gr\u00f6\u00dferen Problemen in der Schule und auf&#46;&#46;&#46;<\/p>\n","protected":false},"author":728,"featured_media":0,"parent":0,"menu_order":0,"comment_status":"closed","ping_status":"closed","template":"","meta":{"_acf_changed":false,"footnotes":""},"class_list":["post-19935","page","type-page","status-publish","hentry"],"acf":[],"_links":{"self":[{"href":"https:\/\/sts-oldenfelde.hamburg.de\/index.php?rest_route=\/wp\/v2\/pages\/19935","targetHints":{"allow":["GET"]}}],"collection":[{"href":"https:\/\/sts-oldenfelde.hamburg.de\/index.php?rest_route=\/wp\/v2\/pages"}],"about":[{"href":"https:\/\/sts-oldenfelde.hamburg.de\/index.php?rest_route=\/wp\/v2\/types\/page"}],"author":[{"embeddable":true,"href":"https:\/\/sts-oldenfelde.hamburg.de\/index.php?rest_route=\/wp\/v2\/users\/728"}],"replies":[{"embeddable":true,"href":"https:\/\/sts-oldenfelde.hamburg.de\/index.php?rest_route=%2Fwp%2Fv2%2Fcomments&post=19935"}],"version-history":[{"count":4,"href":"https:\/\/sts-oldenfelde.hamburg.de\/index.php?rest_route=\/wp\/v2\/pages\/19935\/revisions"}],"predecessor-version":[{"id":252800,"href":"https:\/\/sts-oldenfelde.hamburg.de\/index.php?rest_route=\/wp\/v2\/pages\/19935\/revisions\/252800"}],"wp:attachment":[{"href":"https:\/\/sts-oldenfelde.hamburg.de\/index.php?rest_route=%2Fwp%2Fv2%2Fmedia&parent=19935"}],"curies":[{"name":"wp","href":"https:\/\/api.w.org\/{rel}","templated":true}]}}