{"id":17,"date":"2015-04-27T14:15:09","date_gmt":"2015-04-27T12:15:09","guid":{"rendered":"http:\/\/sts-oldenfelde.schulhomepages.hamburg.de\/?page_id=17"},"modified":"2025-09-01T09:22:39","modified_gmt":"2025-09-01T07:22:39","slug":"staerken-zeigen-dein-bestes-geben","status":"publish","type":"page","link":"https:\/\/sts-oldenfelde.hamburg.de\/?page_id=17","title":{"rendered":"Klasse 5 &#8211; 6"},"content":{"rendered":"<h3><img loading=\"lazy\" decoding=\"async\" class=\"alignnone size-large wp-image-244071\" src=\"https:\/\/sts-oldenfelde.hamburg.de\/wp-content\/uploads\/sites\/173\/2020\/02\/5bis7-1024x687.jpg\" alt=\"\" width=\"1024\" height=\"687\" srcset=\"https:\/\/sts-oldenfelde.hamburg.de\/wp-content\/uploads\/sites\/173\/2020\/02\/5bis7-1024x687.jpg 1024w, https:\/\/sts-oldenfelde.hamburg.de\/wp-content\/uploads\/sites\/173\/2020\/02\/5bis7-300x201.jpg 300w, https:\/\/sts-oldenfelde.hamburg.de\/wp-content\/uploads\/sites\/173\/2020\/02\/5bis7-768x515.jpg 768w, https:\/\/sts-oldenfelde.hamburg.de\/wp-content\/uploads\/sites\/173\/2020\/02\/5bis7.jpg 1920w\" sizes=\"auto, (max-width: 1024px) 100vw, 1024px\" \/><\/h3>\n<h3><span style=\"color: #ff9900\">St\u00e4rken entdecken, selbstst\u00e4ndig werden!<\/span><\/h3>\n<p>In der Abteilung 5 und 6 werden insgesamt 14 Klassen mit rund 330 Sch\u00fclerinnen und Sch\u00fclern betreut. Ein wichtigstes Ziel in dieser Stufe ist die Bildung einer guten Klassengemeinschaft, denn nur wenn alle Kinder sich wohl und angenommen f\u00fchlen, kann eine gute Lerngemeinschaft entstehen. Die KlassenlehrerInnen und die SozialarbeiterInnen investieren viel Zeit in das soziale Miteinander in den Klassen, daher legen wir gro\u00dfen Wert auf Ruherituale, Klassenrat, Ausfl\u00fcge, soziale Tage oder auch die Klassenreise in Jahrgang 6.<\/p>\n<p>Ein weiteres wichtigen Anliegen ist uns, dass jedes Kind seine St\u00e4rken erkennt. Eine St\u00e4rke kann dabei genauso in einem Fach wie auch in sozialen F\u00e4higkeiten liegen oder sie kann ein Talent abbilden. Die KlassenlehrerInnen erm\u00f6glichen den Kindern mit vielen unterschiedlichen Angeboten und Aktivit\u00e4ten St\u00e4rken sichtbar zu machen. Eine M\u00f6glichkeit, um sich auszuprobieren, bieten auch unsere Ganztagskurse, die musikalische, kreative, sportliche oder sprachliche Talente f\u00f6rdern. Au\u00dferdem nutzen wir die Beh\u00f6rdentestung KERMIT und bieten f\u00fcr besonders begabte Kinder zus\u00e4tzliche Kurse an.<\/p>\n<p>F\u00fcr uns ist es wichtig, dass die Sch\u00fclerinnen und Sch\u00fcler am Ende von Klasse 6 in einer guten Klassen- und Lerngemeinschaft integriert sind und ein starkes Selbstwertgef\u00fchl entwickelt haben, weil sie wissen, was sie k\u00f6nnen und was sie einzigartig macht. Unser Anspruch als Schule ist an jedes Kind: \u201eGib dein Bestes!\u201c Wir m\u00f6chten den Ehrgeiz wecken, nicht nur das Minimum zu erreichen, sondern sich immer am Besten zu messen. Dabei sind mein Bestes und dein Bestes sicherlich unterschiedlich, aber gerade in den Jahrgangsstufen 5 und 6 z\u00e4hlt neben den fachlichen Standards auch die Bereitschaft sich anzustrengen. Daraus erw\u00e4chst Lernerfolg und daraus die Motivation, etwas schaffen zu k\u00f6nnen.<\/p>\n<p>Bei Fragen, Anliegen und Terminabsprachen kontaktieren Sie bitte die Abteilungsleiterin der Klassen 5 \u2013 6, Frau Mende, oder das Schulb\u00fcro:<\/p>\n<p>Claudia Mende, Abteilungsleiterin 5 &#8211; 6<br \/>\nclaudia.mende@sts-old.de<br \/>\nSchulb\u00fcro Stadtteilschule Oldenfelde Telefon 42 88 663 \u2013 50<\/p>\n<div id=\"content_all\" class=\"all_tease_off\">&nbsp;<\/div>\n<div id=\"footer\">\n<div class=\"left\">\n<div class=\"right\">&nbsp;<\/div>\n<\/div>\n<\/div>\n","protected":false},"excerpt":{"rendered":"<p>St\u00e4rken entdecken, selbstst\u00e4ndig werden! In der Abteilung 5 und 6 werden insgesamt 14 Klassen mit rund 330 Sch\u00fclerinnen und Sch\u00fclern betreut. Ein wichtigstes Ziel in dieser Stufe ist die Bildung einer guten Klassengemeinschaft, denn&#46;&#46;&#46;<\/p>\n","protected":false},"author":728,"featured_media":0,"parent":0,"menu_order":0,"comment_status":"closed","ping_status":"closed","template":"","meta":{"_acf_changed":false,"footnotes":""},"class_list":["post-17","page","type-page","status-publish","hentry"],"acf":[],"_links":{"self":[{"href":"https:\/\/sts-oldenfelde.hamburg.de\/index.php?rest_route=\/wp\/v2\/pages\/17","targetHints":{"allow":["GET"]}}],"collection":[{"href":"https:\/\/sts-oldenfelde.hamburg.de\/index.php?rest_route=\/wp\/v2\/pages"}],"about":[{"href":"https:\/\/sts-oldenfelde.hamburg.de\/index.php?rest_route=\/wp\/v2\/types\/page"}],"author":[{"embeddable":true,"href":"https:\/\/sts-oldenfelde.hamburg.de\/index.php?rest_route=\/wp\/v2\/users\/728"}],"replies":[{"embeddable":true,"href":"https:\/\/sts-oldenfelde.hamburg.de\/index.php?rest_route=%2Fwp%2Fv2%2Fcomments&post=17"}],"version-history":[{"count":12,"href":"https:\/\/sts-oldenfelde.hamburg.de\/index.php?rest_route=\/wp\/v2\/pages\/17\/revisions"}],"predecessor-version":[{"id":253200,"href":"https:\/\/sts-oldenfelde.hamburg.de\/index.php?rest_route=\/wp\/v2\/pages\/17\/revisions\/253200"}],"wp:attachment":[{"href":"https:\/\/sts-oldenfelde.hamburg.de\/index.php?rest_route=%2Fwp%2Fv2%2Fmedia&parent=17"}],"curies":[{"name":"wp","href":"https:\/\/api.w.org\/{rel}","templated":true}]}}