{"id":142049,"date":"2018-05-23T09:25:07","date_gmt":"2018-05-23T07:25:07","guid":{"rendered":"http:\/\/sts-oldenfelde.hamburg.de\/?page_id=142049"},"modified":"2020-02-12T11:27:24","modified_gmt":"2020-02-12T10:27:24","slug":"studienzentrum","status":"publish","type":"page","link":"https:\/\/sts-oldenfelde.hamburg.de\/?page_id=142049","title":{"rendered":"Studienzentrum"},"content":{"rendered":"<p><img loading=\"lazy\" decoding=\"async\" class=\"alignnone wp-image-244068\" src=\"https:\/\/sts-oldenfelde.hamburg.de\/wp-content\/uploads\/sites\/173\/2020\/02\/Studienzentrum1-300x200.jpg\" alt=\"\" width=\"340\" height=\"226\" srcset=\"https:\/\/sts-oldenfelde.hamburg.de\/wp-content\/uploads\/sites\/173\/2020\/02\/Studienzentrum1-300x200.jpg 300w, https:\/\/sts-oldenfelde.hamburg.de\/wp-content\/uploads\/sites\/173\/2020\/02\/Studienzentrum1-768x512.jpg 768w, https:\/\/sts-oldenfelde.hamburg.de\/wp-content\/uploads\/sites\/173\/2020\/02\/Studienzentrum1-1024x683.jpg 1024w, https:\/\/sts-oldenfelde.hamburg.de\/wp-content\/uploads\/sites\/173\/2020\/02\/Studienzentrum1.jpg 1920w\" sizes=\"auto, (max-width: 340px) 100vw, 340px\" \/>&nbsp;<img loading=\"lazy\" decoding=\"async\" class=\"alignnone wp-image-244069\" src=\"https:\/\/sts-oldenfelde.hamburg.de\/wp-content\/uploads\/sites\/173\/2020\/02\/Studienzentrum-2-300x200.jpg\" alt=\"\" width=\"340\" height=\"226\" srcset=\"https:\/\/sts-oldenfelde.hamburg.de\/wp-content\/uploads\/sites\/173\/2020\/02\/Studienzentrum-2-300x200.jpg 300w, https:\/\/sts-oldenfelde.hamburg.de\/wp-content\/uploads\/sites\/173\/2020\/02\/Studienzentrum-2-768x512.jpg 768w, https:\/\/sts-oldenfelde.hamburg.de\/wp-content\/uploads\/sites\/173\/2020\/02\/Studienzentrum-2-1024x683.jpg 1024w, https:\/\/sts-oldenfelde.hamburg.de\/wp-content\/uploads\/sites\/173\/2020\/02\/Studienzentrum-2.jpg 1920w\" sizes=\"auto, (max-width: 340px) 100vw, 340px\" \/><\/p>\n<p>Unser modernes Studienzentrum ist ein besonderer Lernort f\u00fcr Sch\u00fclerinnen und Sch\u00fcler der Oberstufe. Hier kann allein oder in Gruppen gelernt und gearbeitet werden. Man kann sich dort auf Klausuren vorbereiten, Hausaufgaben machen, recherchieren und vieles mehr. Hierf\u00fcr stehen Computer und ein Pr\u00e4senzbestand an Schulb\u00fcchern, Arbeitsheften, und Nachschlagewerken zur Verf\u00fcgung. F\u00fcr Fragen oder Probleme ist immer ein Ansprechpartner vor Ort. Au\u00dferdem gibt es eine gem\u00fctliche Sofaecke, in der man in Ruhe schm\u00f6kern oder arbeiten kann.<\/p>\n","protected":false},"excerpt":{"rendered":"<p>&nbsp; Unser modernes Studienzentrum ist ein besonderer Lernort f\u00fcr Sch\u00fclerinnen und Sch\u00fcler der Oberstufe. Hier kann allein oder in Gruppen gelernt und gearbeitet werden. Man kann sich dort auf Klausuren vorbereiten, Hausaufgaben machen, recherchieren&#46;&#46;&#46;<\/p>\n","protected":false},"author":728,"featured_media":0,"parent":0,"menu_order":0,"comment_status":"closed","ping_status":"closed","template":"","meta":{"_acf_changed":false,"footnotes":""},"class_list":["post-142049","page","type-page","status-publish","hentry"],"acf":[],"_links":{"self":[{"href":"https:\/\/sts-oldenfelde.hamburg.de\/index.php?rest_route=\/wp\/v2\/pages\/142049","targetHints":{"allow":["GET"]}}],"collection":[{"href":"https:\/\/sts-oldenfelde.hamburg.de\/index.php?rest_route=\/wp\/v2\/pages"}],"about":[{"href":"https:\/\/sts-oldenfelde.hamburg.de\/index.php?rest_route=\/wp\/v2\/types\/page"}],"author":[{"embeddable":true,"href":"https:\/\/sts-oldenfelde.hamburg.de\/index.php?rest_route=\/wp\/v2\/users\/728"}],"replies":[{"embeddable":true,"href":"https:\/\/sts-oldenfelde.hamburg.de\/index.php?rest_route=%2Fwp%2Fv2%2Fcomments&post=142049"}],"version-history":[{"count":0,"href":"https:\/\/sts-oldenfelde.hamburg.de\/index.php?rest_route=\/wp\/v2\/pages\/142049\/revisions"}],"wp:attachment":[{"href":"https:\/\/sts-oldenfelde.hamburg.de\/index.php?rest_route=%2Fwp%2Fv2%2Fmedia&parent=142049"}],"curies":[{"name":"wp","href":"https:\/\/api.w.org\/{rel}","templated":true}]}}