{"id":136017,"date":"2018-04-27T15:01:32","date_gmt":"2018-04-27T13:01:32","guid":{"rendered":"http:\/\/sts-oldenfelde.hamburg.de\/?page_id=136017"},"modified":"2023-09-23T11:41:38","modified_gmt":"2023-09-23T09:41:38","slug":"boso-in-den-abteilungen-5-10","status":"publish","type":"page","link":"https:\/\/sts-oldenfelde.hamburg.de\/?page_id=136017","title":{"rendered":"BO in 8 &#8211; 10"},"content":{"rendered":"<p>In <strong>Jahrgangsstufe 8&nbsp;<\/strong>beginnt die systematische Berufliche Orientierung. Es werden erste Einblicke in die Arbeitswelt gew\u00e4hrt. In einem eigenen Unterrichtsfach (Arbeit &amp; Beruf), welches von den Klassenlehrerinnen und -lehrern unterrichtet wird, erhalten die Sch\u00fclerinnen und Sch\u00fcler ihren Berufs- und Studienwahlpass, lernen Berufsfelder und deren Voraussetzungen kennen und werden auf die zwei im n\u00e4chsten Schuljahr anstehenden Praktika vorbereitet.<\/p>\n<p><img loading=\"lazy\" decoding=\"async\" class=\"alignnone wp-image-244093 \" src=\"https:\/\/sts-oldenfelde.hamburg.de\/wp-content\/uploads\/sites\/173\/2020\/02\/textil-e1581940666194-300x201.jpg\" alt=\"\" width=\"270\" height=\"181\" srcset=\"https:\/\/sts-oldenfelde.hamburg.de\/wp-content\/uploads\/sites\/173\/2020\/02\/textil-e1581940666194-300x201.jpg 300w, https:\/\/sts-oldenfelde.hamburg.de\/wp-content\/uploads\/sites\/173\/2020\/02\/textil-e1581940666194-768x514.jpg 768w, https:\/\/sts-oldenfelde.hamburg.de\/wp-content\/uploads\/sites\/173\/2020\/02\/textil-e1581940666194-1024x685.jpg 1024w, https:\/\/sts-oldenfelde.hamburg.de\/wp-content\/uploads\/sites\/173\/2020\/02\/textil-e1581940666194.jpg 1063w\" sizes=\"auto, (max-width: 270px) 100vw, 270px\" \/>&nbsp;&nbsp;<img loading=\"lazy\" decoding=\"async\" class=\"alignnone wp-image-244095\" src=\"https:\/\/sts-oldenfelde.hamburg.de\/wp-content\/uploads\/sites\/173\/2020\/02\/prowo18_2-e1581940729858-221x300.jpg\" alt=\"\" width=\"133\" height=\"180\" srcset=\"https:\/\/sts-oldenfelde.hamburg.de\/wp-content\/uploads\/sites\/173\/2020\/02\/prowo18_2-e1581940729858-221x300.jpg 221w, https:\/\/sts-oldenfelde.hamburg.de\/wp-content\/uploads\/sites\/173\/2020\/02\/prowo18_2-e1581940729858-768x1044.jpg 768w, https:\/\/sts-oldenfelde.hamburg.de\/wp-content\/uploads\/sites\/173\/2020\/02\/prowo18_2-e1581940729858-754x1024.jpg 754w, https:\/\/sts-oldenfelde.hamburg.de\/wp-content\/uploads\/sites\/173\/2020\/02\/prowo18_2-e1581940729858.jpg 936w\" sizes=\"auto, (max-width: 133px) 100vw, 133px\" \/>&nbsp; <img loading=\"lazy\" decoding=\"async\" class=\"alignnone wp-image-244094\" src=\"https:\/\/sts-oldenfelde.hamburg.de\/wp-content\/uploads\/sites\/173\/2020\/02\/fahrrad-300x200.jpg\" alt=\"\" width=\"272\" height=\"181\" srcset=\"https:\/\/sts-oldenfelde.hamburg.de\/wp-content\/uploads\/sites\/173\/2020\/02\/fahrrad-300x200.jpg 300w, https:\/\/sts-oldenfelde.hamburg.de\/wp-content\/uploads\/sites\/173\/2020\/02\/fahrrad-768x512.jpg 768w, https:\/\/sts-oldenfelde.hamburg.de\/wp-content\/uploads\/sites\/173\/2020\/02\/fahrrad-1024x683.jpg 1024w, https:\/\/sts-oldenfelde.hamburg.de\/wp-content\/uploads\/sites\/173\/2020\/02\/fahrrad.jpg 1920w\" sizes=\"auto, (max-width: 272px) 100vw, 272px\" \/><\/p>\n<p>Ab Klasse 8 nehmen die Sch\u00fclerinnen und Sch\u00fcler auch an unserer eigenen regelm\u00e4\u00dfig stattfindenden <strong><a href=\"https:\/\/sts-oldenfelde.hamburg.de\/?p=241304\">Berufs- und Ausbildungsmesse<\/a>&nbsp;<\/strong>teil, auf der sie mit Vertretern von Ausbildungsunternehmen, Innungen sowie Studieneinrichtungen und Berufsfachschulen in Kontakt treten k\u00f6nnen. Dort erhalten sie nicht nur Informationen aus erster Hand, sondern auch die M\u00f6glichkeit, sich direkt f\u00fcr einen Praktikums- oder einen Ausbildungsplatz zu bewerben.<\/p>\n<p>Weitere professionelle Kooperationspartner unterst\u00fctzen die Sch\u00fclerInnen der STS Oldenfelde zus\u00e4tzlich. So besuchen die Sch\u00fclerinnen und Sch\u00fcler u.a. das Berufsinformationszentrum (BIZ) und lernen dort ihre\/n BerufsberaterIn von der Jugendberufsagentur erstmals kennen. Au\u00dferdem nehmen alle Sch\u00fclerinnen und Sch\u00fcler an der Potenzialanalyse \u201eZukunft Jetzt!\u201c und den \u201eWerkstatttagen 8\u201c teil.<\/p>\n<p>In der <strong>Jahrgangsstufe 9&nbsp;<\/strong>findet eine intensive Auseinandersetzung mit der Berufswelt statt. Dazu geh\u00f6ren zwei dreiw\u00f6chige Betriebspraktika, einmal direkt nach den Weihnachtsferien und in den letzten drei Wochen vor den Sommerferien. Die Praktika werden im Rahmen des Unterrichtsfachs Arbeit &amp; Beruf intensiv vor- und nachbereitet. Zudem findet w\u00f6chentlich ein Berufs- und Studienorientierungstag statt (siehe Unterpunkt<a href=\"https:\/\/sts-oldenfelde.hamburg.de\/?page_id=255\"> <strong>BO-Tag<i>&nbsp;<\/i><\/strong><\/a>f\u00fcr ausf\u00fchrliche Informationen).<\/p>\n<p>Beratung und Unterst\u00fctzung bietet daneben unser Berufsorientierungsb\u00fcro (BOB) und die Berufseinstiegsbegleiter des Grone-Bildungszentrums. Im Vordergrund steht die kontinuierliche und pers\u00f6nliche Begleitung der Sch\u00fclerInnen durch das Beratungsteam. Im BOB stehen den Sch\u00fclerinnen und Sch\u00fcler mehrere Arbeitspl\u00e4tze mit Internetzugang und eine Pr\u00e4senzbibliothek zu Themen der Arbeitswelt zur Verf\u00fcgung.<\/p>\n<p>Mit den Berufseinstiegsbegleitern des Grone-Bildungszentrums f\u00fcr Qualifizierung und Integration haben wir die M\u00f6glichkeit einzelne Sch\u00fclerinnen und Sch\u00fcler individuell zu betreuen und so einen \u00dcbergang nach der Schule in die Berufsausbildung f\u00fcr alle zu gew\u00e4hrleisten.<\/p>\n<p>Im <strong>Jahrgang 10&nbsp;<\/strong>wird das Beratungs- und \u00dcbergangsangebote weiter individualisiert. Das <strong><a href=\"https:\/\/sts-oldenfelde.hamburg.de\/?page_id=235\">BO-Team<\/a> <\/strong>hilft individuell bei der Planung des Anschlusses nach Jahrgangs 10. Die an der Stadtteilschule Oldenfelde t\u00e4tigen Berufsschullehrerinnen unserer Partnerschule, der beruflichen Schule f\u00fcr Fahrzeugtechnik BS16, geben unseren Sch\u00fclerinnen und Sch\u00fclern ganz konkrete Einblicke und Hilfen beim \u00dcbergang in die Berufswelt. Die Kolleginnen sind sowohl im Unterricht als auch in der individuellen Beratung t\u00e4tig.<\/p>\n<p>Neben all diesen Beratungs- und Unterst\u00fctzungsangeboten werden im Jahrgang 10 zudem Langzeitpraktika vermittelt. Hier k\u00f6nnen sich potenzielle Auszubildende und Ausbilder besser kennen und sch\u00e4tzen lernen, F\u00e4higkeiten und Fertigkeiten erkennen und vertiefen und den Erfolg einer m\u00f6glichen Ausbildung besser einsch\u00e4tzen.<\/p>\n<p>&nbsp;<\/p>\n","protected":false},"excerpt":{"rendered":"<p>In Jahrgangsstufe 8&nbsp;beginnt die systematische Berufliche Orientierung. Es werden erste Einblicke in die Arbeitswelt gew\u00e4hrt. In einem eigenen Unterrichtsfach (Arbeit &amp; Beruf), welches von den Klassenlehrerinnen und -lehrern unterrichtet wird, erhalten die Sch\u00fclerinnen und&#46;&#46;&#46;<\/p>\n","protected":false},"author":728,"featured_media":0,"parent":0,"menu_order":0,"comment_status":"closed","ping_status":"closed","template":"","meta":{"_acf_changed":false,"footnotes":""},"class_list":["post-136017","page","type-page","status-publish","hentry"],"acf":[],"_links":{"self":[{"href":"https:\/\/sts-oldenfelde.hamburg.de\/index.php?rest_route=\/wp\/v2\/pages\/136017","targetHints":{"allow":["GET"]}}],"collection":[{"href":"https:\/\/sts-oldenfelde.hamburg.de\/index.php?rest_route=\/wp\/v2\/pages"}],"about":[{"href":"https:\/\/sts-oldenfelde.hamburg.de\/index.php?rest_route=\/wp\/v2\/types\/page"}],"author":[{"embeddable":true,"href":"https:\/\/sts-oldenfelde.hamburg.de\/index.php?rest_route=\/wp\/v2\/users\/728"}],"replies":[{"embeddable":true,"href":"https:\/\/sts-oldenfelde.hamburg.de\/index.php?rest_route=%2Fwp%2Fv2%2Fcomments&post=136017"}],"version-history":[{"count":6,"href":"https:\/\/sts-oldenfelde.hamburg.de\/index.php?rest_route=\/wp\/v2\/pages\/136017\/revisions"}],"predecessor-version":[{"id":244065,"href":"https:\/\/sts-oldenfelde.hamburg.de\/index.php?rest_route=\/wp\/v2\/pages\/136017\/revisions\/244065"}],"wp:attachment":[{"href":"https:\/\/sts-oldenfelde.hamburg.de\/index.php?rest_route=%2Fwp%2Fv2%2Fmedia&parent=136017"}],"curies":[{"name":"wp","href":"https:\/\/api.w.org\/{rel}","templated":true}]}}