{"id":135,"date":"2015-05-19T12:05:36","date_gmt":"2015-05-19T10:05:36","guid":{"rendered":"http:\/\/sts-oldenfelde.schulhomepages.hamburg.de\/?page_id=135"},"modified":"2026-02-11T13:10:12","modified_gmt":"2026-02-11T12:10:12","slug":"studienstufe","status":"publish","type":"page","link":"https:\/\/sts-oldenfelde.hamburg.de\/?page_id=135","title":{"rendered":"Studienstufe \/ Profile"},"content":{"rendered":"<p>Jeder Profilbereich umfasst 10 Wochenstunden und verbindet F\u00e4cher aus mindestens zwei Aufgabenfeldern. Sch\u00fclerinnen und Sch\u00fcler entscheiden sich demgem\u00e4\u00df nicht f\u00fcr ein einzelnes Fach, sondern f\u00fcr einen F\u00e4cherverbund. In den Profilen wird obligatorisch in einer festen Lerngruppe gearbeitet.<\/p>\n<div class=\"maintext\">\n<p>Jedes Profil besteht aus einem, beziehungsweise zwei profilgebenden F\u00e4chern, die vierst\u00fcndig auf erh\u00f6htem Niveau unterrichtet werden und im Abitur schriftliches oder m\u00fcndliches Pr\u00fcfungsfach sind.<\/p>\n<p>Bei Profilen mit zwei profilgebenden F\u00e4chern k\u00f6nnen sich die Sch\u00fclerinnen und Sch\u00fcler bis zu Beginn des dritten Semesters entscheiden, welches der beiden F\u00e4cher Pr\u00fcfungsfach im Abitur sein soll. Bei nur einem profilgebenden Fach ist dieses Fach schriftliches oder m\u00fcndliches Pr\u00fcfungsfach im Abitur.<\/p>\n<p>Zu jedem Profilbereich geh\u00f6rt ein <em>zweist\u00fcndiges Seminar<\/em>, in dem das <em>interdisziplin\u00e4re Arbeiten<\/em> gef\u00f6rdert wird und die Sch\u00fclerinnen und Sch\u00fcler eigenst\u00e4ndig an Aufgabenstellungen zum Thema des Profils arbeiten.<\/p>\n<p>Den Wahlzettel f\u00fcr die Profile finden Sie hier: <a href=\"https:\/\/sts-oldenfelde.hamburg.de\/wp-content\/uploads\/sites\/173\/2025\/12\/Wahlzettel-Studienstufe-2026-28.pdf\">Wahlzettel Studienstufe 2026-28<\/a><\/p>\n<blockquote>\n<h4>Weitere Informationen zur Oberstufe finden Sie <a href=\"https:\/\/sts-oldenfelde.hamburg.de\/?page_id=27\">hier<\/a><\/h4>\n<p>&nbsp;<\/p><\/blockquote>\n<\/div>\n<p><strong><span style=\"color: #ff6600\"><img loading=\"lazy\" decoding=\"async\" class=\"alignleft size-medium wp-image-244101\" src=\"https:\/\/sts-oldenfelde.hamburg.de\/wp-content\/uploads\/sites\/173\/2020\/02\/profile-300x236.jpg\" alt=\"\" width=\"300\" height=\"236\" srcset=\"https:\/\/sts-oldenfelde.hamburg.de\/wp-content\/uploads\/sites\/173\/2020\/02\/profile-300x236.jpg 300w, https:\/\/sts-oldenfelde.hamburg.de\/wp-content\/uploads\/sites\/173\/2020\/02\/profile-768x604.jpg 768w, https:\/\/sts-oldenfelde.hamburg.de\/wp-content\/uploads\/sites\/173\/2020\/02\/profile-1024x806.jpg 1024w, https:\/\/sts-oldenfelde.hamburg.de\/wp-content\/uploads\/sites\/173\/2020\/02\/profile.jpg 1920w\" sizes=\"auto, (max-width: 300px) 100vw, 300px\" \/>Profil: Modern History of Nations<\/span><\/strong><br \/>\n<em>Profilgebendes Fach: Geschichte<\/em><br \/>\n<em> Begleitende F\u00e4cher: &nbsp;Bildende Kunst \/ Wirtschaft<\/em><\/p>\n<p>Vor dem Hintergrund der europ\u00e4ischen Expansion wird in diesem Profil der Werdegang moderner Staaten und der dazugeh\u00f6rigen Kultur anhand von verschiedenen Quellen wie Musik, Film, Literatur etc. untersucht. Dabei wird der Mensch als Individuum sowie sein gesamtgesellschaftliches Wirken in verschiedenen historischen Kontexten beleuchtet. Die bildenden K\u00fcnste mit ihren verschiedenen Konzepten spielen eine wichtige Rolle im Zusammenspiel von menschlichem Handeln und gesellschaftlichen Entwicklungen. Sie werden deshalb ebenfalls ein wichtiger Teil der Profilarbeit sein.<\/p>\n<p>Das Profil richtet sich insbesondere an die Sch\u00fclerinnen und Sch\u00fcler, die sich schon immer mit der Frage besch\u00e4ftigt haben, inwieweit die Vergangenheit die Gegenwart beeinflusst hat.<\/p>\n<p>Weitere Informationen und Materialien zu diesem Profil finden Sie hier:<\/p>\n<ul>\n<li><a href=\"https:\/\/sts-oldenfelde.hamburg.de\/wp-content\/uploads\/sites\/173\/2021\/01\/PROFIL-GESCHICHTE.pdf\">Profil-Pr\u00e4sentation<\/a>&nbsp;<\/li>\n<li>Sch\u00fclerarbeit &nbsp;(Laura H. S4) =&gt; <a href=\"https:\/\/sts-oldenfelde.hamburg.de\/wp-content\/uploads\/sites\/173\/2021\/01\/ZEITSCHRIFT-INDUSTRIALISIERUNG-grau.pdf\">ZEITSCHRIFT INDUSTRIALISIERUNG grau<\/a><\/li>\n<\/ul>\n<p>&nbsp;<\/p>\n<p><strong><span style=\"color: #ff6600\"><img loading=\"lazy\" decoding=\"async\" class=\"alignleft size-medium wp-image-245213\" src=\"https:\/\/sts-oldenfelde.hamburg.de\/wp-content\/uploads\/sites\/173\/2021\/01\/profil_pgw_videostill-300x157.jpg\" alt=\"\" width=\"300\" height=\"157\" srcset=\"https:\/\/sts-oldenfelde.hamburg.de\/wp-content\/uploads\/sites\/173\/2021\/01\/profil_pgw_videostill-300x157.jpg 300w, https:\/\/sts-oldenfelde.hamburg.de\/wp-content\/uploads\/sites\/173\/2021\/01\/profil_pgw_videostill-1024x534.jpg 1024w, https:\/\/sts-oldenfelde.hamburg.de\/wp-content\/uploads\/sites\/173\/2021\/01\/profil_pgw_videostill-768x401.jpg 768w, https:\/\/sts-oldenfelde.hamburg.de\/wp-content\/uploads\/sites\/173\/2021\/01\/profil_pgw_videostill-1536x802.jpg 1536w, https:\/\/sts-oldenfelde.hamburg.de\/wp-content\/uploads\/sites\/173\/2021\/01\/profil_pgw_videostill.jpg 1828w\" sizes=\"auto, (max-width: 300px) 100vw, 300px\" \/>Profil: \u201eGlobal Village&#8220; &#8211; Die Welt im Wandel<\/span><\/strong><a href=\"http:\/\/www.sts-oldenfelde.hamburg.de\/index.php\/intlink\/redirect\/1564?PHPSESSID=c2ff447846b998af2a3dd22dcfc774eb\"><br \/>\n<\/a><em>Profilgebende F\u00e4cher: PGW, Biologie oder Chemie<\/em><\/p>\n<p>In diesem Profil geht es um die Rolle des Menschen in einer sich ver\u00e4ndernden Welt. Ausgehend von den profilgebenden F\u00e4chern PGW und Biologie (oder alternativ PGW und Chemie) setzen wir uns kritisch mit aktuellen Wandlungsprozessen auseinander. Herausforderungen, vor denen die Gesellschaft jetzt und in der Zukunft steht, wie etwa das Spannungsfeld zwischen Wirtschaft und Umweltschutz, technische M\u00f6glichkeiten, um den Welthunger nachhaltig zu bek\u00e4mpfen, weltweite Finanz- bzw. Eurokrise sowie Massenmigration, zeigen: Die Welt w\u00e4chst zusammen, Krisenherde in fremden Regionen ber\u00fchren zunehmend nationale Interessen \u2013 diese und \u00e4hnliche Problemstellungen stehen im Zentrum des F\u00e4cherverbundes. Dabei wird der Mensch stets als Teil des Ganzen betrachtet, wobei neben sozio-politischen Aspekten auch wirtschaftliche und \u00f6kologische Fragestellungen mit eingebunden werden.<\/p>\n<p>Dieses Profil eignet sich besonders f\u00fcr Sch\u00fclerinnen und Sch\u00fcler, die gerne projektorientiert lernen und an au\u00dferschulischen Lernorten mit au\u00dferschulischen Partnern aus Politik, Gesellschaft, Wirtschaft arbeiten m\u00f6chten.<\/p>\n<p>Ein Video zu diesem Profil (Profilgebendes Fach Chemie) finden Sie hier:&nbsp;<br \/>\n<a href=\"https:\/\/dracoon.team\/public\/download-shares\/JbVWpDfQX93v6B9aU6ucTMmb6xn5Nx4e\" target=\"_blank\" rel=\"noopener\">https:\/\/dracoon.team\/public\/download-shares\/JbVWpDfQX93v6B9aU6ucTMmb6xn5Nx4e<\/a><\/p>\n<p>&nbsp;<\/p>\n<p><span style=\"color: #ff6600\"><strong><img loading=\"lazy\" decoding=\"async\" class=\"alignleft size-medium wp-image-245210\" src=\"https:\/\/sts-oldenfelde.hamburg.de\/wp-content\/uploads\/sites\/173\/2021\/01\/profil_nature_videostill-300x190.png\" alt=\"\" width=\"300\" height=\"190\" srcset=\"https:\/\/sts-oldenfelde.hamburg.de\/wp-content\/uploads\/sites\/173\/2021\/01\/profil_nature_videostill-300x190.png 300w, https:\/\/sts-oldenfelde.hamburg.de\/wp-content\/uploads\/sites\/173\/2021\/01\/profil_nature_videostill-1024x648.png 1024w, https:\/\/sts-oldenfelde.hamburg.de\/wp-content\/uploads\/sites\/173\/2021\/01\/profil_nature_videostill-768x486.png 768w, https:\/\/sts-oldenfelde.hamburg.de\/wp-content\/uploads\/sites\/173\/2021\/01\/profil_nature_videostill-1536x972.png 1536w, https:\/\/sts-oldenfelde.hamburg.de\/wp-content\/uploads\/sites\/173\/2021\/01\/profil_nature_videostill.png 2048w\" sizes=\"auto, (max-width: 300px) 100vw, 300px\" \/>Profil: &#8222;Nature&#8220; \u2013 Forschung und Wissenschaft<\/strong><a style=\"color: #ff6600\" href=\"http:\/\/www.sts-oldenfelde.hamburg.de\/index.php\/intlink\/redirect\/1567?PHPSESSID=c2ff447846b998af2a3dd22dcfc774eb\"><br \/>\n<\/a><\/span><em>Profilgebende F\u00e4cher: Biologie oder Chemie und Geografie<\/em><\/p>\n<p>Wo kommt der Mensch her und wo geht er hin? Inwiefern ist das Wachstum der Menschheit durch die Verf\u00fcgbarkeit von Energie und Rohstoffen begrenzt? Welche Technologien entwickelt die Forschung gegen Energie- und Rohstoffknappheit? Wie l\u00e4sst sich der Welthunger bek\u00e4mpfen? Solche Fragestellungen sollen im Profil \u201eNature\u201c aus geografischer und naturwissenschaftlicher Sicht (Biologie, Chemie) beantwortet werden. Den Sch\u00fclerinnen und Sch\u00fclern werden dabei nicht blo\u00df Fachinformationen vermittelt. Sie sollen aktuelle, gesellschaftliche Probleme naturwissenschaftlich analysieren und eigenst\u00e4ndige, begr\u00fcndete Urteile entwickeln. In jedem der drei F\u00e4cher werden Exkursionen in Verbindung mit kompetenten Vortr\u00e4gen von Experten aus den verschiedenen Bereichen durchgef\u00fchrt, was das Profil sehr abwechslungsreich gestaltet. Die selbstst\u00e4ndige Planung, Vorbereitung und Durchf\u00fchrung von Experimenten in den F\u00e4chern Biologie und Chemie bietet die M\u00f6glichkeit praktisch und wissenschaftlich zu arbeiten sowie Prozesse der naturwissenschaftlichen Erkenntnisgewinnung zu erleben.<\/p>\n<p>Das Profil richtet sich an Sch\u00fclerinnen und Sch\u00fcler, die neugierig sind und den naturwissenschaftlichen Fragestellungen auf den Grund gehen wollen und die Bereitschaft mitbringen, \u00fcber einen l\u00e4ngeren Zeitraum Ernsthaftigkeit und Engagement zu demonstrieren.<\/p>\n<p>Unser Angebot wird durch einen interessanten <strong>Wahl(pflicht)bereich<\/strong> mit den F\u00e4chern<\/p>\n<ul>\n<li>Psychologie,<\/li>\n<li>Wirtschaft,<\/li>\n<li>Zertifikatskurs Cambridge,<\/li>\n<li>Informatik,<\/li>\n<li>DELE (Spanisch \u2013 Zertifikatspr\u00fcfung m\u00f6glich)&nbsp;<\/li>\n<li>Sport mit Sporttheorie (als 4. Pr\u00fcfungsfach im Abitur m\u00f6glich) und<\/li>\n<li>Philosophie (hier finden Sie f\u00fcr dieses Fach ein&nbsp;<a href=\"https:\/\/sts-oldenfelde.hamburg.de\/wp-content\/uploads\/sites\/173\/2021\/01\/Info-Philosophie-in-der-Oberstufe.pdf\">Infoschreiben<\/a> &nbsp;sowie einen <a href=\"https:\/\/sts-oldenfelde.hamburg.de\/wp-content\/uploads\/sites\/173\/2021\/01\/Schuelerbeitrag.pdf\">Sch\u00fclerbeitrag)<\/a><\/li>\n<\/ul>\n<p>erg\u00e4nzt.<\/p>\n<p>Ein Video zum Biologieprofil finden Sie hier:&nbsp;<br \/>\n<a href=\"https:\/\/dracoon.team\/public\/download-shares\/WDPrh7vIx2HPaxe931fb7TdjG6EXaRgk\" target=\"_blank\" rel=\"noopener\">https:\/\/dracoon.team\/public\/download-shares\/WDPrh7vIx2HPaxe931fb7TdjG6EXaRgk<\/a><\/p>\n<p>Ein Erkl\u00e4r-Video zur Mitose (Biologie) finden Sie hier:<br \/>\n<a href=\"https:\/\/dracoon.team\/public\/download-shares\/d17INuDaPJ0aGjyKCsdYZrcj71GOp5in\" target=\"_blank\" rel=\"noopener\">https:\/\/dracoon.team\/public\/download-shares\/d17INuDaPJ0aGjyKCsdYZrcj71GOp5in<\/a><\/p>\n<p>&nbsp;<\/p>\n<p>Weitere Informationen finden Sie in den folgenden Brosch\u00fcren:<\/p>\n<ul>\n<li>Ausbildungs- und Pr\u00fcfungsordnung zum Erwerb der allgemeinen Hochschulreife:<br \/>\n<a href=\"https:\/\/sts-oldenfelde.hamburg.de\/wp-content\/uploads\/sites\/173\/2015\/05\/APO-AH-1.pdf\">APO-AH neu<\/a>&nbsp;(f\u00fcr alle SuS, die in diesem Jahr in die Studienstufe eingetreten sind)<\/li>\n<li>Die Studienstufe an allgemeinbildenden Schulen:&nbsp;&nbsp;<a href=\"https:\/\/sts-oldenfelde.hamburg.de\/wp-content\/uploads\/sites\/173\/2019\/12\/br-studienstufe-an-allgemeinbildenden-schulen.pdf\">Brosch\u00fcre Studienstufe<\/a><\/li>\n<\/ul>\n","protected":false},"excerpt":{"rendered":"<p>Jeder Profilbereich umfasst 10 Wochenstunden und verbindet F\u00e4cher aus mindestens zwei Aufgabenfeldern. Sch\u00fclerinnen und Sch\u00fcler entscheiden sich demgem\u00e4\u00df nicht f\u00fcr ein einzelnes Fach, sondern f\u00fcr einen F\u00e4cherverbund. In den Profilen wird obligatorisch in einer&#46;&#46;&#46;<\/p>\n","protected":false},"author":728,"featured_media":0,"parent":0,"menu_order":0,"comment_status":"closed","ping_status":"closed","template":"","meta":{"_acf_changed":false,"footnotes":""},"class_list":["post-135","page","type-page","status-publish","hentry"],"acf":[],"_links":{"self":[{"href":"https:\/\/sts-oldenfelde.hamburg.de\/index.php?rest_route=\/wp\/v2\/pages\/135","targetHints":{"allow":["GET"]}}],"collection":[{"href":"https:\/\/sts-oldenfelde.hamburg.de\/index.php?rest_route=\/wp\/v2\/pages"}],"about":[{"href":"https:\/\/sts-oldenfelde.hamburg.de\/index.php?rest_route=\/wp\/v2\/types\/page"}],"author":[{"embeddable":true,"href":"https:\/\/sts-oldenfelde.hamburg.de\/index.php?rest_route=\/wp\/v2\/users\/728"}],"replies":[{"embeddable":true,"href":"https:\/\/sts-oldenfelde.hamburg.de\/index.php?rest_route=%2Fwp%2Fv2%2Fcomments&post=135"}],"version-history":[{"count":46,"href":"https:\/\/sts-oldenfelde.hamburg.de\/index.php?rest_route=\/wp\/v2\/pages\/135\/revisions"}],"predecessor-version":[{"id":253635,"href":"https:\/\/sts-oldenfelde.hamburg.de\/index.php?rest_route=\/wp\/v2\/pages\/135\/revisions\/253635"}],"wp:attachment":[{"href":"https:\/\/sts-oldenfelde.hamburg.de\/index.php?rest_route=%2Fwp%2Fv2%2Fmedia&parent=135"}],"curies":[{"name":"wp","href":"https:\/\/api.w.org\/{rel}","templated":true}]}}