{"id":130,"date":"2015-05-19T11:25:52","date_gmt":"2015-05-19T09:25:52","guid":{"rendered":"http:\/\/sts-oldenfelde.schulhomepages.hamburg.de\/?page_id=130"},"modified":"2019-12-19T13:10:56","modified_gmt":"2019-12-19T12:10:56","slug":"fremdsprachenangebot","status":"publish","type":"page","link":"https:\/\/sts-oldenfelde.hamburg.de\/?page_id=130","title":{"rendered":"Fremdsprachenangebot"},"content":{"rendered":"<p>Fremdsprachenkenntnisse gewinnen in einer globalisierten Welt zunehmend an Bedeutung. Der Erwerb kommunikativer und interkultureller Kompetenzen in anderen Sprachen dient neben der praktischen Anwendung im sp\u00e4teren Berufsleben auch der vertiefenden Besch\u00e4ftigung mit der jeweiligen Kultur und \u2013 last but not least \u2013 schlicht dem pers\u00f6nlichen Gespr\u00e4ch mit Menschen aus anderen L\u00e4ndern.<\/p>\n<p>An der STS Oldenfelde k\u00f6nnen in der Oberstufe folgende Sprachzertifikate erworben werden:<\/p>\n<ul>\n<li>Cambridge Certificate&nbsp;<\/li>\n<li>DELE (Diploma de Espanol como Lengua Extranjera \u2013 \u201eSpanisch als Fremdsprache\u201c &#8211; gilt als offizielles Zertifikat zum Nachweis von spanischen Sprachkenntnissen)<\/li>\n<\/ul>\n<div class=\"maintext\">\n<h5>1. Fremdsprache: Englisch<\/h5>\n<p>Englisch als erste Fremdsprache wird an unserer Schule in Klasse 5 mit f\u00fcnf Wochenstunden unterrichtet, ab Klasse 6 dann mit vier. Englisch gilt nach wie vor als die wichtigste Weltsprache und ist f\u00fcr die internationale Verst\u00e4ndigung in den Bereichen Politik, Wirtschaft, Wissenschaft, Beruf und Freizeit die Verkehrssprache schlechthin. Ziel unseres Englischunterrichts ist, dass die Sch\u00fclerinnen und Sch\u00fcler lernen, sich in der Fremdsprache aktiv schriftlich und m\u00fcndlich mitteilen zu k\u00f6nnen. Neben dem schrittweisen Aufbau des Wortschatzes sowie dem Erlernen der korrekten Schreibweise werden in den verschiedenen Lernstufen Fertigkeiten wie H\u00f6rverstehen, \u00dcbersetzen, das Erkl\u00e4ren von Sachverhalten und das Argumentieren in schriftlicher und m\u00fcndlicher Form vermittelt und ge\u00fcbt. Des Weiteren werden den Sch\u00fclerinnen und Sch\u00fclern die wichtigsten englischsprachigen L\u00e4nder, ihre Kultur und die politischen und historischen Zusammenh\u00e4nge nahegebracht.<\/p>\n<p><img loading=\"lazy\" decoding=\"async\" class=\"alignnone wp-image-243984\" src=\"https:\/\/sts-oldenfelde.hamburg.de\/wp-content\/uploads\/sites\/173\/2019\/12\/australien-300x217.jpg\" alt=\"\" width=\"841\" height=\"608\" srcset=\"https:\/\/sts-oldenfelde.hamburg.de\/wp-content\/uploads\/sites\/173\/2019\/12\/australien-300x217.jpg 300w, https:\/\/sts-oldenfelde.hamburg.de\/wp-content\/uploads\/sites\/173\/2019\/12\/australien-768x554.jpg 768w, https:\/\/sts-oldenfelde.hamburg.de\/wp-content\/uploads\/sites\/173\/2019\/12\/australien.jpg 787w\" sizes=\"auto, (max-width: 841px) 100vw, 841px\" \/><\/p>\n<p>2016 haben wir unseren ersten Sch\u00fcleraustausch nach Australien organisiert. Einen Bericht dar\u00fcber finden Sie <a href=\"https:\/\/sts-oldenfelde.hamburg.de\/?p=31160\" target=\"_blank\" rel=\"noopener\">hier<\/a>. Weil es so toll war, ist der n\u00e4chste Australienaustausch auch schon wieder in Planung.<\/p>\n<h5>2. Fremdsprache&nbsp; bzw. 3. Fremdsprache<\/h5>\n<p>Ab Klasse 7 k\u00f6nnen unsere Sch\u00fclerinnen und Sch\u00fcler im Wahlpflichtbereich Spanisch oder Franz\u00f6sisch als zweite Fremdsprache w\u00e4hlen. Eine zweite Fremdsprache ist eine gute \u2013 allerdings nicht zwingend notwendige \u2013 Wahl f\u00fcr einen m\u00f6glichen sp\u00e4teren \u00dcbergang in die Sekundarstufe II.<\/p>\n<p><strong>Franz\u00f6sisch, die Sprache Europas<br \/>\n<\/strong>Das Europaparlament und die europ\u00e4ische Verwaltungsspitze arbeiten von Stra\u00dfburg, Br\u00fcssel und Luxemburg aus. Frankreich ist zudem eine der gr\u00f6\u00dften Handelsm\u00e4chte der Welt und der mit Abstand wichtigste Handelspartner Deutschlands. Neben diesen eher berufsorientierten Aspekten erm\u00f6glicht Franz\u00f6sisch den Zugang zu einer der bedeutendsten Kulturen der Welt.<strong><br \/>\n<\/strong>Franz\u00f6sisch verlangt aber auch neue Sprech- und H\u00f6rgewohnheiten, sowie genaues Arbeiten, da der Satzbau vom Deutschen abweicht.<strong><br \/>\n<\/strong>An unserer Schule wird Franz\u00f6sisch im Rahmen eines vierj\u00e4hrigen Lehrgangs angeboten, d.h. Sch\u00fclerinnen und Sch\u00fcler, die sich f\u00fcr diesen Wahlpflichtkurs entscheiden, m\u00fcssen bis Klasse 10 dabei bleiben, um die Belegauflage f\u00fcr die Oberstufe zu erf\u00fcllen.<br \/>\n2013 konnten wir sogar ein Austauschprogramme mit dem Coll\u00e8ge Cantelauze de Fonsorbes in S\u00fcdfrankreich aufbauen.<strong>&nbsp;<\/strong><strong><br \/>\n<\/strong><\/p>\n<p><strong>Weltsprache Spanisch<br \/>\n<\/strong>Spanisch wird in vier Kontinenten, \u00fcber 20 L\u00e4ndern von mittlerweile mehr als 400 Millionen Menschen gesprochen und ist eine der offiziellen UN- und EU-Sprachen. Nur Chinesisch und Englisch sind weiter verbreitet. Auch die wirtschaftlichen und politischen Beziehungen Deutschlands zu den spanischsprachigen L\u00e4ndern Mittel- und S\u00fcdamerikas werden immer bedeutender. Zudem erschlie\u00dft Spanisch einen Kulturraum in Europa und Hispanoamerika mit faszinierender Kultur.<\/p>\n<p>An unserer Schule wird Spanisch im Rahmen eines vierj\u00e4hrigen Lehrgangs angeboten, d.h. Sch\u00fclerinnen und Sch\u00fcler, die sich f\u00fcr diesen Wahlpflichtkurs entscheiden, m\u00fcssen bis Klasse 10 dabei bleiben, um die Belegauflage f\u00fcr die Oberstufe zu erf\u00fcllen. Daneben kann Spanisch als zweite Fremdsprache in der Sekundarstufe II begonnen werden.<br \/>\nVoraussetzung f\u00fcr die Wahl von Spanisch als zweiter Fremdsprache ist die aktive Mitarbeit im Unterricht und die Bereitschaft, sich auf neue Sprech- und H\u00f6rgewohnheiten einzulassen.<\/p>\n<p><img loading=\"lazy\" decoding=\"async\" class=\"alignnone  wp-image-243985\" src=\"https:\/\/sts-oldenfelde.hamburg.de\/wp-content\/uploads\/sites\/173\/2019\/12\/spanien-300x225.jpg\" alt=\"\" width=\"809\" height=\"607\" srcset=\"https:\/\/sts-oldenfelde.hamburg.de\/wp-content\/uploads\/sites\/173\/2019\/12\/spanien-300x225.jpg 300w, https:\/\/sts-oldenfelde.hamburg.de\/wp-content\/uploads\/sites\/173\/2019\/12\/spanien.jpg 768w\" sizes=\"auto, (max-width: 809px) 100vw, 809px\" \/><\/p>\n<p>Auch mit unseren spanisch sprechenden Sch\u00fclerInnen haben wir seit 2016 einen Sch\u00fcleraustausch nach Barcelona organisiert, der seitdem j\u00e4hrlich wiederholt wird. Einen Sch\u00fclerbericht dazu finden Sie <a href=\"https:\/\/sts-oldenfelde.hamburg.de\/?p=53490\" target=\"_blank\" rel=\"noopener\">hier<\/a>.<\/p>\n<p><strong>Nachmittagsangebot:&nbsp; Farsi<br \/>\n<\/strong>Farsi, d.h. die iranische Variante der persischen Sprache, wird an der STS Oldenfelde f\u00fcr die Klassen 5-7 im Rahmen des Ganztags angeboten. Auch f\u00fcr die Klassen 8-10 besteht die M\u00f6glichkeit, nachmittags einen Farsikurs zu belegen. Anf\u00e4nger lernen zuerst das Alphabet und \u00fcben das Lesen und Schreiben von rechts nach links. Fortgeschrittene lernen auf ihrem Niveau weiter. Beide Gruppen trainieren zudem ihre Aussprache und den m\u00fcndlichen Ausdruck.<\/p>\n<p>Farsi findet am Nachmittag bei Herrn Nikpour statt, immer mittwochs von 14.30 &#8211; 16.00 Uhr f\u00fcr die Klassen 5-8.<\/p>\n<\/div>\n","protected":false},"excerpt":{"rendered":"<p>Fremdsprachenkenntnisse gewinnen in einer globalisierten Welt zunehmend an Bedeutung. Der Erwerb kommunikativer und interkultureller Kompetenzen in anderen Sprachen dient neben der praktischen Anwendung im sp\u00e4teren Berufsleben auch der vertiefenden Besch\u00e4ftigung mit der jeweiligen Kultur&#46;&#46;&#46;<\/p>\n","protected":false},"author":728,"featured_media":0,"parent":0,"menu_order":0,"comment_status":"closed","ping_status":"closed","template":"","meta":{"_acf_changed":false,"footnotes":""},"class_list":["post-130","page","type-page","status-publish","hentry"],"acf":[],"_links":{"self":[{"href":"https:\/\/sts-oldenfelde.hamburg.de\/index.php?rest_route=\/wp\/v2\/pages\/130","targetHints":{"allow":["GET"]}}],"collection":[{"href":"https:\/\/sts-oldenfelde.hamburg.de\/index.php?rest_route=\/wp\/v2\/pages"}],"about":[{"href":"https:\/\/sts-oldenfelde.hamburg.de\/index.php?rest_route=\/wp\/v2\/types\/page"}],"author":[{"embeddable":true,"href":"https:\/\/sts-oldenfelde.hamburg.de\/index.php?rest_route=\/wp\/v2\/users\/728"}],"replies":[{"embeddable":true,"href":"https:\/\/sts-oldenfelde.hamburg.de\/index.php?rest_route=%2Fwp%2Fv2%2Fcomments&post=130"}],"version-history":[{"count":2,"href":"https:\/\/sts-oldenfelde.hamburg.de\/index.php?rest_route=\/wp\/v2\/pages\/130\/revisions"}],"predecessor-version":[{"id":243976,"href":"https:\/\/sts-oldenfelde.hamburg.de\/index.php?rest_route=\/wp\/v2\/pages\/130\/revisions\/243976"}],"wp:attachment":[{"href":"https:\/\/sts-oldenfelde.hamburg.de\/index.php?rest_route=%2Fwp%2Fv2%2Fmedia&parent=130"}],"curies":[{"name":"wp","href":"https:\/\/api.w.org\/{rel}","templated":true}]}}