{"id":128,"date":"2015-05-18T13:29:57","date_gmt":"2015-05-18T11:29:57","guid":{"rendered":"http:\/\/sts-oldenfelde.schulhomepages.hamburg.de\/?page_id=128"},"modified":"2020-09-24T09:53:56","modified_gmt":"2020-09-24T07:53:56","slug":"aktivitaeten-und-massnahmen-im-rahmen-des-klimaschutzprojektes","status":"publish","type":"page","link":"https:\/\/sts-oldenfelde.hamburg.de\/?page_id=128","title":{"rendered":"Aktivit\u00e4ten"},"content":{"rendered":"<p>Um unsere ehrgeizigen Pl\u00e4ne im Bereich des Klimaschutzes umzusetzen, wechseln sich immer wieder neue Aktionen in den Bereichen Mobilit\u00e4t, Ern\u00e4hrung, Abfall, Strom und W\u00e4rme, die insbesondere die Information und Sensibilisierung der Schulgemeinschaft zum Ziel haben, mit etablierten und j\u00e4hrlich\/monatlich\/w\u00f6chentlich wiederkehrenden Projekten ab. So verf\u00fcgt die Schule beispielsweise \u00fcber einen Plan zur w\u00f6chentlichen Pausenhofreinigung, die Klima AG plant aktuell in einem 4-Wochen-Turnus eine E-Mail an Kollegium und Sch\u00fclerschaft mit umweltsensibilisierendem Inhalt zu versenden.<\/p>\n<p>KLIMA PROJEKTTAG<br \/>\n<img loading=\"lazy\" decoding=\"async\" class=\"size-medium wp-image-244152 alignright\" src=\"https:\/\/sts-oldenfelde.hamburg.de\/wp-content\/uploads\/sites\/173\/2020\/02\/klima_akt1-300x169.jpg\" alt=\"\" width=\"300\" height=\"169\" srcset=\"https:\/\/sts-oldenfelde.hamburg.de\/wp-content\/uploads\/sites\/173\/2020\/02\/klima_akt1-300x169.jpg 300w, https:\/\/sts-oldenfelde.hamburg.de\/wp-content\/uploads\/sites\/173\/2020\/02\/klima_akt1-768x432.jpg 768w, https:\/\/sts-oldenfelde.hamburg.de\/wp-content\/uploads\/sites\/173\/2020\/02\/klima_akt1-1024x576.jpg 1024w, https:\/\/sts-oldenfelde.hamburg.de\/wp-content\/uploads\/sites\/173\/2020\/02\/klima_akt1.jpg 1920w\" sizes=\"auto, (max-width: 300px) 100vw, 300px\" \/>Jedes Jahr befassen sich alle Sch\u00fclerinnen und Sch\u00fcler sowie alle Lehrerinnen und Lehrer der STS Oldenfelde an einem festgelegten Tag im Schuljahr mit dem Klimaschutz. Zu einem vorher festgelegtem Thema, das jedes Jahr wechselt, werden verschiedene Projekte, Experimente, Ausfl\u00fcge, Stationen und Vortr\u00e4ge vorbereitet, mit denen sich die Kinder selbstst\u00e4ndig und intensiv rund um das Thema Klima informieren k\u00f6nnen.<\/p>\n<p>HAMBURG R\u00c4UMT AUF<br \/>\n<img loading=\"lazy\" decoding=\"async\" class=\"alignleft size-medium wp-image-244153\" src=\"https:\/\/sts-oldenfelde.hamburg.de\/wp-content\/uploads\/sites\/173\/2020\/02\/klima_akt2-300x225.jpg\" alt=\"\" width=\"300\" height=\"225\" srcset=\"https:\/\/sts-oldenfelde.hamburg.de\/wp-content\/uploads\/sites\/173\/2020\/02\/klima_akt2-300x225.jpg 300w, https:\/\/sts-oldenfelde.hamburg.de\/wp-content\/uploads\/sites\/173\/2020\/02\/klima_akt2-768x576.jpg 768w, https:\/\/sts-oldenfelde.hamburg.de\/wp-content\/uploads\/sites\/173\/2020\/02\/klima_akt2-1024x768.jpg 1024w, https:\/\/sts-oldenfelde.hamburg.de\/wp-content\/uploads\/sites\/173\/2020\/02\/klima_akt2.jpg 1920w\" sizes=\"auto, (max-width: 300px) 100vw, 300px\" \/>Jedes Jahr im Fr\u00fchling ruft die Stadt Hamburg freiwillige Helferinnen und Helfer dazu auf, mit einem kleinen Beitrag zu einem sch\u00f6neren Stadtbild beizutragen und ihre Umgebung von herumliegendem M\u00fcll zu befreien. Als Klimaschule machen wir dabei nun schon seit mehreren Jahren nat\u00fcrlich immer wieder gerne mit. Im Umfeld der Schule sammeln unsere Sch\u00fclerinnen und Sch\u00fcler dabei um die hundert S\u00e4cke voll mit M\u00fcll, der sonst unsere Umwelt und das Umfeld unserer Schule belastet h\u00e4tte.<\/p>\n<p>GLASTRINKFLASCHEN f\u00fcr JG. 5<br \/>\n<img loading=\"lazy\" decoding=\"async\" class=\"alignleft size-medium wp-image-244154\" src=\"https:\/\/sts-oldenfelde.hamburg.de\/wp-content\/uploads\/sites\/173\/2020\/02\/klima_akt3-297x300.jpg\" alt=\"\" width=\"297\" height=\"300\" srcset=\"https:\/\/sts-oldenfelde.hamburg.de\/wp-content\/uploads\/sites\/173\/2020\/02\/klima_akt3-297x300.jpg 297w, https:\/\/sts-oldenfelde.hamburg.de\/wp-content\/uploads\/sites\/173\/2020\/02\/klima_akt3-768x775.jpg 768w, https:\/\/sts-oldenfelde.hamburg.de\/wp-content\/uploads\/sites\/173\/2020\/02\/klima_akt3-1014x1024.jpg 1014w, https:\/\/sts-oldenfelde.hamburg.de\/wp-content\/uploads\/sites\/173\/2020\/02\/klima_akt3.jpg 1154w\" sizes=\"auto, (max-width: 297px) 100vw, 297px\" \/>Ein j\u00e4hrlich wiederkehrendes Projekt ist die Ausstattung unserer neuen f\u00fcnften Jahrg\u00e4nge mit Trinkflaschen, welche die Sch\u00fclerinnen und Sch\u00fclern im Schulalltag gern benutzen d\u00fcrfen und sollen. So k\u00f6nnen wir dazu beitragen, dass sich die Sch\u00fclerinnen und Sch\u00fcler zum einen regelm\u00e4\u00dfig mit Fl\u00fcssigkeit versorgen k\u00f6nnen, zum anderen tun sie dies auf eine \u00f6kologische sinnvolle und f\u00fcr die Kinder gesunde Art und Weise, den die mit unserem Schullogo versehenen Flaschen in verschiedenen Farben bestehen aus Glas und nicht aus Plastik.<\/p>\n<p>&nbsp;<\/p>\n<p>DIE KLIMASHOW<br \/>\nWir sind sehr stolz darauf, dass wir am 17.04.2020 \u201e<a href=\"http:\/\/www.klima-show.de\/home\">Hei\u00df &#8211; die Klimashow<\/a>\u201c in unserer Aula begr\u00fc\u00dfen d\u00fcrfen. Bei dieser Show geht es darum, den Sch\u00fclerinnen und Sch\u00fclern in unterschiedlichen und spannenden Experimenten rund um den Klimawandel, selbigen greifbar zu machen und L\u00f6sungsm\u00f6glichkeiten zu pr\u00e4sentieren. Die Sch\u00fclerinnen und Sch\u00fcler werden dabei teils aktiv in die Experimente eingebunden und k\u00f6nnen so praxisnah und interaktiv selbst zu den Antworten auf die gro\u00dfen Fragen des Klimawandels beisteuern. Die f\u00fcr diesen Oktober geplante Klimashow muss leider&nbsp;wegen Corona ausgefallen. Ein weiterer Termin ist f\u00fcr 2021 geplant.<\/p>\n<p>SCHULGEW\u00c4CHSHAUS<br \/>\nEin weiteres Highlight wird unser neues Gew\u00e4chshaus sein, welches wir voraussichtlich ab dem Fr\u00fchsommer 2020 in Betrieb nehmen wollen. Gew\u00e4chsh\u00e4user sind als Lernort eine wertvolle Erg\u00e4nzung, nicht nur f\u00fcr die Naturwissenschaften. Fragen zu einer nachhaltigen Energieversorgung und Bew\u00e4sserung ergeben sich ebenso wie die M\u00f6glichkeit w\u00e4hrend der Sommermonate exemplarisch unterschiedliche Lebensbedingungen f\u00fcr Pflanzen im Kleinen zu gestalten (z.B. W\u00fcste, Tropen), die sich im Freiland hier sonst nicht umsetzen lassen.<br \/>\nDas Gew\u00e4chshaus soll es der Schulgemeinschaft dar\u00fcber hinaus erlauben, Vorkulturen von Gem\u00fcsejungpflanzen und einj\u00e4hrige Sommerpflanzen f\u00fcr die Schulg\u00e4rten selbst anzuziehen. Auf den Fensterb\u00e4nken gelang dies in der Vergangenheit nicht immer gut. Im Sommer wird es zudem der Kultur von empfindlichen Gem\u00fcse- oder Obstpflanzen wie beispielsweise Tomaten oder Kiwis dienen. Alle Kulturen werden von Sch\u00fclerinnen und Sch\u00fclern nach den Prinzipien des \u00f6kologischen Landbaus gepflegt.&nbsp;Im Winter wird das Gew\u00e4chshaus genutzt werden, um empfindliche K\u00fcbelpflanzen oder Zwiebeln zu \u00fcberwintern und geerntetes Gem\u00fcse\/Obst (z.B. Kartoffeln, M\u00f6hren, \u00c4pfel) zu lagern.<\/p>\n<p>&gt;&gt; Weitere Informationen zu unseren Bem\u00fchungen im Bereich des Schulhofgartens finden Sie<a href=\"https:\/\/sts-oldenfelde.hamburg.de\/?page_id=243940\"> hier<\/a>&nbsp;bei den Wahlpflichtkursen.<\/p>\n","protected":false},"excerpt":{"rendered":"<p>Um unsere ehrgeizigen Pl\u00e4ne im Bereich des Klimaschutzes umzusetzen, wechseln sich immer wieder neue Aktionen in den Bereichen Mobilit\u00e4t, Ern\u00e4hrung, Abfall, Strom und W\u00e4rme, die insbesondere die Information und Sensibilisierung der Schulgemeinschaft zum Ziel&#46;&#46;&#46;<\/p>\n","protected":false},"author":728,"featured_media":0,"parent":0,"menu_order":0,"comment_status":"closed","ping_status":"closed","template":"","meta":{"_acf_changed":false,"footnotes":""},"class_list":["post-128","page","type-page","status-publish","hentry"],"acf":[],"_links":{"self":[{"href":"https:\/\/sts-oldenfelde.hamburg.de\/index.php?rest_route=\/wp\/v2\/pages\/128","targetHints":{"allow":["GET"]}}],"collection":[{"href":"https:\/\/sts-oldenfelde.hamburg.de\/index.php?rest_route=\/wp\/v2\/pages"}],"about":[{"href":"https:\/\/sts-oldenfelde.hamburg.de\/index.php?rest_route=\/wp\/v2\/types\/page"}],"author":[{"embeddable":true,"href":"https:\/\/sts-oldenfelde.hamburg.de\/index.php?rest_route=\/wp\/v2\/users\/728"}],"replies":[{"embeddable":true,"href":"https:\/\/sts-oldenfelde.hamburg.de\/index.php?rest_route=%2Fwp%2Fv2%2Fcomments&post=128"}],"version-history":[{"count":3,"href":"https:\/\/sts-oldenfelde.hamburg.de\/index.php?rest_route=\/wp\/v2\/pages\/128\/revisions"}],"predecessor-version":[{"id":244995,"href":"https:\/\/sts-oldenfelde.hamburg.de\/index.php?rest_route=\/wp\/v2\/pages\/128\/revisions\/244995"}],"wp:attachment":[{"href":"https:\/\/sts-oldenfelde.hamburg.de\/index.php?rest_route=%2Fwp%2Fv2%2Fmedia&parent=128"}],"curies":[{"name":"wp","href":"https:\/\/api.w.org\/{rel}","templated":true}]}}