{"id":123,"date":"2015-05-18T13:05:08","date_gmt":"2015-05-18T11:05:08","guid":{"rendered":"http:\/\/sts-oldenfelde.schulhomepages.hamburg.de\/?page_id=123"},"modified":"2019-12-19T12:53:40","modified_gmt":"2019-12-19T11:53:40","slug":"streitschlichtung","status":"publish","type":"page","link":"https:\/\/sts-oldenfelde.hamburg.de\/?page_id=123","title":{"rendered":"Streitschlichter"},"content":{"rendered":"<div id=\"content_all\" class=\"all_tease_off\">\n<div id=\"content\" class=\"tease_off\">\n<p>Reibereien zwischen Sch\u00fclern gibt es an allen Schulen. Meist geht es um Kleinigkeiten und alle Beteiligten beruhigen sich schnell wieder. Dann und wann eskalieren diese Konflikte jedoch auch und werden un\u00fcberschaubar. Schalten sich Lehrer in diesen Streit ein, wird ein Konflikt h\u00e4ufig per Autorit\u00e4t entschieden, was in einigen F\u00e4llen auch angebracht sein kann, die streitenden Parteien jedoch oft in \u201eGewinner&#8220; und \u201eVerlierer&#8220; spaltet.<\/p>\n<div id=\"attachment_243968\" style=\"width: 847px\" class=\"wp-caption alignnone\"><img loading=\"lazy\" decoding=\"async\" aria-describedby=\"caption-attachment-243968\" class=\"wp-image-243968 size-full\" src=\"https:\/\/sts-oldenfelde.hamburg.de\/wp-content\/uploads\/sites\/173\/2019\/12\/image-Kopie.jpg\" alt=\"\" width=\"837\" height=\"657\"><p id=\"caption-attachment-243968\" class=\"wp-caption-text\">Unsere Streitschlichter<\/p><\/div>\n<p>Um solche Konflikte anders regeln zu k\u00f6nnen, gibt es an unserer Schule seit fast zehn Jahren ein Streitschlichtungsprogramm. Dabei werden Sch\u00fcler und Sch\u00fclerinnen (vorwiegend aus den achten bis zehnten Klassen) in einem ganzj\u00e4hrigen Wahlpflichtkurs zu Streitschlichtern ausgebildet.<\/p>\n<blockquote><p>Unsere StreitschlichterInnen stellen sich zu Beginn des Schuljahres immer den neuen 5. Klassen vor, h\u00e4ngen ein Foto von sich auf und sind dort pr\u00e4sent. So k\u00f6nnen vor allem unsere Kleinen eine Bindung zu den Streitschlichtern aufbauen und verlieren die Hemmungen, sich in Konfliktsituationen an sie zu wenden. In jeder 1. Pause sind die Streitschlichter nun immer in ihrem eigenen, zentral gelegenem &#8222;B\u00fcro&#8220;, k\u00f6nnen dort unb\u00fcrokratisch angesprochen werden und kl\u00e4ren auf Augenh\u00f6he Konflikte .<\/p><\/blockquote>\n<p>Gibt es Zoff kommen die Streitenden zu ihnen und bitten um ein Schlichtungsgespr\u00e4ch. Jede Seite tr\u00e4gt ihre Sicht des Streits vor. Der Schlichter wiederholt, fasst zusammen, fragt nach, vermittelt, ergreift aber niemals Partei oder f\u00e4llt ein Urteil. Gemeinsam beseitigt man m\u00f6gliche Missverst\u00e4ndnisse und findet L\u00f6sungsm\u00f6glichkeiten, die in einem Vertrag festgehalten werden.<\/p>\n<p>Das Streitschlichterprogramm tr\u00e4gt ganz erheblich zu einem respektvolleren Umgang an unserer Schule bei. Und auch die Sch\u00fcler und Sch\u00fclerinnen, die zu Streitschlichtern ausgebildet wurden, haben durch ihre Arbeit viel f\u00fcr sich selbst gelernt und Kompetenzen erworben, die auch in der Berufswelt gesch\u00e4tzt werden.<\/p>\n<div class=\"maintext\">\n<p>&nbsp;<\/p>\n<p>&nbsp;<\/p>\n<\/div>\n<p>&nbsp;<\/p>\n<div class=\"spacer20\">&nbsp;<\/div>\n<\/div>\n<\/div>\n<div id=\"footer\">\n<div class=\"left\">\n<div class=\"right\">\n<form action=\"post\" name=\"schul_info\"><\/form>\n<\/div>\n<\/div>\n<\/div>\n","protected":false},"excerpt":{"rendered":"<p>Reibereien zwischen Sch\u00fclern gibt es an allen Schulen. Meist geht es um Kleinigkeiten und alle Beteiligten beruhigen sich schnell wieder. Dann und wann eskalieren diese Konflikte jedoch auch und werden un\u00fcberschaubar. Schalten sich Lehrer&#46;&#46;&#46;<\/p>\n","protected":false},"author":728,"featured_media":0,"parent":0,"menu_order":0,"comment_status":"closed","ping_status":"closed","template":"","meta":{"_acf_changed":false,"footnotes":""},"class_list":["post-123","page","type-page","status-publish","hentry"],"acf":[],"_links":{"self":[{"href":"https:\/\/sts-oldenfelde.hamburg.de\/index.php?rest_route=\/wp\/v2\/pages\/123","targetHints":{"allow":["GET"]}}],"collection":[{"href":"https:\/\/sts-oldenfelde.hamburg.de\/index.php?rest_route=\/wp\/v2\/pages"}],"about":[{"href":"https:\/\/sts-oldenfelde.hamburg.de\/index.php?rest_route=\/wp\/v2\/types\/page"}],"author":[{"embeddable":true,"href":"https:\/\/sts-oldenfelde.hamburg.de\/index.php?rest_route=\/wp\/v2\/users\/728"}],"replies":[{"embeddable":true,"href":"https:\/\/sts-oldenfelde.hamburg.de\/index.php?rest_route=%2Fwp%2Fv2%2Fcomments&post=123"}],"version-history":[{"count":1,"href":"https:\/\/sts-oldenfelde.hamburg.de\/index.php?rest_route=\/wp\/v2\/pages\/123\/revisions"}],"predecessor-version":[{"id":225664,"href":"https:\/\/sts-oldenfelde.hamburg.de\/index.php?rest_route=\/wp\/v2\/pages\/123\/revisions\/225664"}],"wp:attachment":[{"href":"https:\/\/sts-oldenfelde.hamburg.de\/index.php?rest_route=%2Fwp%2Fv2%2Fmedia&parent=123"}],"curies":[{"name":"wp","href":"https:\/\/api.w.org\/{rel}","templated":true}]}}